{"id":957,"date":"2020-01-06T00:16:39","date_gmt":"2020-01-05T23:16:39","guid":{"rendered":"http:\/\/www.allesisteins.com\/?page_id=957"},"modified":"2021-01-06T01:16:45","modified_gmt":"2021-01-06T00:16:45","slug":"schone-dinge","status":"publish","type":"page","link":"https:\/\/www.allesisteins.com\/?page_id=957","title":{"rendered":"Sch\u00f6ne Dinge"},"content":{"rendered":"<p>&nbsp;<\/p>\n<figure id=\"attachment_632\" aria-describedby=\"caption-attachment-632\" style=\"width: 135px\" class=\"wp-caption alignleft\"><img loading=\"lazy\" decoding=\"async\" class=\"size-thumbnail wp-image-632\" title=\"Sonnenblume\" src=\"https:\/\/www.allesisteins.com\/wp-content\/uploads\/2009\/10\/Sonnenblume-135x150.jpg\" alt=\"Sonnenblume\" width=\"135\" height=\"150\" \/><figcaption id=\"caption-attachment-632\" class=\"wp-caption-text\">Sonnenblume<\/figcaption><\/figure>\n<figure id=\"attachment_636\" aria-describedby=\"caption-attachment-636\" style=\"width: 135px\" class=\"wp-caption alignright\"><img loading=\"lazy\" decoding=\"async\" class=\"size-thumbnail wp-image-636\" title=\"Blumen\" src=\"https:\/\/www.allesisteins.com\/wp-content\/uploads\/2009\/10\/Blumen-135x150.jpg\" alt=\"Blumen\" width=\"135\" height=\"150\" \/><figcaption id=\"caption-attachment-636\" class=\"wp-caption-text\">Blumen<\/figcaption><\/figure>\n<p style=\"text-align: center;\"><a href=\"https:\/\/www.allesisteins.com\/wp-content\/uploads\/2009\/10\/GeschwindderErde.pps\">Geschwindigkeit der Erde<\/a><\/p>\n<p style=\"text-align: center;\"><a href=\"https:\/\/www.allesisteins.com\/wp-content\/uploads\/2009\/10\/WasIstLeben.pps\">Was ist Leben<\/a><\/p>\n<p style=\"text-align: center;\"><a href=\"https:\/\/www.allesisteins.com\/wp-content\/uploads\/2009\/10\/WerDuBist.pps\">Wer Du bist<\/a><\/p>\n<p style=\"text-align: center;\"><a href=\"https:\/\/www.allesisteins.com\/wp-content\/uploads\/2009\/10\/TheWiseOldMan.pps\">Der weise alte Mann<\/a><\/p>\n<p style=\"text-align: center;\"><a href=\"https:\/\/www.allesisteins.com\/wp-content\/uploads\/2009\/10\/DerSprung.pps\">Der Sprung<\/a><\/p>\n<p style=\"text-align: center;\"><a href=\"https:\/\/www.allesisteins.com\/wp-content\/uploads\/2009\/10\/IlSilenzio.pps\">Ein sch\u00f6nes Leben<\/a><\/p>\n<p style=\"text-align: center;\"><a href=\"https:\/\/www.allesisteins.com\/wp-content\/uploads\/2009\/10\/CarpeDiem.pps\">Nutze den Tag<\/a><\/p>\n<p style=\"text-align: center;\"><a href=\"https:\/\/www.allesisteins.com\/wp-content\/uploads\/2009\/10\/GeheDeinenWeg.pps\">Gehe deinen Weg<\/a><\/p>\n<hr \/>\n<p><strong>Ein bisschen Musik?<\/strong><\/p>\n<p>\u2013 <a href=\"https:\/\/www.allesisteins.com\/wp-content\/uploads\/2010\/08\/06-Erics-Theme.wma\">Eric\u00b4s Theme<\/a>\u00a0\u00a0\u00a0\u00a0\u00a0\u00a0\u00a0\u00a0\u00a0\u00a0\u00a0\u00a0\u00a0\u00a0\u00a0\u00a0\u00a0\u00a0\u00a0\u00a0\u00a0\u00a0\u00a0\u00a0\u00a0\u00a0\u00a0\u00a0\u00a0\u00a0\u00a0\u00a0\u00a0\u00a0\u00a0\u00a0\u00a0\u00a0\u00a0\u00a0\u00a0\u00a0\u00a0\u00a0\u00a0\u00a0\u00a0\u00a0\u00a0\u00a0\u00a0\u00a0\u00a0 \u2013 <a href=\"https:\/\/www.allesisteins.com\/wp-content\/uploads\/2010\/08\/03-Vuelta-Mix.wma\">Vuelta<\/a>\u00a0\u00a0\u00a0\u00a0\u00a0\u00a0\u00a0\u00a0\u00a0\u00a0\u00a0\u00a0\u00a0\u00a0\u00a0\u00a0\u00a0\u00a0\u00a0\u00a0\u00a0\u00a0\u00a0\u00a0\u00a0\u00a0\u00a0\u00a0\u00a0\u00a0\u00a0\u00a0\u00a0\u00a0\u00a0\u00a0 \u00a0\u00a0\u00a0\u00a0 \u00a0\u00a0\u00a0\u00a0\u00a0\u00a0\u00a0\u00a0\u00a0 \u00a0\u00a0\u00a0\u00a0\u00a0\u00a0\u00a0\u00a0\u00a0\u00a0\u00a0\u00a0\u00a0\u00a0\u00a0 \u2013 <a href=\"https:\/\/www.allesisteins.com\/wp-content\/uploads\/2010\/08\/02-ALMERIA.wma\">Almeria<\/a><br \/>\n\u2013 <a href=\"https:\/\/www.allesisteins.com\/wp-content\/uploads\/2010\/08\/12-Baby-Mix.wma\">Baby<\/a>\u00a0\u00a0\u00a0\u00a0\u00a0\u00a0\u00a0\u00a0\u00a0\u00a0\u00a0\u00a0\u00a0\u00a0\u00a0\u00a0\u00a0\u00a0\u00a0\u00a0\u00a0\u00a0\u00a0\u00a0\u00a0\u00a0\u00a0\u00a0\u00a0\u00a0\u00a0\u00a0\u00a0\u00a0\u00a0\u00a0\u00a0\u00a0\u00a0\u00a0\u00a0\u00a0\u00a0\u00a0\u00a0\u00a0\u00a0\u00a0\u00a0\u00a0\u00a0\u00a0\u00a0\u00a0\u00a0\u00a0\u00a0\u00a0\u00a0\u00a0\u00a0\u00a0\u00a0\u00a0\u00a0\u00a0 \u2013 <a href=\"https:\/\/www.allesisteins.com\/wp-content\/uploads\/2010\/08\/14-Chiquita-Mix.wma\">Libre<\/a>\u00a0\u00a0\u00a0\u00a0\u00a0\u00a0\u00a0\u00a0\u00a0\u00a0\u00a0\u00a0\u00a0\u00a0\u00a0\u00a0\u00a0\u00a0\u00a0\u00a0\u00a0\u00a0\u00a0\u00a0\u00a0\u00a0\u00a0\u00a0\u00a0\u00a0\u00a0\u00a0\u00a0\u00a0\u00a0\u00a0\u00a0\u00a0\u00a0\u00a0\u00a0\u00a0\u00a0 \u00a0\u00a0 \u00a0\u00a0\u00a0\u00a0\u00a0\u00a0\u00a0\u00a0\u00a0\u00a0\u00a0\u00a0\u00a0\u00a0\u00a0\u00a0\u00a0\u00a0\u00a0\u00a0\u00a0\u00a0 \u2013 <a href=\"https:\/\/www.allesisteins.com\/wp-content\/uploads\/2010\/08\/10-IDUZKIA.wma\">Iduzkia<\/a><br \/>\n\u2013 <a href=\"https:\/\/www.allesisteins.com\/wp-content\/uploads\/2010\/08\/07-Jesu-Joy.wma\">Jesus Joy<\/a>\u00a0\u00a0\u00a0\u00a0\u00a0\u00a0\u00a0\u00a0\u00a0\u00a0\u00a0\u00a0\u00a0\u00a0\u00a0\u00a0\u00a0\u00a0\u00a0\u00a0\u00a0\u00a0\u00a0\u00a0\u00a0\u00a0\u00a0\u00a0\u00a0\u00a0\u00a0\u00a0\u00a0\u00a0\u00a0\u00a0\u00a0\u00a0\u00a0\u00a0\u00a0 \u00a0\u00a0\u00a0\u00a0\u00a0\u00a0\u00a0\u00a0\u00a0\u00a0\u00a0\u00a0\u00a0\u00a0\u00a0\u00a0\u00a0 \u2013 <a href=\"https:\/\/www.allesisteins.com\/wp-content\/uploads\/2010\/08\/09-Cacharpaya.wma\">Cacharpaya<\/a>\u00a0\u00a0\u00a0\u00a0\u00a0\u00a0\u00a0\u00a0\u00a0\u00a0\u00a0\u00a0\u00a0\u00a0\u00a0\u00a0\u00a0\u00a0\u00a0\u00a0\u00a0\u00a0\u00a0\u00a0\u00a0\u00a0\u00a0\u00a0\u00a0\u00a0\u00a0\u00a0\u00a0\u00a0\u00a0\u00a0\u00a0\u00a0\u00a0\u00a0\u00a0\u00a0 \u00a0\u00a0\u00a0\u00a0\u00a0\u00a0\u00a0\u00a0\u00a0\u00a0\u00a0\u00a0\u00a0\u00a0 \u2013 <a href=\"https:\/\/www.allesisteins.com\/wp-content\/uploads\/2010\/08\/11-la-petite.wma\">La Petite<\/a><br \/>\n\u2013 <a href=\"https:\/\/www.allesisteins.com\/wp-content\/uploads\/2010\/08\/06-Celestial-Harmony.wma\">Celestial<\/a>\u00a0\u00a0\u00a0\u00a0\u00a0\u00a0\u00a0\u00a0\u00a0\u00a0\u00a0\u00a0\u00a0\u00a0\u00a0\u00a0\u00a0\u00a0\u00a0\u00a0\u00a0\u00a0\u00a0\u00a0\u00a0\u00a0\u00a0\u00a0\u00a0\u00a0\u00a0\u00a0\u00a0\u00a0\u00a0\u00a0\u00a0\u00a0\u00a0\u00a0\u00a0\u00a0\u00a0\u00a0\u00a0\u00a0\u00a0\u00a0\u00a0 \u00a0\u00a0\u00a0\u00a0\u00a0\u00a0\u00a0\u00a0\u00a0\u00a0\u00a0 \u2013 <a href=\"https:\/\/www.allesisteins.com\/wp-content\/uploads\/2010\/08\/02-Eternal-Spring.wma\">Spring<\/a>\u00a0\u00a0\u00a0\u00a0\u00a0\u00a0\u00a0\u00a0\u00a0\u00a0\u00a0\u00a0\u00a0\u00a0\u00a0\u00a0\u00a0\u00a0\u00a0\u00a0\u00a0\u00a0\u00a0\u00a0\u00a0\u00a0\u00a0\u00a0\u00a0\u00a0\u00a0\u00a0\u00a0\u00a0\u00a0\u00a0\u00a0\u00a0\u00a0\u00a0\u00a0\u00a0\u00a0\u00a0\u00a0\u00a0\u00a0\u00a0\u00a0\u00a0\u00a0\u00a0\u00a0\u00a0\u00a0\u00a0\u00a0\u00a0\u00a0\u00a0\u00a0\u00a0\u00a0\u00a0\u00a0\u00a0 \u2013 <a href=\"https:\/\/www.allesisteins.com\/wp-content\/uploads\/2010\/08\/05-The-Son.wma\">Drums<\/a><\/p>\n<hr \/>\n<h2 style=\"text-align: center;\">Mut<\/h2>\n<p style=\"text-align: center;\"><strong>Die Freude, gef\u00e4hrlich zu leben<\/strong><\/p>\n<p style=\"text-align: center;\">Mut bedeutet nicht, frei zu sein von Angst, sondern vielmehr,<br \/>\nsich im vollen Bewusstsein seiner \u00c4ngste mit ihnen zu konfrontieren.<br \/>\nMut ist die Bereitschaft, der fundamentalen Unsicherheit des Lebens zu begegnen<br \/>\nund sie als das grundlegende Mysterium unserer Existenz zu achten.<br \/>\nOsho fordert dazu auf, jeden Augenblick des Lebens in all seiner Sch\u00f6nheit und Freude,<br \/>\nwie auch in seinem Schrecken und Schmerz bewusst zu erfahren &#8211; denn<br \/>\nes gibt nichts zu f\u00fcrchten!<\/p>\n<p style=\"text-align: center;\">Gefunden auf: <a href=\"http:\/\/happy-.npage.de\/coaching-mut-die-freude-gefaehrlich-zu-leben.html\">Happy Seite &#8211; Coaching &#8211; Video-Clip<\/a><\/p>\n<hr \/>\n<h2 style=\"text-align: center;\">Alles ist eins?<\/h2>\n<p style=\"text-align: center;\"><strong>Die Mausefalle<\/strong><\/p>\n<p style=\"text-align: center;\">Auf einem Bauernhof lebte eine kleine, kluge Maus, die mit ihren Knopfaugen alles gut<br \/>\nbeobachtete. So nahm sie eines Tages wahr, dass der Bauer Mausefallen aufstellte und witterte<br \/>\nGefahr. Sofort begab sie sich zu den anderen Tieren, um sie zu warnen.<br \/>\nDoch die nahmen ihre Worte nicht ernst. \u201eMach nicht so ein Geschrei\u201c, wies das Huhn sie zurecht,<br \/>\n\u201eeine Mausefalle mag f\u00fcr dich ein Problem sein, jedoch keinesfalls f\u00fcr mich!\u201c<br \/>\nDas Schaf zeigte wenigstens Mitgef\u00fchl, indem es sagte: \u201eIch f\u00fchle mit dir und werde heute Abend<br \/>\nf\u00fcr dich beten, doch mich betrifft das nicht.\u201c<br \/>\nSchlie\u00dflich blieb noch die Kuh, die sie verstehen k\u00f6nnte. Doch auch die war abweisend. Sie<br \/>\nlachte nur: \u201eMeinst du, eine Mausefalle k\u00f6nnte mir etwas anhaben? Hahaha! Was also habe ich<br \/>\ndamit zu tun?\u201c<br \/>\nDa sie nirgendwo ein offenes Ohr fand und erst recht keine Hilfe erwarten konnte, trippelte sie<br \/>\nbedr\u00fcckt in ihr Mauseloch zur\u00fcck und versteckte sich dort in der hintersten Ecke. Schlafen konnte<br \/>\nsie vor lauter Aufregung nicht.<br \/>\nSo kam es, dass sie am fr\u00fchen Morgen ein Poltern h\u00f6rte \u2013 die Mausefalle war zugeschnappt.<br \/>\nKurz darauf kam die B\u00e4uerin in die K\u00fcche, die das Ger\u00e4usch auch geh\u00f6rt hatte und nun sehen<br \/>\nwollte, ob die Maus get\u00f6tet war. Im Dunkeln sah sie zun\u00e4chst nicht, dass die Falle lediglich den<br \/>\nSchwanz einer giftigen Schlange erwischt hatte. Ehe sie das Licht einschalten konnte, wurde sie<br \/>\nvon der Schlange gebissen und fing laut an zu schreien.<br \/>\nSofort st\u00fcrzte der Bauer in die K\u00fcche, sah, was geschehen war und fuhr seine Frau ins<br \/>\nKrankenhaus, wo sie behandelt wurde und den giftigen Biss \u00fcberlebte. Nur das Fieber wollte nicht<br \/>\nweichen. Deshalb beschloss er, das Huhn zu t\u00f6ten, um ihr eine kr\u00e4ftige Br\u00fche zu kochen.<br \/>\nAls die Bauersfrau wieder ganz gesund war, wurden alle Nachbarn eingeladen, und es gab ein<br \/>\ngro\u00dfes Fest. Dazu musste er allerdings sein Schaf schlachten.<br \/>\nAls dann die Krankenhausrechnung kam, sah sich der Bauer gen\u00f6tigt, die Kuh zum Schlachthof<br \/>\nzu bringen, um von dem Erl\u00f6s alles bezahlen zu k\u00f6nnen.<br \/>\nDie kleine, kluge Maus hatte all die Geschehnisse genau beobachtet und machte sich nun ihre<br \/>\neigenen Gedanken:<br \/>\n\u201eWarum nur haben sie meine Warnung nicht ernst genommen? Warum haben sie nicht begriffen,<br \/>\ndass ein Problem\u00a0\u2013 das einer von uns hat \u2013\u00a0auch alle anderen in Gefahr bringen kann?\u201c<\/p>\n<p style=\"text-align: center;\">\u2013 Autor unbekannt \u2013<\/p>\n<hr \/>\n<h2 style=\"text-align: center;\">Von den Kindern<\/h2>\n<p style=\"text-align: center;\"><strong>\u2013 Khalil Gibran \u2013<\/strong><\/p>\n<p style=\"text-align: center;\">Eure Kinder sind nicht eure Kinder \u2013<br \/>\nsie sind die S\u00f6hne und T\u00f6chter der Sehnsucht des Lebens nach sich selber.<br \/>\nSie kommen durch euch, aber nicht von euch \u2013<br \/>\nund obwohl sie mit euch sind, geh\u00f6ren sie euch doch nicht.<br \/>\nIhr d\u00fcrft ihnen eure Liebe geben, aber nicht eure Gedanken,<br \/>\ndenn sie haben ihre eigenen Gedanken.<br \/>\nIhr d\u00fcrft ihren K\u00f6rpern ein Haus geben, aber nicht ihren Seelen,<br \/>\ndenn ihre Seelen wohnen im Haus von morgen,<br \/>\ndas ihr nicht besuchen k\u00f6nnt \u2013 nicht einmal in euren Tr\u00e4umen.<br \/>\nIhr d\u00fcrft euch bem\u00fchen wie sie zu sein, aber versucht nicht,<br \/>\nsie euch \u00e4hnlich zu machen \u2013<br \/>\ndenn das Leben l\u00e4uft nicht r\u00fcckw\u00e4rts, noch verweilt es im Gestern.<br \/>\nIhr seid die Bogen, von denen eure Kinder als lebende Pfeile ausgeschickt werden.<br \/>\nDer Sch\u00fctze sieht das Ziel auf dem Pfad der Unendlichkeit<br \/>\nund er spannt euch mit seiner Macht \u2013<br \/>\ndamit seine Pfeile schnell und weit fliegen.<br \/>\nLasst euren Bogen von der Hand des Sch\u00fctzen auf Freude gerichtet sein \u2013<br \/>\ndenn so wie er den Pfeil liebt, der fliegt, so liebt er auch den Bogen, der fest ist.<\/p>\n<hr \/>\n<h2 style=\"text-align: center;\">Gewissheit<\/h2>\n<p style=\"text-align: center;\"><strong>Alles liegt in Dir.<\/strong><\/p>\n<p style=\"text-align: center;\">Wenn Du denkst, dass Du geschlagen bist,<br \/>\ndann bist Du geschlagen.<br \/>\nWenn Du denkst, dass Du\u00b4s nicht wagst,<br \/>\nwirst Du nicht wagen.<br \/>\nWenn du gewinnen m\u00f6chtest, aber denkst, dass Du`s nicht kannst,<br \/>\nist es fast unm\u00f6glich, dass Du es schaffen wirst.<br \/>\nWenn du denkst, dass Du verlieren wirst, hast Du verloren.<br \/>\nDenn in der Welt drau\u00dfen wirst Du sehen,<br \/>\ndass der Erfolg mit dem <strong>Willen<\/strong> eines Menschen beginnt.<\/p>\n<p style=\"text-align: center;\"><strong>Alles liegt in Dir.<\/strong><\/p>\n<p style=\"text-align: center;\">Schon oft wurde ein Lauf verloren,<br \/>\nbevor auch nur ein Schritt getan wurde,<br \/>\nund manch ein Feigling hat versagt,<br \/>\nbevor sein Werk auch nur begann.<\/p>\n<p style=\"text-align: center;\">Denke gro\u00df und Deine Taten werden wachsen.<br \/>\nDenke klein und Du wirst zur\u00fcckbleiben.<br \/>\nDenke, dass Du kannst und Du wirst k\u00f6nnen.<\/p>\n<p style=\"text-align: center;\"><strong>Alles liegt in Dir.<\/strong><\/p>\n<p style=\"text-align: center;\">Wenn Du denkst, dass Du ausgesto\u00dfen bist,<br \/>\ndann bist Du es.<br \/>\nDu musst hoch denken, um aufzusteigen.<br \/>\nDu musst von Dir \u00fcberzeugt sein,<br \/>\nbevor Du jemals einen Preis gewinnst.<\/p>\n<p style=\"text-align: center;\">Des Lebens K\u00e4mpfe werden nicht immer<br \/>\nvon den St\u00e4rkeren und Schnelleren gef\u00fchrt,<br \/>\naber fr\u00fcher oder sp\u00e4ter gilt:<br \/>\nDer Mensch, der gewinnt, ist der, der denkt, er <strong>kann<\/strong>.<\/p>\n<p style=\"text-align: center;\">\u2013 Autor unbekannt \u2013<\/p>\n<p style=\"text-align: center;\">Eine, der etwas l\u00e4ngeren aber sch\u00f6nen Affirmationen \ud83d\ude09<\/p>\n<hr \/>\n<h2 style=\"text-align: center;\">Mut zur Ver\u00e4nderung<\/h2>\n<p style=\"text-align: center;\">Ver\u00e4ndere Dich, ver\u00e4ndere Deinen Blick,<br \/>\ndas ist der erste Schritt hin zum Gl\u00fcck.<br \/>\nBequemlichkeit treibt zur Gewohnheit hin,<br \/>\ndoch bedeutet die wirklich des Lebens Sinn?<\/p>\n<p style=\"text-align: center;\">In alten vertrauten Schienen zu laufen,<br \/>\nsich wegen Allem und Jedem die Haare raufen.<br \/>\nOder vielleicht doch den Schritt zu wagen<br \/>\nund freudig JA in die Welt hinaus tragen.<\/p>\n<p style=\"text-align: center;\">\u00d6ffne die Fenster und \u00f6ffne Dein Herz,<br \/>\nmach \u00fcber Fehler einen kleinen Scherz.<br \/>\nDann werden sie, bei Lichte betrachtet,<br \/>\nnur \u201ePeanuts\u201c, die keiner beachtet.<\/p>\n<p style=\"text-align: center;\">Der Tr\u00fcbsinn, den Du Dir ob ihrer machst,<br \/>\nist der \u00fcber den Du morgen schon lachst.<br \/>\nWenn Du sie erkennst und mit Lichte bedenkst,<br \/>\nsie damit auf den Weg der Ver\u00e4nderung lenkst.<\/p>\n<p style=\"text-align: center;\">Drum sieh nicht den Schatten, schau auf das Licht,<br \/>\ndenn ohne dieses g\u00e4be es das Grau ja wohl nicht.<br \/>\nMach einen Schritt aus Dir selber heraus,<br \/>\nlass Licht und Liebe in Dein inneres Haus.<\/p>\n<p style=\"text-align: center;\">\u2013 Autor unbekannt \u2013<\/p>\n<hr \/>\n<h2 style=\"text-align: center;\">Selbstliebe<\/h2>\n<p style=\"text-align: center;\"><strong>\u2013 von Charlie Chaplin an seinem 70. Geburtstag (16. April 1959) \u2013<\/strong><\/p>\n<p style=\"text-align: center;\">Als ich mich wirklich selbst zu lieben begann,<br \/>\nkonnte ich erkennen, dass emotionaler Schmerz und Leid<br \/>\nnur Warnungen f\u00fcr mich sind, gegen meine eigene Wahrheit zu leben.<br \/>\nHeute wei\u00df ich, das nennt man<br \/>\n\u201cAuthentisch-Sein\u201d.<\/p>\n<p style=\"text-align: center;\">Als ich mich wirklich selbst zu lieben begann,<br \/>\nhabe ich verstanden, wie sehr es jemanden besch\u00e4mt,<br \/>\nihm meine W\u00fcnsche aufzuzwingen, obwohl ich wusste,<br \/>\ndass weder die Zeit reif, noch der Mensch dazu bereit war,<br \/>\nauch wenn ich selbst dieser Mensch war.<br \/>\nHeute wei\u00df, das nennt man<br \/>\n\u201cSelbstachtung\u201d.<\/p>\n<p style=\"text-align: center;\">Als ich mich wirklich selbst zu lieben begann,<br \/>\nhabe ich aufgeh\u00f6rt, mich nach einem anderen Leben zu sehnen,<br \/>\nund konnte sehen, dass alles um mich herum<br \/>\neine Aufforderung zum Wachsen war.<br \/>\nHeute wei\u00df ich, das nennt man<br \/>\n\u201cReife\u201d.<\/p>\n<p style=\"text-align: center;\">Als ich mich wirklich selbst zu lieben begann,<br \/>\nhabe ich verstanden, dass ich immer und bei jeder Gelegenheit,<br \/>\nzur richtigen Zeit am richtigen Ort bin<br \/>\nund dass alles, was geschieht, richtig ist<br \/>\n\u2013 von da an konnte ich ruhig sein.<br \/>\nHeute wei\u00df ich, das nennt sich<br \/>\n\u201cSelbstachtung\u201d.<\/p>\n<p style=\"text-align: center;\">Als ich mich wirklich selbst zu lieben begann,<br \/>\nhabe ich aufgeh\u00f6rt, mich meiner freien Zeit zu berauben<br \/>\nund ich habe aufgeh\u00f6rt, weiter grandiose Projekte<br \/>\nf\u00fcr die Zukunft zu entwerfen.<br \/>\nHeute mache ich nur das, was mir Spa\u00df und Freude bereitet,<br \/>\nwas ich liebe und mein Herz zum Lachen bringt,<br \/>\nauf meine eigene Art und Weise und in meinem Tempo.<br \/>\nHeute wei\u00df ich, das nennt man<br \/>\n\u201cEhrlichkeit\u201d.<\/p>\n<p style=\"text-align: center;\">Als ich mich wirklich selbst zu lieben begann,<br \/>\nhabe ich mich von allem befreit, was nicht gesund f\u00fcr mich war.<br \/>\nVon Speisen, Menschen, Dingen, Situationen und von allem,<br \/>\ndas mich immer wieder hinunterzog, weg von mir selbst.<br \/>\nAnfangs nannte ich das \u201cgesunden Egoismus\u201d,<br \/>\naber heute wei\u00df ich, das ist<br \/>\n\u201cSelbstliebe\u201d.<\/p>\n<p style=\"text-align: center;\">Als ich mich wirklich selbst zu lieben begann,<br \/>\nhabe ich aufgeh\u00f6rt, immer recht haben zu wollen,<br \/>\nso habe ich mich weniger geirrt.<br \/>\nHeute habe ich erkannt,<br \/>\ndas nennt man<br \/>\n\u201cEinfach-Sein\u201d.<\/p>\n<p style=\"text-align: center;\">Als ich mich wirklich selbst zu lieben begann,<br \/>\nda erkannte ich, dass mich mein Denken armselig und krank machen kann,<br \/>\nals ich jedoch meine Herzenskr\u00e4fte anforderte,<br \/>\nbekam der Verstand einen wichtigen Partner,<br \/>\ndiese Verbindung nenne ich heute<br \/>\n\u201cHerzensweisheit\u201d.<\/p>\n<p style=\"text-align: center;\">Wir brauchen uns nicht weiter vor Auseinandersetzungen,<br \/>\nKonflikten und Problemen mit uns selbst und anderen f\u00fcrchten,<br \/>\ndenn sogar Sterne knallen manchmal aufeinander<br \/>\nund es entstehen neue Welten.<br \/>\nHeute wei\u00df ich,<br \/>\ndas ist das Leben!<\/p>\n<p>&nbsp;<\/p>\n<p style=\"text-align: left;\"><a href=\"https:\/\/www.allesisteins.com\/?page_id=957#top\">Nach oben<\/a><\/p>\n","protected":false},"excerpt":{"rendered":"<p>&nbsp; Geschwindigkeit der Erde Was ist Leben Wer Du bist Der weise alte Mann Der Sprung Ein sch\u00f6nes Leben Nutze den Tag Gehe deinen Weg Ein bisschen Musik? \u2013 Eric\u00b4s Theme\u00a0\u00a0\u00a0\u00a0\u00a0\u00a0\u00a0\u00a0\u00a0\u00a0\u00a0\u00a0\u00a0\u00a0\u00a0\u00a0\u00a0\u00a0\u00a0\u00a0\u00a0\u00a0\u00a0\u00a0\u00a0\u00a0\u00a0\u00a0\u00a0\u00a0\u00a0\u00a0\u00a0\u00a0\u00a0\u00a0\u00a0\u00a0\u00a0\u00a0\u00a0\u00a0\u00a0\u00a0\u00a0\u00a0\u00a0\u00a0\u00a0\u00a0\u00a0\u00a0\u00a0 \u2013 Vuelta\u00a0\u00a0\u00a0\u00a0\u00a0\u00a0\u00a0\u00a0\u00a0\u00a0\u00a0\u00a0\u00a0\u00a0\u00a0\u00a0\u00a0\u00a0\u00a0\u00a0\u00a0\u00a0\u00a0\u00a0\u00a0\u00a0\u00a0\u00a0\u00a0\u00a0\u00a0\u00a0\u00a0\u00a0\u00a0\u00a0 \u00a0\u00a0\u00a0\u00a0 \u00a0\u00a0\u00a0\u00a0\u00a0\u00a0\u00a0\u00a0\u00a0 \u00a0\u00a0\u00a0\u00a0\u00a0\u00a0\u00a0\u00a0\u00a0\u00a0\u00a0\u00a0\u00a0\u00a0\u00a0 \u2013 Almeria \u2013 Baby\u00a0\u00a0\u00a0\u00a0\u00a0\u00a0\u00a0\u00a0\u00a0\u00a0\u00a0\u00a0\u00a0\u00a0\u00a0\u00a0\u00a0\u00a0\u00a0\u00a0\u00a0\u00a0\u00a0\u00a0\u00a0\u00a0\u00a0\u00a0\u00a0\u00a0\u00a0\u00a0\u00a0\u00a0\u00a0\u00a0\u00a0\u00a0\u00a0\u00a0\u00a0\u00a0\u00a0\u00a0\u00a0\u00a0\u00a0\u00a0\u00a0\u00a0\u00a0\u00a0\u00a0\u00a0\u00a0\u00a0\u00a0\u00a0\u00a0\u00a0\u00a0\u00a0\u00a0\u00a0\u00a0\u00a0 \u2013 Libre\u00a0\u00a0\u00a0\u00a0\u00a0\u00a0\u00a0\u00a0\u00a0\u00a0\u00a0\u00a0\u00a0\u00a0\u00a0\u00a0\u00a0\u00a0\u00a0\u00a0\u00a0\u00a0\u00a0\u00a0\u00a0\u00a0\u00a0\u00a0\u00a0\u00a0\u00a0\u00a0\u00a0\u00a0\u00a0\u00a0\u00a0\u00a0\u00a0\u00a0\u00a0\u00a0\u00a0 \u00a0\u00a0 \u00a0\u00a0\u00a0\u00a0\u00a0\u00a0\u00a0\u00a0\u00a0\u00a0\u00a0\u00a0\u00a0\u00a0\u00a0\u00a0\u00a0\u00a0\u00a0\u00a0\u00a0\u00a0 \u2013 Iduzkia \u2013 Jesus Joy\u00a0\u00a0\u00a0\u00a0\u00a0\u00a0\u00a0\u00a0\u00a0\u00a0\u00a0\u00a0\u00a0\u00a0\u00a0\u00a0\u00a0\u00a0\u00a0\u00a0\u00a0\u00a0\u00a0\u00a0\u00a0\u00a0\u00a0\u00a0\u00a0\u00a0\u00a0\u00a0\u00a0\u00a0\u00a0\u00a0\u00a0\u00a0\u00a0\u00a0\u00a0 \u00a0\u00a0\u00a0\u00a0\u00a0\u00a0\u00a0\u00a0\u00a0\u00a0\u00a0\u00a0\u00a0\u00a0\u00a0\u00a0\u00a0 \u2013 Cacharpaya\u00a0\u00a0\u00a0\u00a0\u00a0\u00a0\u00a0\u00a0\u00a0\u00a0\u00a0\u00a0\u00a0\u00a0\u00a0\u00a0\u00a0\u00a0\u00a0\u00a0\u00a0\u00a0\u00a0\u00a0\u00a0\u00a0\u00a0\u00a0\u00a0\u00a0\u00a0\u00a0\u00a0\u00a0\u00a0\u00a0\u00a0\u00a0\u00a0\u00a0\u00a0\u00a0 \u00a0\u00a0\u00a0\u00a0\u00a0\u00a0\u00a0\u00a0\u00a0\u00a0\u00a0\u00a0\u00a0\u00a0 \u2013 La [&hellip;]<\/p>\n","protected":false},"author":1,"featured_media":0,"parent":15,"menu_order":10,"comment_status":"closed","ping_status":"open","template":"","meta":{"site-sidebar-layout":"default","site-content-layout":"","ast-site-content-layout":"default","site-content-style":"default","site-sidebar-style":"default","ast-global-header-display":"","ast-banner-title-visibility":"","ast-main-header-display":"","ast-hfb-above-header-display":"","ast-hfb-below-header-display":"","ast-hfb-mobile-header-display":"","site-post-title":"","ast-breadcrumbs-content":"","ast-featured-img":"","footer-sml-layout":"","ast-disable-related-posts":"","theme-transparent-header-meta":"","adv-header-id-meta":"","stick-header-meta":"","header-above-stick-meta":"","header-main-stick-meta":"","header-below-stick-meta":"","astra-migrate-meta-layouts":"default","ast-page-background-enabled":"default","ast-page-background-meta":{"desktop":{"background-color":"var(--ast-global-color-4)","background-image":"","background-repeat":"repeat","background-position":"center center","background-size":"auto","background-attachment":"scroll","background-type":"","background-media":"","overlay-type":"","overlay-color":"","overlay-opacity":"","overlay-gradient":""},"tablet":{"background-color":"","background-image":"","background-repeat":"repeat","background-position":"center center","background-size":"auto","background-attachment":"scroll","background-type":"","background-media":"","overlay-type":"","overlay-color":"","overlay-opacity":"","overlay-gradient":""},"mobile":{"background-color":"","background-image":"","background-repeat":"repeat","background-position":"center center","background-size":"auto","background-attachment":"scroll","background-type":"","background-media":"","overlay-type":"","overlay-color":"","overlay-opacity":"","overlay-gradient":""}},"ast-content-background-meta":{"desktop":{"background-color":"var(--ast-global-color-5)","background-image":"","background-repeat":"repeat","background-position":"center center","background-size":"auto","background-attachment":"scroll","background-type":"","background-media":"","overlay-type":"","overlay-color":"","overlay-opacity":"","overlay-gradient":""},"tablet":{"background-color":"var(--ast-global-color-5)","background-image":"","background-repeat":"repeat","background-position":"center center","background-size":"auto","background-attachment":"scroll","background-type":"","background-media":"","overlay-type":"","overlay-color":"","overlay-opacity":"","overlay-gradient":""},"mobile":{"background-color":"var(--ast-global-color-5)","background-image":"","background-repeat":"repeat","background-position":"center center","background-size":"auto","background-attachment":"scroll","background-type":"","background-media":"","overlay-type":"","overlay-color":"","overlay-opacity":"","overlay-gradient":""}},"footnotes":""},"class_list":["post-957","page","type-page","status-publish","hentry"],"_links":{"self":[{"href":"https:\/\/www.allesisteins.com\/index.php?rest_route=\/wp\/v2\/pages\/957","targetHints":{"allow":["GET"]}}],"collection":[{"href":"https:\/\/www.allesisteins.com\/index.php?rest_route=\/wp\/v2\/pages"}],"about":[{"href":"https:\/\/www.allesisteins.com\/index.php?rest_route=\/wp\/v2\/types\/page"}],"author":[{"embeddable":true,"href":"https:\/\/www.allesisteins.com\/index.php?rest_route=\/wp\/v2\/users\/1"}],"replies":[{"embeddable":true,"href":"https:\/\/www.allesisteins.com\/index.php?rest_route=%2Fwp%2Fv2%2Fcomments&post=957"}],"version-history":[{"count":0,"href":"https:\/\/www.allesisteins.com\/index.php?rest_route=\/wp\/v2\/pages\/957\/revisions"}],"up":[{"embeddable":true,"href":"https:\/\/www.allesisteins.com\/index.php?rest_route=\/wp\/v2\/pages\/15"}],"wp:attachment":[{"href":"https:\/\/www.allesisteins.com\/index.php?rest_route=%2Fwp%2Fv2%2Fmedia&parent=957"}],"curies":[{"name":"wp","href":"https:\/\/api.w.org\/{rel}","templated":true}]}}