{"id":901,"date":"2025-02-08T20:47:52","date_gmt":"2025-02-08T20:47:52","guid":{"rendered":"http:\/\/www.allesisteins.com\/?page_id=901"},"modified":"2025-02-08T20:48:06","modified_gmt":"2025-02-08T20:48:06","slug":"vegetarier-co","status":"publish","type":"page","link":"https:\/\/www.allesisteins.com\/?page_id=901","title":{"rendered":"Vegetarier &#038; Co."},"content":{"rendered":"<p>&nbsp;<\/p>\n<p><strong>Tja, die Vegetarier und ihre Untergruppen<\/strong> \ud83d\ude09<\/p>\n<p>Ohne diesen Menschen jetzt zu Nahe treten zu wollen \u2013 und ich meine das Folgende auch nicht b\u00f6se \u2013 aber irgendwie blenden diese Gruppen etwas aus, bzw. haben sich diese anscheinend noch nicht <strong>wirklich<\/strong> mit dem Thema Tod \/ T\u00f6ten auseinander gesetzt.<br \/>\nWie sonst kann man nur auf solch eigenartige Gedanken wie: \u201eich t\u00f6te keine Lebewesen\u201c, oder \u201eich esse nichts Totes\u201c kommen? (abgesehen davon, leben Vegetarier udgl. auch nicht \u201eges\u00fcnder\u201c, s. a. \u201e<a href=\"http:\/\/www.allesisteins.com\/?page_id=43\">Gentechnologie<\/a>\u201c, z.B. Soja\u00a0oder Tofu)<\/p>\n<p><strong>Sind Pflanzen denn keine Lebewesen?<\/strong><\/p>\n<p>Nur weil sie kein Nervensystem (allerdings ein Reizleitungssystem, was sehr \u00e4hnlich funktioniert!) und keinen Mund zum Schreien wie wir Menschen und Tiere haben, glauben Sie tats\u00e4chlich, dass Pflanzen nichts \u201eempfinden\u201c? Falls Sie Samen s\u00e4en (bzw. s\u00e4en lassen) wachsen und gedeihen Pflanzen doch auch \u2013 oder etwa nicht? M\u00fcssen Sie Pflanzen nicht gie\u00dfen und brauchen Pflanzen kein Licht? Reagieren denn Pflanzen nicht auf Temperaturschwankungen, bei Wassermangel oder beim Wechsel von Tag &amp; Nacht?<\/p>\n<p>Weiters, wenn wir mit einem h\u00e4rteren Gegenstand an Pflanzen (\u00c4pfel, Orangen, Paprika, Tomaten usw.) dran schlagen oder diese runter fallen (lassen), dann bekommen sie entsprechende Matsch- \/ Faulstellen, \u00e4hnlich wie\u00a0wir Menschen und Tiere einen blauen Fleck bzw. Bluterguss. Es platzen also auch hier\u00a0Zellen auf. Ebenso k\u00f6nnen Pflanzen von einem Pilz befallen werden (u. a. durch \u201efalsche Ern\u00e4hrung\u201c = D\u00fcnger, bzw. Mangel an bestimmten N\u00e4hrstoffen, s. Monokulturen) oder einen \u201eSonnenbrand\u201c erleiden.<br \/>\nWenn Sie einem Baum mehrere dicke \u00c4ste abschneiden, dann m\u00fcssen \/ sollten Sie diese \u201ewunden\u201c Stellen mit Pech oder \u00e4hnlichem verkleben, da er sonst aus-&#8222;blutet&#8220; (harzt) und befallen werden \/ absterben kann. Bei kleinen \u201eWunden\u201c kann dieser sich meist selber helfen \u2013 durch zuharzen. \u00c4hnlich einer Krustenbildung\u00a0bei Mensch &amp; Tier.<\/p>\n<p>Noch\u00a0ein\u00a0kleines Beispiel aus dem Leben der Flora: <a href=\"http:\/\/de.wikipedia.org\/wiki\/Akazien\">Akazien<\/a>\u00a0(aber auch andere Pflanzen) verf\u00fcgen \u00fcber ein geniales Kommunikationssystem. Werden diese n\u00e4mlich angeknabbert, sto\u00dfen sie einen bestimmten \u201eDuft\u201c aus und warnen somit ihre Nachbarb\u00e4ume vor Fressfeinden. Diese erh\u00f6hen dann wiederum drastisch ihren Tanningehalt, was dann neue Fressfeinde, wie z.B. Giraffen, abh\u00e4lt weiter zu knabbern. Anderen Pflanzen ist es allerdings auch m\u00f6glich, z.B. unterirdisch (\u00fcber Wurzeln), ihre selbst produzierten \u201eGifte\u201c und Botenstoffe in der Erde weiterzuleiten, um Nachbarpflanzen zu warnen, soda\u00df sie bestimmte Larven \/ Raupen\u00a0(z.B. Wurzelbohrer) vor dem Anfressen abhalten k\u00f6nnen. Jede Pflanze hat somit ihre eigene Strategie sich zu verteidigen. Falls nicht, dann herrscht irgendwo in der Natur \/ Umgebung ein Ungleichgewicht (z.B. Monokultur \u2013 Plantagen, vgl. Massentierhaltung \u2013 Impfungen)!<br \/>\n<span style=\"color: #ff0000;\"><strong>Hier noch etwas ausf\u00fchrlicher:<\/strong><\/span>\u00a0<a href=\"https:\/\/www.anderweltonline.com\/wissenschaft-und-technik\/wissenschaft-und-technik-2025\/am-pflanzenwesen-kann-der-mensch-genesen-pflanzenintelligenz-incognito\/\" target=\"_blank\" rel=\"noopener\"><strong>Am Pflanzenwesen kann der Mensch genesen: Pflanzenintelligenz incognito<\/strong><\/a><span style=\"color: #ff0000;\"><strong> (08.02.25)<\/strong><\/span>, <a href=\"http:\/\/www.youtube.com\/watch?v=nxtZVOC96m4\" target=\"_blank\" rel=\"noopener\">Kluge Pflanzen \u2013 Wie die wilden Tiere<\/a> (Clip 1v4), <a href=\"http:\/\/www.welt.de\/wissenschaft\/article1195905\/Pflanzen_mit_Gefuehl_Seele_und_Verstand.html\" target=\"_blank\" rel=\"noopener\">Pflanzen mit Gef\u00fchlen<\/a> (2007), <a href=\"http:\/\/www.wienerzeitung.at\/themen_channel\/wissen\/mensch\/?em_cnt=583139&amp;em_cnt_page=2\" target=\"_blank\" rel=\"noopener\">Sinneswahrnehmung nicht nur bei Tier &amp; Mensch, Absatz 4<\/a> (26.10.2013), <a href=\"http:\/\/www.blauen-institut.ch\/tx_blu\/tp\/tpf\/f_pflanzen_schmecken.pdf\" target=\"_blank\" rel=\"noopener\">Pflanzen, die \u201eriechen, &#8230;\u201c<\/a> (PDF, 1999)<br \/>\n<strong>Wirklich vergessen \u2013 oder nie erkannt, dass Pflanzen Lebewesen sind?<\/strong> \ud83d\udca1<\/p>\n<p>Oder \u2013 nur weil Gras oder einem Baum ein abgeschnittener Ast nachw\u00e4chst, meinen Sie, Pflanzen \u201eempfinden\u201c nichts?\u00a0Wie abwegig und eingeschr\u00e4nkt diese Betrachtungsweise. Warum gibt es dann eine Untergruppe bei den Vegetariern, die nur Fr\u00fcchte, K\u00f6rner,\u00a0Samen udgl. essen (Fruganer \/ Frutarier)? Weil sie angeblich nichts \u201eLebendes\u201c essen wollen, bzw. auch nicht t\u00f6ten wollen. Also sieht diese Untergruppe schon mal, dass Pflanzen leben! Immerhin \ud83d\ude09<br \/>\nAllerdings \u2013 wer sich nur von Samen udgl. ern\u00e4hrt, nimmt somit den evtl. daraus entstehenden Pflanzen auch das Leben, denn diese \u201elebendigen\u201c Samen k\u00f6nnen ja nicht mehr heranwachsen. Hm,\u00a0so ein Teufelskreis aber auch \u2013 ohne Samen keine Pflanzen und ohne Pflanzen keine Samen. Heieiei, \u2026.. also doch nur von Wasser, Luft &amp; Liebe leben? \ud83d\ude09<\/p>\n<p>Weiters, sind dann z.B. Eskimos schlechte Menschen, weil sie Robben udgl. f\u00fcr ihre Nahrungsaufnahme schlachten \u2013 oder Inselbewohner die vom Fischfang leben und kaum was anderes zum Essen haben? Sind Tiere wie: Krokodile, L\u00f6wen, B\u00e4ren, Raubv\u00f6gel usw. schlechte Tiere, weil sie andere Tiere zum \u00dcberleben rei\u00dfen?<br \/>\nW\u00e4re ja sonst ganz sch\u00f6n anma\u00dfend! Vegetarier zu sein, das muss man sich somit auch \u201eleisten\u201c k\u00f6nnen! \ud83d\ude2e<\/p>\n<p><strong>T\u00f6ten Vegetarier &amp; Co. denn nichts \u201eTierisches\u201c, wenn:<\/strong><\/p>\n<ul>\n<li>Sie mit dem Auto fahren und z.B. Fliegen, M\u00fccken, Bienen usw. auf der Frontscheibe kleben (oder sind das auch keine Lebewesen?),<\/li>\n<li>Sie auf der Stra\u00dfe oder auf einem Waldweg gehen und Ameisen, W\u00fcrmer und K\u00e4ferchen zertreten (nat\u00fcrlich meist unbeabsichtigt),<\/li>\n<li>Sie sich impfen lassen (Impfstoffherstellung mit H\u00fchnereiern),<\/li>\n<li>Sie sich schminken, parf\u00fcmieren und flei\u00dfig eincremen (Herstellung der Kosmetika durch tierischen Abfall),<\/li>\n<li>Sie in den Urlaub fliegen und V\u00f6gel in die Turbine kommen,<\/li>\n<li>Sie mit dem Motorboot o. \u00e4. \u00fcber\u00b4s Meer brettern und Fische in die Schraube kommen,<\/li>\n<li>Sie M\u00fccken erschlagen,\u00a0Zecken zerdr\u00fccken, Wespennester ausr\u00e4uchern, K\u00fcchenschaben bespritzen usw.,<\/li>\n<li><strong>Sie Insektizide auf Ihre Pflanzen (Obst &amp; Gem\u00fcse) spritzen (lassen),<\/strong><\/li>\n<li>Sie Medikamente einnehmen (Arzneimitteltestung bei Tieren, Pharmaforschung, &#8230;),<\/li>\n<li>usw. usw. ?<\/li>\n<\/ul>\n<p><span style=\"text-decoration: underline;\">Nun, anschlie\u00dfend eine \u00dcbung zum besseren Verst\u00e4ndnis:<\/span><\/p>\n<p>Schlie\u00dfen Sie mal die Augen, atmen sie paar Mal tief durch und entspannen Sie sich. Stellen Sie sich nun vor, Sie w\u00e4ren ein Getreidehalm (Weizen, Hafer oder was auch immer). Jetzt h\u00f6ren Sie von weiter weg ein leises Motorenger\u00e4usch. Dieses wird nun immer lauter und lauter, weil es immer n\u00e4her kommt. So langsam erkennen Sie, dass es sich um einen M\u00e4hdrescher handelt. Versuchen Sie wirklich das Gef\u00fchl zu sp\u00fcren und wahr zu nehmen.<br \/>\nEr kommt n\u00e4her und n\u00e4her und wird lauter und lauter. Sie wissen auch, dass Sie fest im Boden verankert sind. Sie k\u00f6nnen NICHT ausweichen! Das Gef\u00e4hrt kommt aber immer n\u00e4her. Sie k\u00f6nnen mittlerweile sogar die Messer h\u00f6ren. Der M\u00e4hdrescher ist nun nur noch einige Zentimeter von Ihnen entfernt \u2013 es gibt <strong>kein<\/strong> Entfliehen!<\/p>\n<p>Sp\u00e4testens jetzt sollten Sie mal auf Ihren Puls achten. \ud83d\ude09 Sind Sie jetzt immer noch der Meinung, dass Pflanzen nichts sp\u00fcren?<br \/>\nOder nehmen Sie einfach eine Karotte, und stellen sich vor, Sie stecken wie diese fest in der Erde, und ein \u2013 f\u00fcr Sie \u00fcbergro\u00dfes Wesen kommt auf Sie zu und will Sie samt Ihren Wurzeln dem Boden entrei\u00dfen. Meinen Sie wirklich, das sei angenehm?<\/p>\n<p>Was ich hiermit zum Ausdruck bringen will, ist, EGAL was wir essen, oder wie wir uns fortbewegen \u2013 WIR ALLE T\u00d6TEN, ob BEWUSST oder UNBEWUSST, ob GEWOLLT oder UNGEWOLLT!<\/p>\n<p>Es gibt NIEMANDEN, der, in welcher Weise auch immer, NICHT T\u00d6TET!<br \/>\nOb wir das mit Pflanzenschutzmittel (die Insekten sterben und V\u00f6gel sterben an den vergifteten Insekten) machen bzw. machen lassen, oder ob wir selber Hand anlegen und ein Huhn oder ein Schwein schlachten oder\u00a0sonst was schlachten lassen \u2013 wir ALLE t\u00f6ten \u2013 fortw\u00e4hrend. Selbst mit Anti-<strong>bio<\/strong>-tikum t\u00f6ten wir Leben (griech. <em>Bios<\/em> \u2013\u00a0Leben), bzw. versuchen es.<\/p>\n<p>Was nun das Leben und den Tod an sich angeht, dar\u00fcber lesen Sie bitte gerne mal auf meiner Startseite. Dies soll jetzt bestimmt kein Freibrief oder eine Verherrlichung zum T\u00f6ten sein. Es sollte nur etwas mehr Verst\u00e4ndnis f\u00fcr den Tod insgesamt aufkommen und \u00fcber die Notwendigkeit, dass wir t\u00f6ten m\u00fcssen, um selbst zu \u00fcberleben!<\/p>\n<p>Das viele Tiere in Massenzuchtanstalten in abartiger Weise leben, und dort auch gequ\u00e4lt werden, das bestreitet sicher kaum jemand. Und, dass hier auch mal ordentlich mit hohen Strafen durchgegriffen werden m\u00fcsste, glaub ich auch nicht. Eine (Ver)\u00c4nderung seitens der Politik, aber auch der Menschheit (Geiz ist Geil-Mentalit\u00e4t) w\u00e4re hier dringenst angesagt!<br \/>\nMeines Erachtens sollte aber auch\u00a0JEDER Mensch einmal bei einer Schlachtung dabei gewesen sein, oder sogar selber mal Hand angelegt haben (z.B. einen Fisch angeln und ihn dann ausnehmen).<br \/>\nEine entsprechend \u201eaktive und <strong>bewusste<\/strong>\u201c Handlung w\u00fcrde bestimmt wieder ein tieferes Verst\u00e4ndnis f\u00fcr das Thema \u201eLeben &amp; Tod\u201c bringen, und w\u00e4re somit f\u00fcr alle von sehr gro\u00dfem Nutzen, denn der Tod wird ja heutzutage leider zunehmend tabuisiert (vgl. Ger\u00e4temedizin \u2013 Lebenserhaltung um jeden Preis). Allerdings bek\u00e4me der ein oder Andere vielleicht auch wieder mehr Respekt vor dem Tod, bzw. dem T\u00f6ten. Ein sch\u00f6nes Ritual hierzu, was jeder immer wieder machen kann, w\u00e4re: sich vor dem Essen\u00a0\u2013 bei dem Tier od. der Pflanze zu bedanken, dass es \/ sie\u00a0f\u00fcr den- \/ diejenige(n) \u201egestorben\u201c ist, um sie \/ ihn zu ern\u00e4hren. Dies hat n\u00e4mlich mit Achtung, Respekt und einem sorgsamen Umgang miteinander\u00a0zu tun.<\/p>\n<p>Andererseits, k\u00f6nnten Sie sich mal nach obigem Beispiel vorstellen, wie es ist, wenn z.B. Tonnen von Tomaten geerntet werden und dann unter der Last der anderen zusammen gequetscht werden (vgl. Massentierhaltung)?\u00a0&gt;&gt; Naja, das\u00a0macht\u00a0doch nix, die kommen doch eh gleich in die Saft- \/ Ketchuppresse. &lt;&lt; \u201eAch so,\u00a0ich verga\u00df, Pflanzen sind ja keine Lebewesen\u201c \ud83d\ude2e<br \/>\n&gt;&gt; Aber das kann man doch nicht vergleichen? &lt;&lt; Klar, Tomaten haben ja kein Nervensystem, keinen Mund, sie k\u00f6nnen nichts erz\u00e4hlen und auch keine Artgenossen anbei\u00dfen \u2013 na dann?!<br \/>\nHm, wussten Sie, dass es unter den Pflanzen auch Schmarotzer gibt, welche andere umschlingen, um selber zu \u00fcberleben? Oder, was ist mit <strong>fleisch<\/strong>fressenden Pflanzen, wie z.B.\u00a0die <a href=\"http:\/\/www.venusfliegenfalle.org\">Venusfliegenfalle<\/a> oder auch hier <a href=\"http:\/\/de.nachrichten.yahoo.com\/extrem-t\u00f6dlich-die-raffinierten-jagdmethoden-der-venusfliegenfalle-070000685.html\">die raffinierten Jagdmethoden der Venusfliegenfalle<\/a>?\u00a0Tja, fressen und gefressen werden! So ist\u00a0nun einmal\u00a0die Natur, ob wir das nun \u201egrausam\u201c finden oder nicht. Was aber den entscheidenden Unterschied zum Menschen ausmacht: Tiere, Pflanzen usw. t\u00f6ten nicht aus Hass, Raffgier oder des Profites wegen, sondern einfach nur um selbst zu \u00fcberleben. Das man somit Pflanzen (Raps, Mais etc.) anbaut, nur um damit zu heizen oder Sprit daraus zu\u00a0machen &#8211; da dreht sich bei mir der Magen um!<\/p>\n<p>Nun gut, es kann ja jeder essen was er will und wenn jemandem Fleisch nicht schmeckt, dann ist\u00a0das ja auch in Ordnung so! Aber, die \u201eandere\u201c Gruppe von Vegetarier &amp; Co. sollten NICHT glauben, dass sie \u201ebessere\u201c oder \u201eges\u00fcndere\u201c Menschen sind, nur weil sie <strong>angeblich<\/strong> keine Lebewesen t\u00f6ten!\u00a0Diese Vegetarier &amp; Co. f\u00fchren sich letztendlich selber ad absurdum, denn: Entweder essen sie etwas \u201eVitales\u201c (lat. <em>vita<\/em> \u2013 das Leben), dann t\u00f6ten sie \u201eEtwas\u201c \u2013 sp\u00e4testens beim Akt des Verspeisens, oder sie essen eben nichts \u201eLebendiges\u201c, also etwas \u201eTotes\u201c. Was soll dann aber daran gesund sein? Diese Augenklappe muss ich Ihnen hiermit entrei\u00dfen, so gern\u00b4s mir leid tut. \ud83d\ude09<br \/>\nEin weiterer wichtiger Faktor der\u00a0noch dazu kommt ist, dass ein Gro\u00dfteil des Obstes und Gem\u00fcses\u00a0 (z.B. Bananen, Tomaten) <strong>unreif<\/strong> geerntet, in K\u00fchlcontainern transportiert und dann in K\u00fchlh\u00e4usern (zw. 1-2\u00b0 C,\u00a0mit reduziertem O<sub>2<\/sub>-Gehalt, wegen Nachreifung)\u00a0gelagert werden.\u00a0Das <strong>unreif<\/strong> gepfl\u00fcckte Obst\u00a0und Gem\u00fcse hat aber dann zur Folge, dass\u00a0bestimmte \u201eSubstanzen\u201c, z.B. das bioaktive <a href=\"http:\/\/www.medizinauskunft.de\/artikel\/gesund\/Tipps\/19_08_tomaten.php\">Lycopin<\/a> in Tomaten, nicht produziert werden. Dieses entsteht\u00a0eben nur\u00a0bei\u00a0entsprechender UV-Einstrahlung und Reifung <strong>an<\/strong> der Pflanze.<\/p>\n<p><strong>Pflanzen sind anders, aber sie sind auch Lebewesen!<\/strong><\/p>\n<p><span style=\"text-decoration: underline;\"><strong>Hier noch ein paar Videoclips:<\/strong><\/span><\/p>\n<p><a href=\"http:\/\/www.youtube.com\/watch?v=BnOdkLULDcQ\">Spanische Tomaten, die selbst Spanier nicht essen<\/a><\/p>\n<p><a href=\"http:\/\/www.youtube.com\/watch?v=lk0VWXSgHn0\">Der kleine Treibhauseffekt (1v6) \u2013 vgl. Massenzucht (Plantagen)\u00a0vs.\u00a0Massentierhaltung!<\/a><\/p>\n<p><a href=\"http:\/\/www.youtube.com\/watch?v=lEXdWCxuCh4&amp;feature=related\">Lebensbedingungen in\u00a0El Ejido (1v2)<\/a><\/p>\n<p><a href=\"http:\/\/www.youtube.com\/watch?v=mgzrP-l4p78\">Almeria \u2013 Gew\u00e4chsh\u00e4user \u2013 We feed the World (1vX)<\/a><\/p>\n<p><strong><span style=\"text-decoration: underline;\">Anmerkung:<\/span><\/strong><\/p>\n<p>Zum gesundheitlichen Aspekt beim Fleisch kommt\u00b4s halt wie <strong>\u00fcberall<\/strong> auf die Qualit\u00e4t an (s. a. \u201e<a href=\"http:\/\/www.allesisteins.com\/?page_id=43\">Gentechnologie<\/a>\u201c &#8211;&gt; Pestizide, chem. R\u00fcckst\u00e4nde usw. in Obst &amp; Gem\u00fcse)! Dass vergleichsweise ein hormongespritztes Mastfleisch aus dem Supermarkt auf Dauer \u2013 und in gr\u00f6\u00dferen Mengen genossen \u2013 nicht f\u00f6rderlich ist, sollte klar sein (nat\u00fcrlich auch nicht aus Massentierhaltung). Beziehen Sie aber ein qualitativ \u201ehochwertiges\u201c Fleisch, evtl. direkt vom (Bio)Bauern oder einem (Bio)Metzger Ihres Vertrauens, spricht einem Verzehr nichts dagegen.<\/p>\n<p><strong>Weiters:<\/strong> \u00c4u\u00dferungen (in Foren,\u00a0bei Vortr\u00e4gen, auf Plakaten\u00a0usw.)\u00a0wie \u201etotes Fleisch- \/ Tieresser, M\u00f6rder\u201c udgl. zeigen auch nur eine eingeschr\u00e4nkte Sichtweise desjenigen auf. Meinen Sie denn wirklich, wenn ein Salatkopf mehrere Tage im Supermarkt und dann evtl. zu Hause noch entsprechend lange im K\u00fchlschrank liegt, dass das kein \u201etotes Irgendwas\u201c ist (Vitamine finden Sie da schon lange keine mehr drin)? \u00dcbrigens, wussten Sie, dass Obst bis zu <strong>2 Jahre<\/strong> in <strong>K\u00fchl<\/strong>hallen (nicht gefroren) gelagert und es dann trotzdem als <strong>frisch<\/strong> verkauft werden darf (vom Energieaufwand mal ganz zu schweigen)? In \u201ediesem\u201c Sinne \u2013 tot ist tot, egal ob Tier oder Pflanze!<\/p>\n<p><a href=\"http:\/\/www.allesisteins.com\/?page_id=901#top\">Nach oben<\/a><\/p>\n","protected":false},"excerpt":{"rendered":"<p>&nbsp; Tja, die Vegetarier und ihre Untergruppen \ud83d\ude09 Ohne diesen Menschen jetzt zu Nahe treten zu wollen \u2013 und ich meine das Folgende auch nicht b\u00f6se \u2013 aber irgendwie blenden diese Gruppen etwas aus, bzw. haben sich diese anscheinend noch nicht wirklich mit dem Thema Tod \/ T\u00f6ten auseinander gesetzt. Wie sonst kann man nur [&hellip;]<\/p>\n","protected":false},"author":1,"featured_media":0,"parent":15,"menu_order":4,"comment_status":"closed","ping_status":"open","template":"","meta":{"site-sidebar-layout":"default","site-content-layout":"","ast-site-content-layout":"default","site-content-style":"default","site-sidebar-style":"default","ast-global-header-display":"","ast-banner-title-visibility":"","ast-main-header-display":"","ast-hfb-above-header-display":"","ast-hfb-below-header-display":"","ast-hfb-mobile-header-display":"","site-post-title":"","ast-breadcrumbs-content":"","ast-featured-img":"","footer-sml-layout":"","ast-disable-related-posts":"","theme-transparent-header-meta":"default","adv-header-id-meta":"","stick-header-meta":"","header-above-stick-meta":"","header-main-stick-meta":"","header-below-stick-meta":"","astra-migrate-meta-layouts":"set","ast-page-background-enabled":"default","ast-page-background-meta":{"desktop":{"background-color":"var(--ast-global-color-4)","background-image":"","background-repeat":"repeat","background-position":"center center","background-size":"auto","background-attachment":"scroll","background-type":"","background-media":"","overlay-type":"","overlay-color":"","overlay-opacity":"","overlay-gradient":""},"tablet":{"background-color":"","background-image":"","background-repeat":"repeat","background-position":"center center","background-size":"auto","background-attachment":"scroll","background-type":"","background-media":"","overlay-type":"","overlay-color":"","overlay-opacity":"","overlay-gradient":""},"mobile":{"background-color":"","background-image":"","background-repeat":"repeat","background-position":"center center","background-size":"auto","background-attachment":"scroll","background-type":"","background-media":"","overlay-type":"","overlay-color":"","overlay-opacity":"","overlay-gradient":""}},"ast-content-background-meta":{"desktop":{"background-color":"var(--ast-global-color-5)","background-image":"","background-repeat":"repeat","background-position":"center center","background-size":"auto","background-attachment":"scroll","background-type":"","background-media":"","overlay-type":"","overlay-color":"","overlay-opacity":"","overlay-gradient":""},"tablet":{"background-color":"var(--ast-global-color-5)","background-image":"","background-repeat":"repeat","background-position":"center center","background-size":"auto","background-attachment":"scroll","background-type":"","background-media":"","overlay-type":"","overlay-color":"","overlay-opacity":"","overlay-gradient":""},"mobile":{"background-color":"var(--ast-global-color-5)","background-image":"","background-repeat":"repeat","background-position":"center center","background-size":"auto","background-attachment":"scroll","background-type":"","background-media":"","overlay-type":"","overlay-color":"","overlay-opacity":"","overlay-gradient":""}},"footnotes":""},"class_list":["post-901","page","type-page","status-publish","hentry"],"_links":{"self":[{"href":"https:\/\/www.allesisteins.com\/index.php?rest_route=\/wp\/v2\/pages\/901","targetHints":{"allow":["GET"]}}],"collection":[{"href":"https:\/\/www.allesisteins.com\/index.php?rest_route=\/wp\/v2\/pages"}],"about":[{"href":"https:\/\/www.allesisteins.com\/index.php?rest_route=\/wp\/v2\/types\/page"}],"author":[{"embeddable":true,"href":"https:\/\/www.allesisteins.com\/index.php?rest_route=\/wp\/v2\/users\/1"}],"replies":[{"embeddable":true,"href":"https:\/\/www.allesisteins.com\/index.php?rest_route=%2Fwp%2Fv2%2Fcomments&post=901"}],"version-history":[{"count":0,"href":"https:\/\/www.allesisteins.com\/index.php?rest_route=\/wp\/v2\/pages\/901\/revisions"}],"up":[{"embeddable":true,"href":"https:\/\/www.allesisteins.com\/index.php?rest_route=\/wp\/v2\/pages\/15"}],"wp:attachment":[{"href":"https:\/\/www.allesisteins.com\/index.php?rest_route=%2Fwp%2Fv2%2Fmedia&parent=901"}],"curies":[{"name":"wp","href":"https:\/\/api.w.org\/{rel}","templated":true}]}}