{"id":72,"date":"2021-01-06T00:54:37","date_gmt":"2021-01-05T23:54:37","guid":{"rendered":"http:\/\/www.allesisteins.com\/?page_id=72"},"modified":"2021-01-06T01:54:46","modified_gmt":"2021-01-06T00:54:46","slug":"literaturempfehlungen","status":"publish","type":"page","link":"https:\/\/www.allesisteins.com\/?page_id=72","title":{"rendered":"Literaturempfehlungen"},"content":{"rendered":"<p>&nbsp;<\/p>\n<p><span style=\"text-decoration: underline;\">Susanne Haag &amp; Klaus Grochowiak<\/span><br \/>\nDie Arbeit mit Glaubenss\u00e4tzen (keine Religion, sondern z.B. \u00fcbernommene Meinungen)<\/p>\n<p><span style=\"text-decoration: underline;\">Olaf Jacobsen<\/span><br \/>\nIch stehe nicht mehr zur Verf\u00fcgung (Freie Aufstellung \/\u00a0freies systemisches Aufstellen)<br \/>\nDas freie Aufstellen \u2013 Gruppendynamik als Spiegel der Seele<br \/>\nDas f\u00fchlt sich richtig gut an!<\/p>\n<p><span style=\"text-decoration: underline;\">Steve Andreas, Charles Faulkner u.a.<\/span><br \/>\nPraxiskurs NLP: Mit 21-Tage-Trainingsprogramm<\/p>\n<p><span style=\"text-decoration: underline;\">Peter Reiter<\/span><br \/>\nDein Seelenhaus (Arbeiten mit inneren Bildern)<\/p>\n<p><span style=\"text-decoration: underline;\">Kurt Tepperwein<\/span><br \/>\nGl\u00fccks-Gesetze: Die Botschaften des Lebens verstehen<\/p>\n<p><span style=\"text-decoration: underline;\">Don Miguel Ruiz<\/span><br \/>\nDie innere Wahrheit<\/p>\n<p><span style=\"text-decoration: underline;\">Dennis Lewis<\/span><br \/>\nDie heilende Kraft der nat\u00fcrlichen Atmung<\/p>\n<p><span style=\"text-decoration: underline;\">Georgos Vithoulkas<\/span><br \/>\nMedizin der Zukunft (Einf\u00fchrung in die Hom\u00f6opathie)<\/p>\n<p><span style=\"text-decoration: underline;\">Bert Heuper (Heilpraktiker)<\/span><br \/>\nKrebs \u2013 wenn die Seele durch den K\u00f6rper spricht: Die Grundlagen der Psychosomatischen Resonanztherapie<\/p>\n<p><span style=\"text-decoration: underline;\">Prof. Dr. Dr. Dr. Hanns Hatt<\/span><br \/>\nDas Maigl\u00f6ckchen-Ph\u00e4nomen: Alles \u00fcber das Riechen und wie es unser Leben bestimmt<br \/>\nDem R\u00e4tsel des Riechens auf der Spur. 2 CDs: Grundlagen der Duftwahrnehmung<\/p>\n<p><span style=\"text-decoration: underline;\">Bruce Lipton<\/span><br \/>\nIntelligente Zellen: Wie Erfahrungen unsere Gene steuern<\/p>\n<p><span style=\"text-decoration: underline;\">Werner Heisenberg<\/span><br \/>\nQuantentheorie und Philosophie<\/p>\n<p><span style=\"text-decoration: underline;\">Dr. Harald Fritzsch<\/span><br \/>\nVom Urknall zum Zerfall: Die Welt zwischen Anfang und Ende<\/p>\n<p><span style=\"text-decoration: underline;\">Rupert Sheldrake<\/span><br \/>\nDas Ged\u00e4chtnis der Natur<br \/>\nDas sch\u00f6pferische Universum: Die Theorie des morphogenetischen Feldes<br \/>\nu. a.<\/p>\n<p><span style=\"text-decoration: underline;\">Fritjof Capra<\/span><br \/>\nDas Tao der Physik<\/p>\n<p><span style=\"text-decoration: underline;\">Richard Wilhelm von Diederichs od. Jan Ulenbrook*<\/span><br \/>\nLao Tse \u2013 Tao de King (* Das Buch vom rechten Wege und von der rechten Gesinnung)<\/p>\n<p><span style=\"text-decoration: underline;\">Neale Donald Walsch<\/span><br \/>\nGespr\u00e4che mit Gott, Bd. I &#8211; III<br \/>\nNeue Offenbarungen<br \/>\nu. a.<\/p>\n<p><span style=\"text-decoration: underline;\">Thorwald Dethlefsen:<\/span><br \/>\nKrankheit als Weg<br \/>\nSchicksal als Chance<br \/>\nGut und B\u00f6se<br \/>\n\u00d6dipus, der R\u00e4tsell\u00f6ser<br \/>\nu. a.<\/p>\n<p><span style=\"text-decoration: underline;\">Dr. R\u00fcdiger Dahlke<\/span><br \/>\nHerz(ens) \u2013 Probleme<br \/>\nBewusst Fasten (Heilfasten)<br \/>\nDer K\u00f6rper als Spiegel der Seele<br \/>\nDie Psychologie des blauen Dunstes<br \/>\nVerdauungsprobleme: Be-Deutung und Chance von Magen- und Darmsymptomen<br \/>\nLebenskrisen als Entwicklungschancen: Zeiten des Umbruchs und ihre Krankheitsbilder<br \/>\nu. a.<\/p>\n<p><span style=\"text-decoration: underline;\">Dr. R\u00fcdiger Dahlke &amp; Nicolaus Klein<\/span><br \/>\nDas senkrechte Weltbild<\/p>\n<p><a href=\"http:\/\/www.allesisteins.com\/?page_id=72#top\">Nach oben<\/a><\/p>\n","protected":false},"excerpt":{"rendered":"<p>&nbsp; Susanne Haag &amp; Klaus Grochowiak Die Arbeit mit Glaubenss\u00e4tzen (keine Religion, sondern z.B. \u00fcbernommene Meinungen) Olaf Jacobsen Ich stehe nicht mehr zur Verf\u00fcgung (Freie Aufstellung \/\u00a0freies systemisches Aufstellen) Das freie Aufstellen \u2013 Gruppendynamik als Spiegel der Seele Das f\u00fchlt sich richtig gut an! Steve Andreas, Charles Faulkner u.a. Praxiskurs NLP: Mit 21-Tage-Trainingsprogramm Peter Reiter [&hellip;]<\/p>\n","protected":false},"author":1,"featured_media":0,"parent":15,"menu_order":12,"comment_status":"closed","ping_status":"open","template":"","meta":{"site-sidebar-layout":"default","site-content-layout":"","ast-site-content-layout":"default","site-content-style":"default","site-sidebar-style":"default","ast-global-header-display":"","ast-banner-title-visibility":"","ast-main-header-display":"","ast-hfb-above-header-display":"","ast-hfb-below-header-display":"","ast-hfb-mobile-header-display":"","site-post-title":"","ast-breadcrumbs-content":"","ast-featured-img":"","footer-sml-layout":"","ast-disable-related-posts":"","theme-transparent-header-meta":"","adv-header-id-meta":"","stick-header-meta":"","header-above-stick-meta":"","header-main-stick-meta":"","header-below-stick-meta":"","astra-migrate-meta-layouts":"default","ast-page-background-enabled":"default","ast-page-background-meta":{"desktop":{"background-color":"var(--ast-global-color-4)","background-image":"","background-repeat":"repeat","background-position":"center center","background-size":"auto","background-attachment":"scroll","background-type":"","background-media":"","overlay-type":"","overlay-color":"","overlay-opacity":"","overlay-gradient":""},"tablet":{"background-color":"","background-image":"","background-repeat":"repeat","background-position":"center center","background-size":"auto","background-attachment":"scroll","background-type":"","background-media":"","overlay-type":"","overlay-color":"","overlay-opacity":"","overlay-gradient":""},"mobile":{"background-color":"","background-image":"","background-repeat":"repeat","background-position":"center center","background-size":"auto","background-attachment":"scroll","background-type":"","background-media":"","overlay-type":"","overlay-color":"","overlay-opacity":"","overlay-gradient":""}},"ast-content-background-meta":{"desktop":{"background-color":"var(--ast-global-color-5)","background-image":"","background-repeat":"repeat","background-position":"center center","background-size":"auto","background-attachment":"scroll","background-type":"","background-media":"","overlay-type":"","overlay-color":"","overlay-opacity":"","overlay-gradient":""},"tablet":{"background-color":"var(--ast-global-color-5)","background-image":"","background-repeat":"repeat","background-position":"center center","background-size":"auto","background-attachment":"scroll","background-type":"","background-media":"","overlay-type":"","overlay-color":"","overlay-opacity":"","overlay-gradient":""},"mobile":{"background-color":"var(--ast-global-color-5)","background-image":"","background-repeat":"repeat","background-position":"center center","background-size":"auto","background-attachment":"scroll","background-type":"","background-media":"","overlay-type":"","overlay-color":"","overlay-opacity":"","overlay-gradient":""}},"footnotes":""},"class_list":["post-72","page","type-page","status-publish","hentry"],"_links":{"self":[{"href":"https:\/\/www.allesisteins.com\/index.php?rest_route=\/wp\/v2\/pages\/72","targetHints":{"allow":["GET"]}}],"collection":[{"href":"https:\/\/www.allesisteins.com\/index.php?rest_route=\/wp\/v2\/pages"}],"about":[{"href":"https:\/\/www.allesisteins.com\/index.php?rest_route=\/wp\/v2\/types\/page"}],"author":[{"embeddable":true,"href":"https:\/\/www.allesisteins.com\/index.php?rest_route=\/wp\/v2\/users\/1"}],"replies":[{"embeddable":true,"href":"https:\/\/www.allesisteins.com\/index.php?rest_route=%2Fwp%2Fv2%2Fcomments&post=72"}],"version-history":[{"count":0,"href":"https:\/\/www.allesisteins.com\/index.php?rest_route=\/wp\/v2\/pages\/72\/revisions"}],"up":[{"embeddable":true,"href":"https:\/\/www.allesisteins.com\/index.php?rest_route=\/wp\/v2\/pages\/15"}],"wp:attachment":[{"href":"https:\/\/www.allesisteins.com\/index.php?rest_route=%2Fwp%2Fv2%2Fmedia&parent=72"}],"curies":[{"name":"wp","href":"https:\/\/api.w.org\/{rel}","templated":true}]}}