{"id":641,"date":"2024-12-02T13:04:26","date_gmt":"2024-12-02T13:04:26","guid":{"rendered":"http:\/\/www.allesisteins.com\/?page_id=641"},"modified":"2024-12-02T13:04:36","modified_gmt":"2024-12-02T13:04:36","slug":"dufte-kosmetika","status":"publish","type":"page","link":"https:\/\/www.allesisteins.com\/?page_id=641","title":{"rendered":"D\u00fcfte &#038; Kosmetika"},"content":{"rendered":"<p>&nbsp;<\/p>\n<p>Nun, wollen Sie zun\u00e4chst\u00a0lieber einige wissenschaftliche Informationen \u00fcber Inhalts- &amp; Zusatzstoffe in Kosmetika &amp; Co. (Schminke, Cremes, Parf\u00fcms, Lotionen, Deos usw.)? Dann klicken Sie dazu bitte\u00a0die Links am Ende der\u00a0Seite an (diese Angaben gelten nicht nur f\u00fcr \u201eBilligprodukte\u201c, sondern ebenso f\u00fcr die teuren und bekannten Markenartikel). Die Basis entsprechender Produkte wird \u00fcbrigens u. a. aus Erd\u00f6l und tierischen Abf\u00e4llen hergestellt! Sch\u00f6n \u2013 was so manche auf ihrer Haut und im Gesicht tragen, da macht das K\u00fcssen doch gleich so richtig Appetit, oder? \ud83d\ude09<\/p>\n<p>Aber nicht nur, dass entsprechende Gifte und <strong>Wirk<\/strong>stoffe in Kosmetika enthalten sind, nein es werden heute auch gezielt <strong>k\u00fcnstliche<\/strong> Duft- &amp; Aromastoffe in B\u00fcros \u00fcber Klimaanlagen verteilt. Dies soll u. a. auch dazu f\u00fchren, Mitarbeiter zu mehr Leistung anzuregen (Manipulation! z.B.\u00a0\u201eMarketing mit Duft\u201c \u2013 Hans Knoblich oder \u201eDie Macht der D\u00fcfte\u201c \u2013 Prof. Dr. Dr. Hanns Hatt). Dies ist aber insofern fatal, weil <strong>jedem<\/strong> Menschen nur eine gewisse \u201eEnergie\u201c zur Verf\u00fcgung steht \u2013 bis zur n\u00e4chsten \u201eEntspannungsphase\u201c (s. \u201e<a href=\"http:\/\/de.wikipedia.org\/wiki\/Chronobiologie\">Chronobiologie<\/a>\u201c od. Biorhythmus). Ein Einsatz von solchen aromatischen Wirkstoffen ist letztendlich aber nichts anderes als Doping, ebenso die Einnahme von bestimmten Psychopharmaka (zur Steigerung der Konzentration). \u00dcbertaucht man jetzt n\u00e4mlich immer wieder diese \u201eEntspannungsphase\u201c, so betreibt man letztendlich \u201eRaubbau\u201c mit sich selbst. Die Folge:\u00a0Die Dosis entsprechender Stoffe muss erh\u00f6ht werden. Hier beginnt\u00a0dann der so genannte Teufelskreis. Was dann aber meist \u00fcbrig bleibt, sind \u201eausgebrannte\u201c Menschen (Burnout-Syndrom).<\/p>\n<p>Abgesehen davon, f\u00fcr wen oder was die Duft- &amp; Kosmetikindustrie ihre (Gift)Produkte herstellen, es m\u00fcssen noch immer hunderttausende Tiere f\u00fcr entsprechende Versuche leiden und qualvoll sterben. Haben Sie z.B. schon einmal einen Hasen gesehen, wenn dieser eine neue\u00a0Testsubstanz in die Augen gespritzt bekommt und danach qualvoll mit gro\u00dfen Schmerzen im K\u00e4fig hin &amp; her springt und das Auge sich dabei verf\u00e4rbt oder tr\u00fcbe wird?<br \/>\nWarum stellen sich Menschen denn nicht selbst zu Testzwecken zur Verf\u00fcgung? Die k\u00f6nnten dann\u00a0auch gleich viel besser ein Symptom (jucken, brennen usw.) beschreiben. Wie \u2013 das klingt hart?<br \/>\nWas meinen Sie, was die Tiere dazu sagen? Ach so, ich verga\u00df \u2013 der Mensch ist ja das \u201eH\u00f6chste\u201c aller Sch\u00f6pfungen. \ud83d\ude2e Naja, wer\u00b4s glaubt? Wir ALLE sind gleich-\u201eWERTIG\u201c!<br \/>\n<span style=\"text-decoration: underline;\">Eine kleine Frage:<\/span> W\u00fcrden Sie Ihrem Haustier (Hund, Katze, Hase, Hamster usw.) z.B. Parf\u00fcm ins Auge spritzen oder einen Lidschatten ums Auge malen, nur um zu sehen, ob die Substanz f\u00fcr IHRE Augen \/ Haut vertr\u00e4glich ist oder brennt? Ich glaube wohl kaum. Warum lassen Sie das dann aber an \u201efremden\u201c Tieren\u00a0(Labortiere) machen?\u00a0Aus den Augen aus dem Sinn?<br \/>\nHier noch ein paar Videoclips zu unerlaubten Tierversuchen mit M\u00e4usen \u2013 ein qualvolles Sterben (<a href=\"http:\/\/www.aerzte-gegen-tierversuche.de\/index.php?option=com_content&amp;view=article&amp;id=158:botox-videos&amp;catid=15:videos&amp;Itemid=14\">Botox-Tierversuche<\/a>).<\/p>\n<p>Nun, es geht ja nicht darum, dass wir uns nicht waschen und keine K\u00f6rperpflege betreiben sollen, nur, das kann man auch mit nat\u00fcrlichen und einfachen Produkten tun (z.B. H\u00e4ndewaschen kann man ja\u00a0auch mit einer Kernseife,\u00a0ist auch ges\u00fcnder f\u00fcr die Haut).<br \/>\nNaja, was ich meine, ist der ganze \u201eK\u00f6rperkult\u201c mit Haargels &amp; Sprays, Cremes &amp; Lotionen die angeblich Falten verschwinden lassen (vorgaukeln), Schminke um angeblich besser auszusehen (\u201eunbewusstes\u201c maskieren; im Gegensatz dazu eine klare, eindeutige und bewusste Form des Maskierens \/ Versteckens\u00a0im Fasching \/ Karneval), k\u00fcnstliche D\u00fcfte um angeblich besser zu riechen (t\u00e4uschen), Botox (Schein wahren) usw. Beim Schminken kommt noch ein weiterer Faktor dazu, n\u00e4mlich die zus\u00e4tzliche Umweltbelastung durch \u201eDe-make-ups\u201c wie Pads &amp; <strong>alkoholische<\/strong> Reinigungsl\u00f6sungen (und danach wird dann wieder eine fettende Nacht-Creme ben\u00f6tigt \ud83d\ude2e ), usw.<\/p>\n<p><span style=\"text-decoration: underline;\">Hier ein kleines Beispiel zu einer m\u00f6glichen Ver\u00e4nderung:<\/span><br \/>\nBei einer trockenen Haut z.B., liegt meistens ein Stoffwechselproblem oder ein Ern\u00e4hrungsfehler zugrunde. Da sollte dann hier entsprechend (an der Wurzel) was ver\u00e4ndert werden und nicht mit chemischen \u201eKampfstoffen\u201c aus der Industrie. Bei \u201eh\u00e4rteren\u201c F\u00e4llen kann man dann immer noch mit nat\u00fcrlichen \u00d6len unterst\u00fctzen. Da m\u00fcssen dann aber keine Tiere leiden oder gequ\u00e4lt werden.<\/p>\n<p>Dazu kommt, wenn (vornehmlich) Frauen sich schminken (je nach St\u00e4rke und H\u00e4ufigkeit), im Laufe der Zeit meistens immer mehr davon brauchen. Der Grund \u2013 die Haut darunter erstickt und die Poren verkleben. Die Haut ist aber, neben der Lunge und dem Darm, unser drittgr\u00f6\u00dftes Organ. Hier findet ebenso ein Austausch (Innenwelt \/ Au\u00dfenwelt) statt. Wenn die Haut aber die eigenen Giftstoffe nicht mehr nach drau\u00dfen ableiten, bzw. auch nicht mehr \u201eatmen\u201c kann, dann gibt es mit der Zeit Probleme. Die Haut wird im Laufe der Zeit auch grobporiger und pickeliger \u2013 kein Wunder! Tja, die Frauen (heute auch M\u00e4nner) \u201ekleistern\u201c dann meistens aber noch mehr drauf, anstatt mal nichts zu tun und der Haut eine Ruhephase zu g\u00f6nnen. Somit beginnt auch hier wieder der Teufelskreis (Circulus Diabolus \/ Vitiosus).<\/p>\n<p><span style=\"text-decoration: underline;\">So, kommen wir noch kurz, wie oben schon angedeutet, zum \u201epsychischen\u201c Aspekt:<\/span><br \/>\nSagt der Volksmund denn nicht schon: Den- \/ Diejenige(n) kann ich, bzw. kann ich nicht riechen? Bei den Tieren ist dieser Vorgang noch v\u00f6llig normal und f\u00fcr die Fortpflanzung absolut entscheidend! Sie beschnuppern sich gegenseitig (vornehmlich an den Ausscheidungsstellen) und lassen dann entweder einander ab oder intensivieren den Kontakt.<br \/>\nTiere erkennen u. a. am Geruch (Ausd\u00fcnstung \/ Ausscheidung), ob der evtl. neue \u201ePartner\u201c zu ihnen passt oder nicht und ob dieser \u201egesund &amp; kr\u00e4ftig\u201c genug ist, um gemeinsam Nachkommen zu zeugen. Dieses \u201eEntscheidungsspiel\u201c geht innerhalb k\u00fcrzester Zeit vor sich \u2013 ist der \u201eDuft\u201c doch sehr <strong>nat\u00fcrlich<\/strong> und <strong>unverf\u00e4lscht<\/strong>!<\/p>\n<p>Dies ist aber genau das Problem beim Menschen. Hier wird dem \u201eGegner\u201c \u201evorgelogen und vorget\u00e4uscht\u201c was das Zeug h\u00e4lt! Durch k\u00fcnstliche Duftw\u00e4sserchen, Schminke usw. h\u00fcllen sich die Menschen derma\u00dfen ein bzw. maskieren sich, sodass das \u201eGegen\u00fcber\u201c diejenige Person selbst, gar nicht mehr wirklich sehen und erkennen kann (erschnuppern \/ erriechen). Die \u201eFehlerquellen\u201c sind heute aber meistens beidseitig. Zum einen \u201eversteckt\u201c sich der eine hinter seiner \u201eSchminkmaske bzw. Duftwolke\u201c, zum anderen sind bei vielen Menschen die Geruchsorgane\u00a0schon so stark\u00a0verk\u00fcmmert, sodass derjenige den anderen gar nicht mehr oder kaum mehr richtig \u201ewahrnehmen\u201c kann.<br \/>\nDies hat\u00a0aber zur Folge, dass sich heute Menschen begegnen oder eine Liebelei anfangen, die im Grunde genommen gar nicht zusammenpassen. Das Malheur ist dann oft sehr gro\u00df.<\/p>\n<p>Zuletzt sei auch noch kurz erw\u00e4hnt, dass die Pille (durch Verstellung des Hormonhaushaltes), die \u201eAusd\u00fcnstung\u201c und auch die Wahrnehmung sehr ver\u00e4ndert (s. \u201e<a href=\"http:\/\/www.pm.ruhr-uni-bochum.de\/pm2003\/msg00090.htm\">D\u00fcfte locken Spermien zum Ei<\/a>\u201c\u00a0\u2013 Prof. Dr. Dr.\u00a0Hanns Hatt, Dr. Marc Spehr, Lehrstuhl f\u00fcr Zellphysiologie).<br \/>\n<a href=\"http:\/\/lifestyle.t-online.de\/altern-der-koerpergeruch-verraet-das-alter\/id_56833014\/index\">Das Alter l\u00e4sst sich erschnuppern<\/a> \u2013 Nat\u00fcrlich nur, wenn man nicht &#8222;einparf\u00fcmiert&#8220; ist.<\/p>\n<p><strong>Hier nun die oben erw\u00e4hnten Links:<\/strong><\/p>\n<p><strong>02.12.24:<\/strong> <a href=\"https:\/\/tkp.at\/2024\/12\/02\/kosmetika-schwangerschaft-und-ewigkeitschemikalien\/\" target=\"_blank\" rel=\"noopener\">Kosmetika, Schwangerschaft und \u201eEwigkeitschemikalien\u201c<\/a><\/p>\n<p><a href=\"http:\/\/wissen.schwitzen.com\/antitranspirant\/irrtuemer-und-fehleinschaetzungen\/item\/648-antitranspirante-kristall-deo-ges\u00fcnder?.html\">Irrt\u00fcmer und Fehleinsch\u00e4tzungen; Kristall-Deo-Stick (Aluminium)<\/a><\/p>\n<p><a href=\"http:\/\/www.bcaction.de\/bcaction\/ungeschminkt-die-schmutzige-welt-der-kosmetik\/\">Ungeschminkt \u2013 Die schmutzige Welt der Kosmetik<\/a><\/p>\n<p><a href=\"http:\/\/www.zentrum-der-gesundheit.de\/ia-gefahr-schweiss-deodorants.html\">Gefahr der Unterdr\u00fcckung mit Deodorants<\/a><\/p>\n<p><a href=\"http:\/\/www.gesundheitlicheaufklaerung.de\/giftstoffe-in-kosmetik-und-pflegeprodukten\">Giftstoffe in Kosmetik und Pflegeprodukten<\/a><\/p>\n<p><a href=\"http:\/\/www.ugb.de\/allergien-immunsystem\/allergisch-auf-duefte\/\">Allergisch auf D\u00fcfte?<\/a><\/p>\n<p><a href=\"http:\/\/www.bcaction.de\/bcaction\/schwermetalle-in-kosmetika\/\">Schwermetalle im Makeup: Kosmetika und Gesundheitsgef\u00e4hrdung<\/a><\/p>\n<p><a href=\"http:\/\/www.bund.net\/themen_und_projekte\/chemie_alt\/chemie_im_alltag\/versteckte_gifte\/pflegeprodukte\/\">Versteckte Gifte in Pflegeprodukten<\/a><\/p>\n<p><a href=\"http:\/\/www.zentrum-der-gesundheit.de\/gift-in-kosmetika.html\">Gifte in Kosmetika<\/a><\/p>\n<p><a href=\"http:\/\/suite101.de\/article\/gift-in-kosmetika-entdeckt-a40748\">Krebs &amp; Leuk\u00e4mie: Gift in Nagellackentferner<\/a><\/p>\n<p><a href=\"http:\/\/www.zentrum-der-gesundheit.de\/ia-koerperpflegemittel.html\">Krebs durch Kosmetik<\/a><\/p>\n<p><a href=\"http:\/\/www.allesisteins.com\/?page_id=641#top\">Nach oben<\/a><\/p>\n","protected":false},"excerpt":{"rendered":"<p>&nbsp; Nun, wollen Sie zun\u00e4chst\u00a0lieber einige wissenschaftliche Informationen \u00fcber Inhalts- &amp; Zusatzstoffe in Kosmetika &amp; Co. (Schminke, Cremes, Parf\u00fcms, Lotionen, Deos usw.)? Dann klicken Sie dazu bitte\u00a0die Links am Ende der\u00a0Seite an (diese Angaben gelten nicht nur f\u00fcr \u201eBilligprodukte\u201c, sondern ebenso f\u00fcr die teuren und bekannten Markenartikel). Die Basis entsprechender Produkte wird \u00fcbrigens u. a. [&hellip;]<\/p>\n","protected":false},"author":1,"featured_media":0,"parent":15,"menu_order":7,"comment_status":"closed","ping_status":"open","template":"","meta":{"site-sidebar-layout":"default","site-content-layout":"","ast-site-content-layout":"default","site-content-style":"default","site-sidebar-style":"default","ast-global-header-display":"","ast-banner-title-visibility":"","ast-main-header-display":"","ast-hfb-above-header-display":"","ast-hfb-below-header-display":"","ast-hfb-mobile-header-display":"","site-post-title":"","ast-breadcrumbs-content":"","ast-featured-img":"","footer-sml-layout":"","ast-disable-related-posts":"","theme-transparent-header-meta":"default","adv-header-id-meta":"","stick-header-meta":"","header-above-stick-meta":"","header-main-stick-meta":"","header-below-stick-meta":"","astra-migrate-meta-layouts":"set","ast-page-background-enabled":"default","ast-page-background-meta":{"desktop":{"background-color":"var(--ast-global-color-4)","background-image":"","background-repeat":"repeat","background-position":"center center","background-size":"auto","background-attachment":"scroll","background-type":"","background-media":"","overlay-type":"","overlay-color":"","overlay-opacity":"","overlay-gradient":""},"tablet":{"background-color":"","background-image":"","background-repeat":"repeat","background-position":"center center","background-size":"auto","background-attachment":"scroll","background-type":"","background-media":"","overlay-type":"","overlay-color":"","overlay-opacity":"","overlay-gradient":""},"mobile":{"background-color":"","background-image":"","background-repeat":"repeat","background-position":"center center","background-size":"auto","background-attachment":"scroll","background-type":"","background-media":"","overlay-type":"","overlay-color":"","overlay-opacity":"","overlay-gradient":""}},"ast-content-background-meta":{"desktop":{"background-color":"var(--ast-global-color-5)","background-image":"","background-repeat":"repeat","background-position":"center center","background-size":"auto","background-attachment":"scroll","background-type":"","background-media":"","overlay-type":"","overlay-color":"","overlay-opacity":"","overlay-gradient":""},"tablet":{"background-color":"var(--ast-global-color-5)","background-image":"","background-repeat":"repeat","background-position":"center center","background-size":"auto","background-attachment":"scroll","background-type":"","background-media":"","overlay-type":"","overlay-color":"","overlay-opacity":"","overlay-gradient":""},"mobile":{"background-color":"var(--ast-global-color-5)","background-image":"","background-repeat":"repeat","background-position":"center center","background-size":"auto","background-attachment":"scroll","background-type":"","background-media":"","overlay-type":"","overlay-color":"","overlay-opacity":"","overlay-gradient":""}},"footnotes":""},"class_list":["post-641","page","type-page","status-publish","hentry"],"_links":{"self":[{"href":"https:\/\/www.allesisteins.com\/index.php?rest_route=\/wp\/v2\/pages\/641","targetHints":{"allow":["GET"]}}],"collection":[{"href":"https:\/\/www.allesisteins.com\/index.php?rest_route=\/wp\/v2\/pages"}],"about":[{"href":"https:\/\/www.allesisteins.com\/index.php?rest_route=\/wp\/v2\/types\/page"}],"author":[{"embeddable":true,"href":"https:\/\/www.allesisteins.com\/index.php?rest_route=\/wp\/v2\/users\/1"}],"replies":[{"embeddable":true,"href":"https:\/\/www.allesisteins.com\/index.php?rest_route=%2Fwp%2Fv2%2Fcomments&post=641"}],"version-history":[{"count":0,"href":"https:\/\/www.allesisteins.com\/index.php?rest_route=\/wp\/v2\/pages\/641\/revisions"}],"up":[{"embeddable":true,"href":"https:\/\/www.allesisteins.com\/index.php?rest_route=\/wp\/v2\/pages\/15"}],"wp:attachment":[{"href":"https:\/\/www.allesisteins.com\/index.php?rest_route=%2Fwp%2Fv2%2Fmedia&parent=641"}],"curies":[{"name":"wp","href":"https:\/\/api.w.org\/{rel}","templated":true}]}}