{"id":443,"date":"2021-01-06T00:37:34","date_gmt":"2021-01-05T23:37:34","guid":{"rendered":"http:\/\/www.allesisteins.com\/?page_id=443"},"modified":"2021-01-06T01:37:27","modified_gmt":"2021-01-06T00:37:27","slug":"impfen-vs-impfschaden","status":"publish","type":"page","link":"https:\/\/www.allesisteins.com\/?page_id=443","title":{"rendered":"Impfen vs. Impfsch\u00e4den"},"content":{"rendered":"<p>&nbsp;<\/p>\n<p>Zu diesem Thema m\u00f6chte und kann ich hier \u2013\u00a0<span style=\"text-decoration: underline;\">aus rechtlichen Gr\u00fcnden<\/span> \u2013 nicht allzu viel sagen. Mein Wissen aus Literatur, Berichten, Arbeitskreisen mit \u00c4rzten und Heilpraktikern und Erfahrungen bzw. die Erlebnisse aus meinem Bekannten- &amp; Patientenkreis lassen jedoch eine eindeutige Sprache sprechen.<\/p>\n<p><strong>Ich weise hiermit ausdr\u00fccklich auf meine pers\u00f6nliche Erfahrung &amp; Einstellung hin! Dies ist keine Empfehlung und soll auch nicht zur Nachahmung dienen!<\/strong><\/p>\n<p>Meine allerletzte Impfung (auch keine Tetanus mehr) war im Jahre 1985 f\u00fcr einen Keniaurlaub (Malaria usw.). Damals wusste ich allerdings noch nicht, was ich da tat. Heute w\u00fcrde ich mich nicht mehr impfen lassen, vor allem, wenn man nicht mit dem Rucksack in den \u201eBusch\u201c geht. F\u00fcr denjenigen, der aber sehr gro\u00dfe Angst hat oder sehr unsicher ist, sollte f\u00fcr sich abw\u00e4gen, wie stark seine Psyche und damit auch sein Immunsystem sind. Ich pers\u00f6nlich werde mich sicher gegen nichts mehr impfen lassen, bzw. werde entsprechendes Land nicht bereisen! Auch Impfungen die bei uns angeboten werden (z. B. j\u00e4hrliche Grippeimpfungen) hatte ich noch nie und werde ich auch nie machen lassen. Die Influenza-Erreger sind zu dem eh jedes Jahr neu (mutiert) und das Impfserum ist auf dem Stamm des Vorjahres aufgebaut. Einen \u201eGrippe-Impfschutz\u201c gibt es\u00a0daher nicht. Au\u00dferdem ist die \u201eechte\u201c Grippe, also die Influenza, eher selten. Das, was die meisten haben ist ein grippaler Infekt \u2013 eine \u201eErk\u00e4ltung\u201c\u2013 hat also nichts mit dem Influenza-Virus selbst zu tun! Das ist somit auch der Grund, warum Menschen trotz der Impfung\u00a0erkranken k\u00f6nnen. Diejenigen, die sich dabei gesundsto\u00dfen,\u00a0sind die Pharmaindustrie &amp; die entsprechenden \u00c4rzte!\u00a0Zu was also (Grippe)impfen?<\/p>\n<p>Weiters sind die Kombinationsimpfungen (3-, 5- oder noch mehrfach) der drastischste Eingriff \u00fcberhaupt! Man wei\u00df n\u00e4mlich nicht, wie sich die St\u00e4mme untereinander verhalten \u2013 ist wie mit einem Medikamentencocktail (verschiedene Pillen \/ Pr\u00e4parate). Die Krankheitsbilder von den \u201eklassischen\u201c Kinderkrankheiten sind daher kaum mehr diagnostizierbar \u2013 weil Mischformen auftreten!<br \/>\nZudem wei\u00df man heute, da\u00df Aluminiumhydroxid (neben Quecksilber), welches in Impfseren enthalten ist, fatale Auswirkungen auf das Immunsystem und somit eine Grundsteinlegung f\u00fcr weitere Krankheitsbilder durch Schw\u00e4chung dessen hat. Es bildet zudem die Grundlage f\u00fcr Allergien! Und das im S\u00e4uglings-\/Kindesalter?! Verheerend! \u00dcbrigens, auch Alzheimer wird mit Ablagerungen von Aluminium(salzen) im Gehirn in Verbindung gebracht. W\u00e4re somit\u00a0interessant zu wissen, wie die Impffrequenz bei Alzheimererkrankten ist?<\/p>\n<p>24.10.2012: <a href=\"http:\/\/www.spiegel.de\/gesundheit\/diagnose\/grippeimpfstoffe-von-novartis-in-italien-gestoppt-a-863243.html\">Grippeimpfung<\/a> \u2013\u00a0War\u00a0eine Sendung abends auf einem \u00d6R-Sender, von einem Professor: \u201eEs gibt keine Beweise f\u00fcr einen Schutz &#8230; Studien, gibt es nur von den Herstellern selbst\u201c. Das sagt ja wohl alles, oder? (Eines der sinnlosesten Dinge, die man in seinem Leben machen kann und\u00a0eine nicht ganz ungef\u00e4hrliche Sache, wie oben schon geschrieben.)<\/p>\n<p><span style=\"text-decoration: underline;\">F\u00fcr Eltern mit Kindern, kann ich nur diesen Tipp mitgeben (bei gewissen \u201eImpfzw\u00e4ngen&#8220;):<\/span><\/p>\n<p>Fragen Sie Ihren Impfarzt bzw. -\u00e4rztin, ob sie Ihnen eine Garantie geben (mit Unterschrift), dass ein Impfschaden ausgeschlossen werden kann. Vermutlich nicht, denn es w\u00e4re nicht nur eine finanzielle Katastrophe!<br \/>\nAndererseits ist es fast unm\u00f6glich (Pharma- &amp; \u00c4rztelobby) einen Impfschaden nachzuweisen \u2013 weil es eben nicht gewollt ist \u2013 nicht, weil man es nicht kann!<\/p>\n<p>F\u00fcr Ihren weiteren Weg und die \u201erichtige&#8220; Entscheidung, w\u00fcnsch ich Ihnen alles erdenklich Gute.<\/p>\n<p>Hier hab ich noch ein paar Links und etwas Literatur aufgef\u00fchrt, um mal etwas Licht ins Dunkel zu bringen.<\/p>\n<p><strong><br \/>\n<a href=\"http:\/\/www.demokratie-spiegel.de\/deutschland\/informativ\/impfstoffegegengrippeenthaltenquecksilber.html\">Quecksilber in (Schweinegrippe) Impfstoffen<\/a><\/strong> Oktober 2009<\/p>\n<p><strong><a href=\"http:\/\/www.impf-report.de\/jahrgang\/2009\/15.htm\">Impfreport<\/a><\/strong> Unter Punkt \u201e07\u201c \u2013 Warum Pandemiestufe 6? &#8211; September 2009\u00a0(dieser Punkt wurde\u00a0eigenartigerweise gel\u00f6scht).<br \/>\n<a href=\"http:\/\/www.impf-report.de\/zeitschrift\/infoblatt\/index.html\">Hier<\/a> gibt\u00b4s aber noch weitere sehr interessante Themen; sogar auch ein Formular f\u00fcr den Impfarzt (&#8222;\u00c4rztl. Impferkl\u00e4rung&#8220;)!<br \/>\n<strong><br \/>\n<a href=\"http:\/\/www.blip.tv\/file\/2296804\">Aktuell: Schweinegrippe-L\u00fcge<\/a><\/strong> (Video ca. 1 1\/2 Std.)<br \/>\n<strong><br \/>\n<a href=\"http:\/\/diepresse.com\/home\/panorama\/oesterreich\/505739\/index.do\">Die \u201eNeue&#8220; Grippe<\/a><\/strong>: Die Presse (\u00d6sterreich, 02.09.2009)<br \/>\n<strong><br \/>\n<a href=\"http:\/\/www.sueddeutsche.de\/wissen\/435\/449165\/text\">Geb\u00e4rmutterhalskrebs<\/a><\/strong>: Heftige Kritik an Impfempfehlung (26.11.2008)<br \/>\n<strong><br \/>\n<a href=\"http:\/\/www.videogold.de\/impfungen-sinn-oder-unsinn\/\">Impfung &#8211; Sinn oder Unsinn<\/a><\/strong> (Video ca. 1:50 Std., 20.11.2008)<br \/>\n<strong><br \/>\n<a href=\"http:\/\/www.gesundheitswirtschaft.info\/content\/view\/2333\/417\">Impfsch\u00e4den<\/a><\/strong>: Bundesbeh\u00f6rden geben erstmals Meldedaten frei (Artikel von 2007)<br \/>\n<strong><br \/>\n<a href=\"http:\/\/www.impfkritik.de\/\">Impfkritik<\/a><\/strong> \u2013 Eine weitere interessante Seite.<\/p>\n<p><strong>Literatur:<\/strong><\/p>\n<p><span style=\"text-decoration: underline;\">Harris L. Coulter<\/span><br \/>\nImpfungen \u2013 Der Gro\u00dfangriff auf Gehirn und Seele<\/p>\n<p><span style=\"text-decoration: underline;\">Simone Delarue<\/span><br \/>\nImpfschutz \u2013 Irrtum oder L\u00fcge<br \/>\nImpfungen \u2013 Der unglaubliche Irrtum<\/p>\n<p><span style=\"text-decoration: underline;\">Dr. med. Gerhard Buchwald<\/span><br \/>\nImpfen \u2013 Das Gesch\u00e4ft mit der Angst.<\/p>\n<p><span style=\"text-decoration: underline;\">Prof. Dr. Peter Yoda<\/span><br \/>\nEin medizinischer Insider packt aus: Ein Dokumentarroman<\/p>\n<p><span style=\"text-decoration: underline;\">Torsten Engelbrecht &amp; Claus K\u00f6hnlein<\/span><br \/>\nVirus-Wahn: Vogelgrippe (H5N1), SARS, BSE, Hepatitis C, AIDS, Polio.<br \/>\nWie die Medizin-Industrie st\u00e4ndig Seuchen erfindet und auf Kosten der<br \/>\nAllgemeinheit Milliarden-Profite macht.<\/p>\n<p><span style=\"text-decoration: underline;\">Dr. Jen\u00f6 Ebert<\/span><br \/>\nGefahr Arzt! \u2013 Trotz Behandlung gesund werden und auch bleiben<br \/>\nHier noch ein <a href=\"http:\/\/www.thieme.de\/viamedici\/medizin\/krankheiten_diskussion\/impfen2.html\">Interview<\/a> zum anklicken.<\/p>\n<p><span style=\"text-decoration: underline;\">Hans Ruesch<\/span><br \/>\nDie Pharma-Story \u2013 Der gro\u00dfe Schwindel<\/p>\n<p>Wem die Auflistung nicht reicht, z.B. bei <a href=\"http:\/\/www.amazon.de\" target=\"_new\" rel=\"noopener\">Amazon<\/a> einfach mal &#8222;Impf od. Impfsch\u00e4den&#8220; eingeben \ud83d\ude09<\/p>\n<p><a href=\"http:\/\/www.allesisteins.com\/?page_id=443#top\">Nach oben<\/a><\/p>\n","protected":false},"excerpt":{"rendered":"<p>&nbsp; Zu diesem Thema m\u00f6chte und kann ich hier \u2013\u00a0aus rechtlichen Gr\u00fcnden \u2013 nicht allzu viel sagen. Mein Wissen aus Literatur, Berichten, Arbeitskreisen mit \u00c4rzten und Heilpraktikern und Erfahrungen bzw. die Erlebnisse aus meinem Bekannten- &amp; Patientenkreis lassen jedoch eine eindeutige Sprache sprechen. Ich weise hiermit ausdr\u00fccklich auf meine pers\u00f6nliche Erfahrung &amp; Einstellung hin! Dies [&hellip;]<\/p>\n","protected":false},"author":1,"featured_media":0,"parent":15,"menu_order":5,"comment_status":"closed","ping_status":"open","template":"","meta":{"site-sidebar-layout":"default","site-content-layout":"","ast-site-content-layout":"default","site-content-style":"default","site-sidebar-style":"default","ast-global-header-display":"","ast-banner-title-visibility":"","ast-main-header-display":"","ast-hfb-above-header-display":"","ast-hfb-below-header-display":"","ast-hfb-mobile-header-display":"","site-post-title":"","ast-breadcrumbs-content":"","ast-featured-img":"","footer-sml-layout":"","ast-disable-related-posts":"","theme-transparent-header-meta":"","adv-header-id-meta":"","stick-header-meta":"","header-above-stick-meta":"","header-main-stick-meta":"","header-below-stick-meta":"","astra-migrate-meta-layouts":"default","ast-page-background-enabled":"default","ast-page-background-meta":{"desktop":{"background-color":"var(--ast-global-color-4)","background-image":"","background-repeat":"repeat","background-position":"center center","background-size":"auto","background-attachment":"scroll","background-type":"","background-media":"","overlay-type":"","overlay-color":"","overlay-opacity":"","overlay-gradient":""},"tablet":{"background-color":"","background-image":"","background-repeat":"repeat","background-position":"center center","background-size":"auto","background-attachment":"scroll","background-type":"","background-media":"","overlay-type":"","overlay-color":"","overlay-opacity":"","overlay-gradient":""},"mobile":{"background-color":"","background-image":"","background-repeat":"repeat","background-position":"center center","background-size":"auto","background-attachment":"scroll","background-type":"","background-media":"","overlay-type":"","overlay-color":"","overlay-opacity":"","overlay-gradient":""}},"ast-content-background-meta":{"desktop":{"background-color":"var(--ast-global-color-5)","background-image":"","background-repeat":"repeat","background-position":"center center","background-size":"auto","background-attachment":"scroll","background-type":"","background-media":"","overlay-type":"","overlay-color":"","overlay-opacity":"","overlay-gradient":""},"tablet":{"background-color":"var(--ast-global-color-5)","background-image":"","background-repeat":"repeat","background-position":"center center","background-size":"auto","background-attachment":"scroll","background-type":"","background-media":"","overlay-type":"","overlay-color":"","overlay-opacity":"","overlay-gradient":""},"mobile":{"background-color":"var(--ast-global-color-5)","background-image":"","background-repeat":"repeat","background-position":"center center","background-size":"auto","background-attachment":"scroll","background-type":"","background-media":"","overlay-type":"","overlay-color":"","overlay-opacity":"","overlay-gradient":""}},"footnotes":""},"class_list":["post-443","page","type-page","status-publish","hentry"],"_links":{"self":[{"href":"https:\/\/www.allesisteins.com\/index.php?rest_route=\/wp\/v2\/pages\/443","targetHints":{"allow":["GET"]}}],"collection":[{"href":"https:\/\/www.allesisteins.com\/index.php?rest_route=\/wp\/v2\/pages"}],"about":[{"href":"https:\/\/www.allesisteins.com\/index.php?rest_route=\/wp\/v2\/types\/page"}],"author":[{"embeddable":true,"href":"https:\/\/www.allesisteins.com\/index.php?rest_route=\/wp\/v2\/users\/1"}],"replies":[{"embeddable":true,"href":"https:\/\/www.allesisteins.com\/index.php?rest_route=%2Fwp%2Fv2%2Fcomments&post=443"}],"version-history":[{"count":0,"href":"https:\/\/www.allesisteins.com\/index.php?rest_route=\/wp\/v2\/pages\/443\/revisions"}],"up":[{"embeddable":true,"href":"https:\/\/www.allesisteins.com\/index.php?rest_route=\/wp\/v2\/pages\/15"}],"wp:attachment":[{"href":"https:\/\/www.allesisteins.com\/index.php?rest_route=%2Fwp%2Fv2%2Fmedia&parent=443"}],"curies":[{"name":"wp","href":"https:\/\/api.w.org\/{rel}","templated":true}]}}