{"id":43,"date":"2021-01-06T00:25:22","date_gmt":"2021-01-05T23:25:22","guid":{"rendered":"http:\/\/www.allesisteins.com\/?page_id=43"},"modified":"2021-01-06T01:39:32","modified_gmt":"2021-01-06T00:39:32","slug":"gentechnologie","status":"publish","type":"page","link":"https:\/\/www.allesisteins.com\/?page_id=43","title":{"rendered":"Gentechnologie"},"content":{"rendered":"<p>&nbsp;<\/p>\n<p>Tja, mit der Gentechnologie haben wir hier ein sehr brisantes Thema. F\u00fcr mich kommt diese Technologie aus verschiedenen Gesichtspunkten auf keinen Fall in Frage (soweit noch m\u00f6glich)!<\/p>\n<p>Zun\u00e4chst einmal \u2013 es ist und bleibt eine Technik. Technik im \u201eLebendbereich\u201c sollte im Allgemeinen (z.B. eine Gehhilfe) nur dort und nur solange unterst\u00fctzend eingesetzt werden, bis man eine Sache oder Aufgabe selbst wieder integriert bzw. erlernt hat. Ein Gro\u00dfteil der Menschheit gibt aber immer mehr des \u201eintegrierten \/ archaischen\u201c oder auch Ur-Wissens von sich ab. Der Mensch legt somit auch die \u201eVerantwortung\u201c f\u00fcr sich selbst nieder und st\u00fctzt sein Leben immer mehr auf diese \u201enach au\u00dfen gelagerte\u201c Technik. Der Verlust bestimmten \u201eK\u00f6nnens &amp; Wissens\u201c z.B. Geruchs- &amp; Geschmacksinns ist vorprogrammiert. Man sieht dies ja, was heutzutage alles in den Regalen steht, bzw. durch die M\u00e4gen wandert. K\u00fcnftig spricht man dann wahrscheinlich von einem\u00a0Danone-, Nestle- oder Maggi-Typ (schrecklich diese Vorstellung).<\/p>\n<p>Nun, kommen wir zum eigentlichen Thema, der Gentechnik. Ganz schlaue Marketingexperten \/ Lobbyisten kommen ja mit der Geschichte: Jaaa, die Natur ver\u00e4ndert sich ja auch st\u00e4ndig und passt sich bestimmten \u00e4u\u00dferen Gegebenheiten an. Somit k\u00f6nnen wir \u201eForscher\u201c doch auch bestimmte Ver\u00e4nderungen vornehmen und z.B. manchem \u201eSch\u00e4dling\u201c ein Schnippchen schlagen (Monsanto, Syngenta, DuPont, Pioneer,\u00a0Bayer, BASF, KWS-Saat\u00a0usw. lassen gr\u00fc\u00dfen). Hierzu noch ein sehr interessanter aber langer Artikel: <a href=\"http:\/\/www.projektwerkstatt.de\/gen\/vorteile.htm\">Was die Gentechnik-Bef\u00fcrworterInnen versprechen und was davon zu halten ist &#8230; Lobbyisten, IWF &amp; Co.<\/a><\/p>\n<p>Tja, wenn aber den Pflanzen ein Gen implantiert wird, sodass dann die Pflanze (z.B. Mais) selber ein bestimmtes Gift gegen diesen \u201eSch\u00e4dling\u201c produziert, dann stirbt ja nicht nur der \u201eSch\u00e4dling\u201c (kurzfristig\u00a0&#8211;&gt; Resistenzen), sondern es werden u.a. auch die Tiere, welche diesen \u201eSch\u00e4dling\u201c als Nahrung zu sich nehmen, vergiftet oder get\u00f6tet!<br \/>\nDazu kommt, dass nicht nur die B\u00f6den entsprechend verseucht werden, sondern auch die Menschheit. Und dann wundert man sich, dass die Menschheit immer anf\u00e4lliger f\u00fcr bestimmte Krankheiten (z.B. <a href=\"http:\/\/www.netlink.de\/gen\/Zeitung\/1999\/990312b.htm\">Allergien<\/a>) wird. Sie sehen also, dass die \u201eNatur\u201c doch etwas schlauer ist, als es uns so mancher weismachen mag. Tja, so spielt eben die Nahrungsmittelindustrie der Pharmaindustrie die kranken Menschen in die H\u00e4nde. Wie, das glauben Sie nicht? Hmm, naja, <strong>m\u00fcssen<\/strong> Sie auch nicht.<\/p>\n<p>Nun gut, kommen wir zu einem weiteren Punkt, der Gentech-Lobby \u2013 den <strong>Profit<\/strong>. Nicht nur, dass man heute noch gar nicht genau wei\u00df, was sich k\u00fcnftig aus diesem ver\u00e4ndertem Genmaterial entwickelt, nein, diese Gentech-Firmen stellen nat\u00fcrlich auch noch das dazu passende \u201ePflanzenschutzmittel\u201c her.<\/p>\n<p>Also, man verkauft zun\u00e4chst GVO\u00b4s (Samen, <span style=\"text-decoration: underline;\"><strong>G<\/strong><\/span>entechnisch <span style=\"text-decoration: underline;\"><strong>V<\/strong><\/span>er\u00e4nderter <span style=\"text-decoration: underline;\"><strong>O<\/strong><\/span>rganismen), dann verkauft man dazu die entsprechenden Pflanzenschutzmittel (weitere Giftstoffe<sup>4<\/sup>) und zu guter Letzt, macht man s\u00e4mtliche Landwirte von einem j\u00e4hrlichem Neukauf (Zwangskauf) abh\u00e4ngig \u2013 und das WELTWEIT! D.h., wo sich fr\u00fcher Landwirte einen Teil der Ernte f\u00fcr eine Neuaussaat zur\u00fcckbehielten, <strong>MUSS<\/strong> jetzt k\u00fcnftig\u00a0<strong>genmanipulierter<\/strong> Samen <strong>NEU<\/strong> eingekauft werden. Somit bringt sich die Menschheit immer mehr unter die Kontrolle der machtbesessenen Gro\u00dfkonzerne!<\/p>\n<p>Ein weiterer tragischer Punkt ist noch, dass ein so genannter Mindestabstand von ca. 150 m bzw. 500 m zu einem Bio- oder GVO-freiem Feld geradezu l\u00e4cherlich ist, tragen doch Saharawinde einen wesentlich schwereren W\u00fcstensand mehrere 1000 km weit. D.h. eine Durchseuchung der <strong>GVO<\/strong>-freien Felder durch GVO\u00b4s ist daher absolut unausweichlich! Somit gibt es z.Z. ja noch die 0,9% Klausel f\u00fcr Bioware. Aber auch diese wird fr\u00fcher oder sp\u00e4ter fallen! Die Saatgutbank f\u00fcr nat\u00fcrlichen Samen auf <a href=\"http:\/\/de.wikipedia.org\/wiki\/Svalbard_Global_Seed_Vault\">Spitzbergen<\/a> (unterirdischer Stollen) gibt einen klaren Hinweis auf das Vorhaben. Sie sehen also, dass es auf jede einzelne Stimme ankommt, wenn es nicht eh schon zu sp\u00e4t ist. <strong>Mit jedem Kauf entsprechender Produkte wird das Vorhaben dieser Konzerne unterst\u00fctzt!<\/strong><\/p>\n<p><strong>02.12.2013:<\/strong> <a href=\"http:\/\/www.sueddeutsche.de\/wirtschaft\/genetisch-veraenderte-lachs-eier-monsterfisch-1.1832949\">Genetisch ver\u00e4nderte Lachseier \u2013 Monsterfisch<\/a> \u2013\u00a0Welch kranke Welt?<\/p>\n<p><strong>05.10.2013:<\/strong> <a href=\"http:\/\/www.mmnews.de\/index.php\/etc\/15212-eu-erteilt-monsanto-brokkoli-patent\">EU erteilt Monsanto Brokkoli-Patent<\/a>\u00a0\u2013 Wieder diese Monsanto-Verbrecher am Werk \ud83d\ude41<\/p>\n<p><strong>19.11.2012:<\/strong> <a href=\"http:\/\/www.schrotundkorn.de\/2012\/201212b01.php\">GenTech-Soja macht krank<\/a> \u2013\u00a0Tofu besteht aus Soja, Soja-Lecitin ist u.a. in Schokolade (z.B. Mars,<br \/>\nMilka, Nestl\u00e9, Ritter Sport &#8230;), Geb\u00e4ck usw., also\u00a0bei allen gro\u00dfen und bekannten Konzernen.<br \/>\nMonsanto\u00a0mischt da \u00fcberall mit!<\/p>\n<p><strong>19.09.2012:<\/strong> <a href=\"http:\/\/www.welt.de\/gesundheit\/article109325059\/Mit-Genmais-gefuetterte-Ratten-sterben-viel-frueher.html\">Mit Genmais gef\u00fctterte Ratten sterben viel fr\u00fcher<\/a><\/p>\n<p><strong>11.10.2010:<\/strong> <a href=\"http:\/\/foodwatch.de\/kampagnen__themen\/gentechnik\/interview\/index_ger.html\">Die Patentierbarkeit von Leben &#8230;<\/a> \u2013 Monsanto &amp; Co.<\/p>\n<p><strong>17.12.2009:<\/strong> <a href=\"http:\/\/www.campact.de\/gentec\/info\/log#tineb@1261131574\">Genmais sch\u00e4digt Organe<\/a><\/p>\n<p><strong>10.12.2009:<\/strong> <a href=\"http:\/\/www.pressetext.de\/news\/091210026\/transgene-dna-in-bodenorganismen-entdeckt\">Transgene DNA in Bodenorganismen entdeckt<\/a><\/p>\n<p><strong>20.11.2009:<\/strong> <a href=\"http:\/\/www.ngo-online.de\/ganze_nachricht.php?Nr=19819\">Gentechnik erh\u00f6ht Pestizidverbrauch<\/a><\/p>\n<p><strong>11.10.2009:<\/strong> <a href=\"http:\/\/www.naturkost.de\/wp\/2009\/10\/agro-gentechnik-wahlfreiheit-fur-verbraucher-gefahrdet\">Agro-Gentechnik: Wahlfreiheit f\u00fcr Verbraucher gef\u00e4hrdet<\/a><\/p>\n<p><strong>25.09.2009:<\/strong> <a href=\"http:\/\/www.zeitpunkt.ch\/news\/artikel-einzelansicht\/artikel\/us-aerzteverband-fordert-sofortigen-stopp-fuer-gen-lebensmittel.html\">\u00c4rzteverband fordert sofortigen Stopp f\u00fcr Gentech-Lebensmittel<\/a><\/p>\n<p><strong>20.02.2008:<\/strong> <a href=\"http:\/\/www.vedamagazin.de\/news\/612\/52\/Wiederentdeckung+vergessener+Nahrungspflanzen\/\">75 Prozent der Variet\u00e4ten sind verloren gegangen &#8211; Gentechnik beschleunigt den Trend<\/a><\/p>\n<p><a href=\"http:\/\/www.naturkost.de\/cgi-bin\/suche\/search.pl?Terms=Schmeiser\">Weitere\u00a0Themen von Percy Schmeiser: u.a. Kampf gegen Monsanto<\/a><\/p>\n<p><span style=\"text-decoration: underline;\"><strong>Hier noch ein paar Videoclips, jeweils zw. 7-10 min.:<\/strong><\/span><\/p>\n<p><a href=\"http:\/\/www.youtube.com\/watch?v=yC_5OvfELD0\">Ein guter (kabarettistischer) Beitrag von Volker Pispers \u00fcber Gentechnik<\/a><\/p>\n<p><a href=\"http:\/\/www.youtube.com\/watch?v=uJ-9XEtF4hY\">Monsanto &#8211; Ein Konzern der Gott spielen darf<\/a><\/p>\n<p><a href=\"http:\/\/www.youtube.com\/watch?v=8QOr6oFd0ns&amp;feature=related\">Monsanto mit Gift und Genen 1<\/a><\/p>\n<p><a href=\"http:\/\/www.youtube.com\/watch?v=0n9Mb7HkORU&amp;feature=related\">Monsanto mit Gift und Genen 2<\/a>\u00a0u. w.<\/p>\n<p><a href=\"http:\/\/www.youtube.com\/watch?v=Se239f_paxE&amp;feature=related\">Monsanto: Das Bio-Patent auf Schweine Teil 1 von 5<\/a><\/p>\n<p><a href=\"http:\/\/www.youtube.com\/watch?v=3TkgqWvcTyU&amp;feature=related\">Ist Gentechnik sicher?<\/a><\/p>\n<p><a href=\"http:\/\/www.youtube.com\/watch?v=QzlGnOlL1pw&amp;feature=related\">Die Zukunft unserer Nahrung!?<\/a><strong> &#8211; Keine Kennzeichnungspflicht?! Ein echter Hammer!<\/strong><\/p>\n<p><a href=\"http:\/\/www.youtube.com\/watch?v=Sp506swYfdg\">Die Machenschaften der GenTech-Mafia<\/a> (J\u00f6rg Bergstedt)<\/p>\n<p><a href=\"http:\/\/www.youtube.com\/watch?v=dIl_ul97Q9g\">Seilschaften deutscher Gentechnik<\/a> (J. B. \u2013 1v3)<\/p>\n<p><a href=\"http:\/\/www.youtube.com\/watch?v=tGaNxCqLXKA\">Seilschaften deutscher Gentechnik<\/a> (J. B. \u2013 2v3)<\/p>\n<p><a href=\"http:\/\/www.youtube.com\/watch?v=62FmMl3uVBk\">Seilschaften deutscher Gentechnik<\/a> (J. B. \u2013 3v3)<\/p>\n<p><span style=\"text-decoration: underline;\">Die mir bekannten und am weitest verbreiteten\u00a0genmanipulierten Pflanzen\u00a0sind (unter Vorbehalt):<\/span><\/p>\n<p>Soja (ca. 80-90%) weltweit<br \/>\nMais (ca. 60-70%)<br \/>\nBaumwolle (ca. 90\u2013xx%)<br \/>\nWeizen (ca. 70%)<br \/>\nReis (50-60%)<br \/>\nTomaten<br \/>\nZucchini<br \/>\nBrokkoli<br \/>\nKartoffeln<br \/>\nLeinsamen<br \/>\nKaffee<br \/>\nWeintrauben<br \/>\n\u00c4pfel<br \/>\nBananen<br \/>\nu.a.<\/p>\n<p><span style=\"text-decoration: underline;\"><strong>Anmerkungen:<\/strong><\/span><\/p>\n<ol>\n<li>Genmanipuliertes Soja ist ebenso als Sojalecithin in den herk\u00f6mmlichen Schokoladen, Keksen und anderen Fertigprodukten drin. Auch\u00a0von Tofu udgl. sollte es bekannt sein\u00a0\u2013 vor allem den Vegetariern\u00a0&amp; Co.!<\/li>\n<li>Bienen wird man ebenfalls auf GVO-Feldern vergeblich suchen (auch hier geht das Artensterben weiter). In USA gibt es mittlerweile riesige Ventilatoren auf den Feldern, die eine Best\u00e4ubung herbeif\u00fchren.<\/li>\n<li>Auch die Monokulturen mit deren Folgen wie \u00dcbersalzung durch Kunstd\u00fcnger lassen gr\u00fc\u00dfen.<\/li>\n<li>Es gibt\u00a0u. a. Pflanzenschutzmittel, die bei uns schon lange verboten sind \u2013 wegen Giftigkeit (z. B. von BASF, Bayer usw.).\u00a0Diese werden aber nach wie vor von oben genannten Firmen nach China, Indien, S\u00fcdamerika\u00a0usw. verkauft, da entweder die Herstellung billiger (als Neuere) oder eine legale Entsorgung wesentlich teurer w\u00e4re. Aber auch in Spanien\u00a0tauchen immer wieder EU-Verbotene Pflanzenschutzmittel auf.<\/li>\n<li>Wissen Sie warum ein (Gro\u00df)Teil des Bio-Obstes &amp; -Gem\u00fcses (normalweise gentechfrei) im <strong>Nicht<\/strong>-EU-Raum (z.B.\u00a0Bohnen in China) angebaut wird?<br \/>\nWeil,<br \/>\na) Die Kontrollen dort sehr mangelhaft sind, bzw.\u00a0die \u201eNiedriglohnarbeiter\u201c\u00a0gar nicht wissen was \u201eBio\u201c-Gem\u00fcse\u00a0ist.\u00a0Die erhalten\u00a0einfach nur irgendeinen Samen und bringen diesen\u00a0auf \u201egekennzeichneten\u201c Plantagenreihen\/-bahnen\u00a0aus. Ob der Samen \u201eGVO-frei\u201c ist oder nicht, wissen die nicht wirklich (auf WDR gibt es, jede Woche glaub ich, die Sendereihe \u201eDie Story\u201c. Auch zu diesem Thema gab\u00b4s da\u00a0u.a. mal einen Bericht.).<br \/>\nb)\u00a0Ist das genau die Absicht der Gentech-Mafia, denn hier ist\u00a0eine\u00a0Reihe \u201egentechfrei\u201c die daneben\u00a0\u201eGVO-Samen\u201c, \u2013 jeweils immer abwechselnd. Nun, wer ein bisschen nachdenkt, wei\u00df, da\u00df der\u00a0Abstand &#8211; sollte\u00a0er denn auch 150 m sein &#8211; nicht wirklich was bringt (siehe Saharawinde \u2013 Sand wird\u00a01000de <strong>KM<\/strong>\u00a0weit\u00a0getragen). Hier passiert also genau da\u00df, was passieren soll (Monsanto &amp; Co.)! Die\u00a0Samen vermischen sich.\u00a0Bei\u00a0uns sind die Auflagen (noch) zu streng. Aber auch bei uns wird die 0,9%\u00a0Grenze (GVO-Verunreinigung) fallen, wenn\u00a0sie es nicht eh schon ist. Leider werden wir immer erst dann\u00a0informiert,\u00a0wenn das Kind\u00a0schon in den Brunnen gefallen\u00a0ist, bzw. Dinge nicht mehr umkehrbar\u00a0sind.\u00a0Sch\u00f6ne neue\u00a0(globale) Welt \u2013 beherrscht durch die Diktatur\u00a0von Gro\u00dfkonzernen.<br \/>\nAber\u00a0\u2013 solange sich der Mensch\u00a0noch\u00a0Krampfimel\u00a0oder Passivia von Daklone\u00a0hineinstopft und\u00a0das Geld f\u00fcr die v\u00f6llig \u00fcberteuerten\u00a0und nutzlosen Laborprodukte diesen Konzernen\u00a0hinterherwirft &#8230;&#8230; passt scho, oder?<\/li>\n<\/ol>\n<p><a href=\"http:\/\/www.allesisteins.com\/?page_id=43#top\">Nach oben<\/a><\/p>\n","protected":false},"excerpt":{"rendered":"<p>&nbsp; Tja, mit der Gentechnologie haben wir hier ein sehr brisantes Thema. F\u00fcr mich kommt diese Technologie aus verschiedenen Gesichtspunkten auf keinen Fall in Frage (soweit noch m\u00f6glich)! Zun\u00e4chst einmal \u2013 es ist und bleibt eine Technik. Technik im \u201eLebendbereich\u201c sollte im Allgemeinen (z.B. eine Gehhilfe) nur dort und nur solange unterst\u00fctzend eingesetzt werden, bis [&hellip;]<\/p>\n","protected":false},"author":1,"featured_media":0,"parent":15,"menu_order":6,"comment_status":"closed","ping_status":"open","template":"","meta":{"site-sidebar-layout":"default","site-content-layout":"","ast-site-content-layout":"default","site-content-style":"default","site-sidebar-style":"default","ast-global-header-display":"","ast-banner-title-visibility":"","ast-main-header-display":"","ast-hfb-above-header-display":"","ast-hfb-below-header-display":"","ast-hfb-mobile-header-display":"","site-post-title":"","ast-breadcrumbs-content":"","ast-featured-img":"","footer-sml-layout":"","ast-disable-related-posts":"","theme-transparent-header-meta":"","adv-header-id-meta":"","stick-header-meta":"","header-above-stick-meta":"","header-main-stick-meta":"","header-below-stick-meta":"","astra-migrate-meta-layouts":"default","ast-page-background-enabled":"default","ast-page-background-meta":{"desktop":{"background-color":"var(--ast-global-color-4)","background-image":"","background-repeat":"repeat","background-position":"center center","background-size":"auto","background-attachment":"scroll","background-type":"","background-media":"","overlay-type":"","overlay-color":"","overlay-opacity":"","overlay-gradient":""},"tablet":{"background-color":"","background-image":"","background-repeat":"repeat","background-position":"center center","background-size":"auto","background-attachment":"scroll","background-type":"","background-media":"","overlay-type":"","overlay-color":"","overlay-opacity":"","overlay-gradient":""},"mobile":{"background-color":"","background-image":"","background-repeat":"repeat","background-position":"center center","background-size":"auto","background-attachment":"scroll","background-type":"","background-media":"","overlay-type":"","overlay-color":"","overlay-opacity":"","overlay-gradient":""}},"ast-content-background-meta":{"desktop":{"background-color":"var(--ast-global-color-5)","background-image":"","background-repeat":"repeat","background-position":"center center","background-size":"auto","background-attachment":"scroll","background-type":"","background-media":"","overlay-type":"","overlay-color":"","overlay-opacity":"","overlay-gradient":""},"tablet":{"background-color":"var(--ast-global-color-5)","background-image":"","background-repeat":"repeat","background-position":"center center","background-size":"auto","background-attachment":"scroll","background-type":"","background-media":"","overlay-type":"","overlay-color":"","overlay-opacity":"","overlay-gradient":""},"mobile":{"background-color":"var(--ast-global-color-5)","background-image":"","background-repeat":"repeat","background-position":"center center","background-size":"auto","background-attachment":"scroll","background-type":"","background-media":"","overlay-type":"","overlay-color":"","overlay-opacity":"","overlay-gradient":""}},"footnotes":""},"class_list":["post-43","page","type-page","status-publish","hentry"],"_links":{"self":[{"href":"https:\/\/www.allesisteins.com\/index.php?rest_route=\/wp\/v2\/pages\/43","targetHints":{"allow":["GET"]}}],"collection":[{"href":"https:\/\/www.allesisteins.com\/index.php?rest_route=\/wp\/v2\/pages"}],"about":[{"href":"https:\/\/www.allesisteins.com\/index.php?rest_route=\/wp\/v2\/types\/page"}],"author":[{"embeddable":true,"href":"https:\/\/www.allesisteins.com\/index.php?rest_route=\/wp\/v2\/users\/1"}],"replies":[{"embeddable":true,"href":"https:\/\/www.allesisteins.com\/index.php?rest_route=%2Fwp%2Fv2%2Fcomments&post=43"}],"version-history":[{"count":0,"href":"https:\/\/www.allesisteins.com\/index.php?rest_route=\/wp\/v2\/pages\/43\/revisions"}],"up":[{"embeddable":true,"href":"https:\/\/www.allesisteins.com\/index.php?rest_route=\/wp\/v2\/pages\/15"}],"wp:attachment":[{"href":"https:\/\/www.allesisteins.com\/index.php?rest_route=%2Fwp%2Fv2%2Fmedia&parent=43"}],"curies":[{"name":"wp","href":"https:\/\/api.w.org\/{rel}","templated":true}]}}