{"id":382,"date":"2023-04-16T16:15:03","date_gmt":"2023-04-16T15:15:03","guid":{"rendered":"http:\/\/www.allesisteins.com\/?page_id=382"},"modified":"2023-04-16T16:16:03","modified_gmt":"2023-04-16T15:16:03","slug":"nahrungserganzungsmittel","status":"publish","type":"page","link":"https:\/\/www.allesisteins.com\/?page_id=382","title":{"rendered":"Nahrungserg\u00e4nzung"},"content":{"rendered":"<p>&nbsp;<\/p>\n<h3>Nahrungserg\u00e4nzungsmittel &amp; \u00e4hnliche Zusatzprodukte<\/h3>\n<p>Nun, wer sich <strong>einigerma\u00dfen ausgewogen<\/strong>, d.h., sich auch mit ca. 30-50% (der t\u00e4gl. Nahrung) frischem Obst &amp; Gem\u00fcse ern\u00e4hrt und auch sonst <strong>keinen \u201eRaubbau\u201c<\/strong> mit sich treibt, bedarf <strong>normalerweise keiner<\/strong> \u201ek\u00fcnstlichen\u201c Zusatzstoffe (Vitamine \/ Mineralien), wie Nahrungserg\u00e4nzungsmittel. Ich will jetzt nicht sagen, dass diese Erg\u00e4nzungsmittel <strong>v\u00f6llig<\/strong> nutz- oder wirkungslos sind, z.B. bei Menschen, die sich haupts\u00e4chlich von Fast- \/ Junkfood oder sehr einseitig ern\u00e4hren, Kettenraucher, Alko- \/ Workaholics usw., also Leute, welche <strong>\u201eRaubbau\u201c<\/strong> mit sich treiben. Bei denen stellen sich m\u00f6glicherweise \u201eBesserungen\u201c ein? Da stellt sich aber dann die Frage: warum nicht gleich sein Leben entsprechend umstellen (Katze \u2013 Schwanz)? \ud83d\ude09<\/p>\n<p>Im Gegenteil, es gibt sogar\u00a0bei vielen dieser \u201eKunstprodukte\u201c auch die M\u00f6glichkeit einer \u00dcberdosierung bei einigen Vitaminen, die sich\u00a0gef\u00e4hrlich\u00a0bzw. sch\u00e4dlich auswirken k\u00f6nnen (vor allem Vitamin A &amp; E).\u00a0\u00dcbrigens, sch\u00fctzt zus\u00e4tzliches Vitamin C auch nicht vor Erk\u00e4ltungskrankheiten \u2013 dies ist leider ein Irrglaube!<br \/>\nZu Mineralien sei noch gesagt, da\u00df manche von ihnen als\u00a0<strong>Antagonist<\/strong> (<i>griech.<\/i> \u03b1\u03bd\u03c4\u03b1\u03b3\u03c9\u03bd\u03b9\u03c3\u03c4\u03ae\u03c2 \u2013 \u201eGegenspieler\u201c) wirken, z.B. Calcium vs. Magnesium, Kalium vs. Natrium, usw. D.h., nehmen Sie das Eine ein, kann eine Ausscheidung des Anderen gef\u00f6rdert werden!<br \/>\nWeiters gibt es bisher <strong>keine seri\u00f6se und\u00a0unabh\u00e4ngige<\/strong>\u00a0Studie \u00fcber eine gesundheitsf\u00f6rdernde Wirkung.\u00a0Auch die\u00a0Hersteller m\u00fcssen weder die Wirksamkeit durch Studien nachweisen, noch wird untersucht, ob das, was verkauft wird, Nebenwirkungen hat. Da diese NEM rezeptfrei sind, fallen sie ja auch unter das Lebensmittelgesetz und nicht unters Arzneimittelgesetz.<\/p>\n<p>Dazu kommt jetzt noch, dass ein Gro\u00dfteil dieser Erg\u00e4nzungsmittel (z.B. Life Plus, Amway, Herbalife, LR usw. \u2013 egal wie die Firmen alle hei\u00dfen und wo sie ihren Sitz haben) aus dem Ausland kommen (gro\u00dfteils USA) und es dort sehr oft andere bis keine Bestimmungen gibt (in den USA gibt es <strong>keine<\/strong> Kennzeichnungspflicht f\u00fcr GVO\u00b4s, nicht mal f\u00fcr Klonfleisch). Das Schlimmste daran ist aber, dass die meisten Produkte aus Obst, Gem\u00fcse &amp; Kr\u00e4utern hergestellt werden, die gro\u00dfteils gentechnisch ver\u00e4ndert sind. In den USA gibt es kaum noch \u201enat\u00fcrliche\u201c Pflanzen, schon gar nicht die, die in gro\u00dfen Mengen f\u00fcr industrielle Zwecke verarbeitet werden. Sollten Produkte aus China, Indien odgl. kommen, besteht die Gefahr, dass diese Erg\u00e4nzungsmittel noch zus\u00e4tzlich mit anderen Schadstoffen (Schwermetalle, Pestizide, Fungizide usw.) belastet sind. Ich hatte selber mal vor vielen Jahren das sogenannte Multi-Level-Marketing (MLM) f\u00fcr Life Plus betrieben, weil ich mir teils paar Euros dazu verdienen wollte und teils auch dachte \u2013 man tut sich was Gutes. Bis ich mir eines Tages mal meine eigenen Gedanken \u00fcber dieses \u201eSystem\u201c (Nahrungserg\u00e4nzungsmittel) machte und nachforschte. Es wird leider auch in dieser Branche sehr viel und wundervoll erz\u00e4hlt: viel Werbung \u2013 viel bla bla und \u2013 ein Milliardengesch\u00e4ft!<br \/>\nNaja, jeder muss f\u00fcr sich selbst entscheiden, was er tut.<\/p>\n<p>Es gibt nat\u00fcrlich noch einen weiteren gravierenden Punkt, der gegen diese Nahrungserg\u00e4nzungsmittel spricht. Und zwar, sind diese sehr oft noch\u00a0zus\u00e4tzlich mit <strong>k\u00fcnstlich*<\/strong> hergestellten Vitaminen aufgepeppt. Diese sind aber nicht immer identisch mit den nat\u00fcrlichen Vitaminen (z.B. Vitamin E, weil Gruppe), d.h., diese k\u00f6nnen dann anders wirken (* dies gilt bei allen Pr\u00e4paraten &amp; \u201eIndustrie-Getr\u00e4nken\u201c, wie Smoothies, Hohes C und all die anderen S\u00e4fte).<\/p>\n<p>Zu guter Letzt, sind da noch der weite Transport und die <strong>F\u00f6rderung<\/strong> des Anbaus\u00a0gentechnisch ver\u00e4nderter Pflanzen im Ausland, bzw. die extra daf\u00fcr eingerichteten Plantagen. Und \u2013\u00a0bei uns werden dann Subventionen f\u00fcr\u00b4s Brachland rausgeschmissen?\u00a0Was soll\u00a0also der Unsinn?! Wollen wir uns noch mehr von anderen abh\u00e4ngig machen, die dann die Preise diktieren? Kaufen Sie sich lieber heimisches und saisonales Gem\u00fcse &amp; Obst \u2013 ern\u00e4hren Sie sich <strong>ausgewogen<\/strong>\u00a0und sparen Sie sich das Geld f\u00fcr verarbeitete Kunst- \/ Laborprodukte!<br \/>\nSollten Sie\u00a0einen <strong>echten<\/strong> Mineralienmangel haben (Labortest), dann haben Sie h\u00f6chstwahrscheinlich eine Resorptionsst\u00f6rung (Magen \/ Darm), da nutzen dann aber auch keine Pillen, Tabletten udgl. aus der Apotheke oder Drogeriemarkt (ausgenommen Durchfallerkrankung, Schwangerschaft\u00a0etc.)!<br \/>\nSodale\u00a0\u2013 und wer noch mehr \u00fcber die Unn\u00fctzlichkeit und den Milliardenmarkt wissen will, kann ja ruhig\u00a0mal unter Nahrungserg\u00e4nzungsmittel \u201egoogeln\u201c. Viel Spa\u00df! \ud83d\ude09<\/p>\n<p><span style=\"text-decoration: underline;\"><strong>Anmerkung:<\/strong><\/span><\/p>\n<p>In welcher Welt leben wir eigentlich? Z\u00e4hlt denn nur mehr noch \u201eDas Machbare\u201c, egal\u00a0wie sinnlos\u00a0und egal was es kostet? Brauchen wir heute denn \u00fcberall schon Technik \u2013 sogar bei\u00a0Lebensmittel? Die Dinge, die uns ern\u00e4hren und uns am Leben halten? Traurige Welt!<br \/>\nGewarnt sei auch vor Produkten mit sogenannten Nano-Partikel, u. a. auch dem \u201ekolloidalen Silber\u201c u. \u00c4., sie dringen durch die Haut und lagern sich im Gewebe ab! Lesen Sie dazu auch mal bei Wikipedia nach.<br \/>\nAch ja \u2013 das <a href=\"http:\/\/de.wikipedia.org\/wiki\/Himalayasalz\">Himalayasalz<\/a> kommt auch nicht von dort, wo es der Name vermuten l\u00e4sst!<\/p>\n<p><a href=\"http:\/\/www.allesisteins.com\/?page_id=382#top\">Nach oben<\/a><\/p>\n","protected":false},"excerpt":{"rendered":"<p>&nbsp; Nahrungserg\u00e4nzungsmittel &amp; \u00e4hnliche Zusatzprodukte Nun, wer sich einigerma\u00dfen ausgewogen, d.h., sich auch mit ca. 30-50% (der t\u00e4gl. Nahrung) frischem Obst &amp; Gem\u00fcse ern\u00e4hrt und auch sonst keinen \u201eRaubbau\u201c mit sich treibt, bedarf normalerweise keiner \u201ek\u00fcnstlichen\u201c Zusatzstoffe (Vitamine \/ Mineralien), wie Nahrungserg\u00e4nzungsmittel. Ich will jetzt nicht sagen, dass diese Erg\u00e4nzungsmittel v\u00f6llig nutz- oder wirkungslos sind, [&hellip;]<\/p>\n","protected":false},"author":1,"featured_media":0,"parent":15,"menu_order":3,"comment_status":"closed","ping_status":"open","template":"","meta":{"site-sidebar-layout":"right-sidebar","site-content-layout":"default","ast-site-content-layout":"default","site-content-style":"default","site-sidebar-style":"default","ast-global-header-display":"","ast-banner-title-visibility":"","ast-main-header-display":"","ast-hfb-above-header-display":"","ast-hfb-below-header-display":"","ast-hfb-mobile-header-display":"","site-post-title":"","ast-breadcrumbs-content":"","ast-featured-img":"","footer-sml-layout":"","ast-disable-related-posts":"","theme-transparent-header-meta":"default","adv-header-id-meta":"","stick-header-meta":"","header-above-stick-meta":"","header-main-stick-meta":"","header-below-stick-meta":"","astra-migrate-meta-layouts":"default","ast-page-background-enabled":"default","ast-page-background-meta":{"desktop":{"background-color":"var(--ast-global-color-4)","background-image":"","background-repeat":"repeat","background-position":"center center","background-size":"auto","background-attachment":"scroll","background-type":"","background-media":"","overlay-type":"","overlay-color":"","overlay-opacity":"","overlay-gradient":""},"tablet":{"background-color":"","background-image":"","background-repeat":"repeat","background-position":"center center","background-size":"auto","background-attachment":"scroll","background-type":"","background-media":"","overlay-type":"","overlay-color":"","overlay-opacity":"","overlay-gradient":""},"mobile":{"background-color":"","background-image":"","background-repeat":"repeat","background-position":"center center","background-size":"auto","background-attachment":"scroll","background-type":"","background-media":"","overlay-type":"","overlay-color":"","overlay-opacity":"","overlay-gradient":""}},"ast-content-background-meta":{"desktop":{"background-color":"var(--ast-global-color-5)","background-image":"","background-repeat":"repeat","background-position":"center center","background-size":"auto","background-attachment":"scroll","background-type":"","background-media":"","overlay-type":"","overlay-color":"","overlay-opacity":"","overlay-gradient":""},"tablet":{"background-color":"var(--ast-global-color-5)","background-image":"","background-repeat":"repeat","background-position":"center center","background-size":"auto","background-attachment":"scroll","background-type":"","background-media":"","overlay-type":"","overlay-color":"","overlay-opacity":"","overlay-gradient":""},"mobile":{"background-color":"var(--ast-global-color-5)","background-image":"","background-repeat":"repeat","background-position":"center center","background-size":"auto","background-attachment":"scroll","background-type":"","background-media":"","overlay-type":"","overlay-color":"","overlay-opacity":"","overlay-gradient":""}},"footnotes":""},"class_list":["post-382","page","type-page","status-publish","hentry"],"_links":{"self":[{"href":"https:\/\/www.allesisteins.com\/index.php?rest_route=\/wp\/v2\/pages\/382","targetHints":{"allow":["GET"]}}],"collection":[{"href":"https:\/\/www.allesisteins.com\/index.php?rest_route=\/wp\/v2\/pages"}],"about":[{"href":"https:\/\/www.allesisteins.com\/index.php?rest_route=\/wp\/v2\/types\/page"}],"author":[{"embeddable":true,"href":"https:\/\/www.allesisteins.com\/index.php?rest_route=\/wp\/v2\/users\/1"}],"replies":[{"embeddable":true,"href":"https:\/\/www.allesisteins.com\/index.php?rest_route=%2Fwp%2Fv2%2Fcomments&post=382"}],"version-history":[{"count":0,"href":"https:\/\/www.allesisteins.com\/index.php?rest_route=\/wp\/v2\/pages\/382\/revisions"}],"up":[{"embeddable":true,"href":"https:\/\/www.allesisteins.com\/index.php?rest_route=\/wp\/v2\/pages\/15"}],"wp:attachment":[{"href":"https:\/\/www.allesisteins.com\/index.php?rest_route=%2Fwp%2Fv2%2Fmedia&parent=382"}],"curies":[{"name":"wp","href":"https:\/\/api.w.org\/{rel}","templated":true}]}}