{"id":1509,"date":"2021-01-06T00:42:36","date_gmt":"2021-01-05T23:42:36","guid":{"rendered":"http:\/\/www.allesisteins.com\/?page_id=1509"},"modified":"2021-01-06T01:43:09","modified_gmt":"2021-01-06T00:43:09","slug":"dies-das-2","status":"publish","type":"page","link":"https:\/\/www.allesisteins.com\/?page_id=1509","title":{"rendered":"Dies &#038; Das"},"content":{"rendered":"<p>&nbsp;<\/p>\n<p><strong><span style=\"text-decoration: underline;\">Auf dieser Seite m\u00f6chte ich k\u00fcnftig paar Gedankeng\u00e4nge, W\u00fcnsche, Visionen usw. zusammenfassen.<\/span><\/strong><\/p>\n<p><strong>Manifest des einfachen Lebens:<\/strong> <a href=\"http:\/\/howtosavetheworld.ca\/2010\/03\/21\/manifesto\/\">Hier das Original in englisch<\/a><\/p>\n<p><strong>Ich bin kein Konsument:<\/strong> Ich bin nicht blo\u00df, wie mein Freund Jerry Michalski es s\u00e4uerlich ausdr\u00fcckt, \u201eein Schlund, der nur lebt, um Produkte herunter zu schlingen und Geld auszuschei\u00dfen\u201c. Ich bin nicht hier, um Sachen aufzubrauchen. Ich messe mich durch meine F\u00e4higkeit, sanft zu leben, <em>so wenig wie m\u00f6glich<\/em> zu konsumieren, im Prozess eines komfortablen, nachhaltigen, verantwortungsvollen, fr\u00f6hlichen, ausreichenden Lebens. Wenn ich mehr verbrauche, als ich daf\u00fcr muss, dann versage ich in meiner Verantwortung gegen\u00fcber Allem-Leben-Auf-Der-Erde. Wenn ihr, die Politiker und Unternehmen, messt, wie viel wir Menschen gemeinsam produzieren und konsumieren, dann messt ihr das kollektive Versagen unserer Art, verantwortungsvoll im Rahmen unserer Mittel zu leben \u2013 und nicht unser Wohlbefinden.<\/p>\n<p><strong>Ich bin kein Benutzer:<\/strong> Ein Benutzer ist jemand, der s\u00fcchtig ist, unf\u00e4hig aufzuh\u00f6ren, der Gnade der Dr\u00fccker ausgeliefert. Ich sehe dich, den Politiker, den Lakai, den H\u00e4ndler, den Anwalt, den Vermarkter, den Handlanger, als Verk\u00e4ufer von L\u00fcgen und endlosen sch\u00e4bigen, wertlosen M\u00fclls. Und ich bin kein Junkie. Ich kauf es euch nicht mehr ab, nicht l\u00e4nger. Ihr seid Verursacher von Elend und Leid und ihr solltet euch sch\u00e4men. Ihr verw\u00fcstet unseren Planeten, und ihr solltet damit aufh\u00f6ren.<\/p>\n<p><strong>Ich bin kein Schuldner:<\/strong> Ich schulde weder euch noch sonst jemandem etwas. Ihr k\u00f6nnt mich nicht kontrollieren, oder mir sagen, was zu tun ist und was nicht. Eure Gesetze sind nicht, wie ihr behauptet, dazu erschaffen, um Ordnung zu halten, sie sind Mittel, um zu unterdr\u00fccken, zu unterjochen. Ich bin nicht euer Untergebender. Ich werde nicht gemobbt, ver\u00e4ngstigt, bestochen, eingesch\u00fcchtert oder mit Propaganda verseucht. Ich erkenne weder eure, noch sonst jemandes Autorit\u00e4t an \u00fcber mich, oder \u00fcber meine Freiheit zu sein, wer ich wirklich bin und was ich zu tun gedenke.<\/p>\n<p><strong>Ich bin kein Angestellter:<\/strong> Juristisch ist ein Mitarbeiter definiert als eine Person, die in einer \u201eDiener-Herr\u201c-Beziehung zum Arbeitgeber steht. Ich habe keinen Meister und ich bin niemandes Knecht. Ich bin nicht zu verbiegen. Ich tue, was ich w\u00e4hle, das, vom dem ich wei\u00df, dass es Recht ist, getan zu werden. Sagt mir nicht und fordert nicht von mir, es anders zu machen.<\/p>\n<p><strong>Ich bin keine Ressource:<\/strong> Ihr k\u00f6nnt nicht mich gebrauchen oder verbrauchen. Ich bin kein Produkt. Ich bin nicht meine Arbeit. Ihr k\u00f6nnt weder mich noch mein Interesse verbrauchen. Ich bin kein Faktor in der Produktion. Wie sehr ihr auch versucht, meine Produktivit\u00e4t zu messen und zu bewerten, es bedeutet mir nichts.<\/p>\n<p><strong>Ich bin kein Besitzer:<\/strong> Eure \u201eGesellschaft der Eigent\u00fcmer\u201c ist ein Betrug, eine groteske L\u00fcge um jene, die in Bescheidenheit leben, zu \u00fcberzeugen, dass sie raubgieriger leben sollten, dass sie horten m\u00fcssen, dass sie darum k\u00e4mpfen sollten, mehr von dem Zeug zu erwerben und zu sch\u00fctzen, das ihr produziert und verbreitet, als eine Ablenkung von eurem Eigentums-Verbrechen. Wir haben keine Rechte an nichts, wir sind nur mit der kollektiven Verwaltung des Landes betraut, in Partnerschaft mit dem Rest von Allem-Leben-Auf-Der-Erde, als unsere heilige Verantwortung. Wir geh\u00f6ren der Erde, nicht sie uns. Ich beanspruche kein Eigentum an nichts und ich erkenne auch weder euer Eigentum an irgendetwas an, noch eure Eigentumsrechte, egal wie sehr ihr mir durch eure Armee, eure Exekutiven und eure schmierigen Anw\u00e4lte droht mit euren erb\u00e4rmlichen und missbr\u00e4uchlichen Gesetzen.<\/p>\n<p><strong>Ich bin kein Anf\u00fchrer:<\/strong> Ich behaupte nicht, Antworten zu haben und ich glaube nicht an Hierarchie. Wir brauchen keine F\u00fchrer und Helden, kein gutes Zureden und keine N\u00f6tigung, die uns unserer eigenen Verantwortung enthebt, zu entdecken und zu tun, was wir bestimmt sind zu tun. Ich habe genug von der Rhetorik der Staats- und Regierungschefs, die uns glauben machen wollen, dass sie oder sonst jemand die Kontrolle haben kann. Was auf dieser Welt passiert, ist werdend und das kollektive Ergebnis dessen, was wir alle tun. Wir brauchen keine F\u00fchrer, die uns den Weg zeigen. Wir brauchen Vermittler, Menschen, die sich k\u00fcmmern, die uns helfen, in Gemeinschaft zusammenzuarbeiten, die Hindernisse beseitigen und dann selbst aus dem Weg gehen.<\/p>\n<p><strong>Ich bin nicht gl\u00e4ubig:<\/strong> Es gibt keinen -ismus, den man mir anh\u00e4ngen k\u00f6nnte, der h\u00e4ngen bleibt. <em>Niemand wei\u00df irgendwas<\/em>, mich eingeschlossen. Wir alle suchen nur, was es in jedem Augenblick bedarf. Wir tun erst was wir m\u00fcssen, dann tun wir, was leicht ist und dann werden wir das tun, was Spa\u00df macht. Ideologie hat damit nichts zu tun. Sag mir nicht, was ich glauben soll, oder was du glaubst. Sag mir, was dir wichtig ist, was du liebst, wof\u00fcr du Leidenschaft hast, und dann erz\u00e4hl nicht, sondern zeige mir warum. Zeig mir, was du wei\u00dft, wie etwas getan werden kann, das ist n\u00fctzlich. Erspare mir deine kluge und nutzlose Rhetorik.<\/p>\n<p><strong>Ich bin ein Komplize und ich bin ein Teil:<\/strong> Ein Komplize der Kreaturen, die das ausmachen, was ich seltsam \u201eIch\u201c nenne, und ein Teil der Gemeinschaft von Allem-Leben-Auf-Der-Erde. Mein \u201eEigeninteresse\u201c ist eine L\u00fcge, eine Geschichte, die propagiert worden ist und in mir anerzogen wurde durch Zynismus, Manipulation und Angst, um mich und uns alle zerstreut und gehorsam zu halten. Wenn ich endlich lerne, all den Schleim abzustreifen, den ich erwarb, als ich es nicht besser wusste, und entdecke, wer ich wirklich bin \u2013 niemand au\u00dfer mir selbst \u2013 dann entdecke ich, dass ich kein Eigeninteresse habe. Ich bin nur ein Teil. Hier, um ein Teil des gro\u00dfen Kreises des Lebens, des Lernens und der Liebe auf diesem erstaunlichen Planeten zu sein.<\/p>\n<p><strong>Ich bin nur der Raum<\/strong>, durch den Zeug hindurchgeht, Teil des komplexen unergr\u00fcndlichen Tanzes von Allem-Leben-Auf-Der-Erde. Und meine Rolle \u2013 meine einzige Rolle \u2013 ist zu lernen darin <em>zu improvisieren, welches von dem hindurchfliessenden Zeug ich ber\u00fchre und welches ich einfach loslasse<\/em>. Es ist keine Wahl, es ist wie ein Wissen, ein kollektives und verbundenes, ein instinktives und sinnliches Wissen. \u201eAh, ich wei\u00df, wie ich das verbessern kann, oder es deutlicher, oder interessanter, oder n\u00fctzlicher, oder innovativer, oder freudiger werden lassen kann \u2013 <em>Hier<\/em>!\u201c Ich lerne fortlaufend, da zu sein, um das Zeug zu tun, das ein wenig hilft. Ich lerne, zu wissen, was zu tun ist und Spa\u00df dabei zu haben, es zu tun. Die wilden Kreaturen, deren Welt ich teile, verstehen das gut, und es wird mich eine Lebenszeit Praxis kosten, um halb so klug in der Kunst des Lebens zu werden, wie sie es sind, darin Leben zu erhalten, von Nutzen zu sein und gl\u00fccklich, ohne es auch nur versuchen zu m\u00fcssen. Einfach nur der Raum zu sein, und das richtige Zeug in der exakt richtigen Art und Weise zu ber\u00fchren, w\u00e4hrend es durch mich hindurchflie\u00dft.<\/p>\n<p><strong>Das ist, wer ich bin:<\/strong> Kein Verbraucher, Benutzer, Schuldner, Angestellter, keine Ressource, kein Eigent\u00fcmer, kein F\u00fchrer, kein Gl\u00e4ubiger, kein -ist. H\u00f6rt auf, mich so zu nennen. Versteht, wer ich bin und beginnt auch zu verstehen, wer ihr seid. Dann werdet ihr frei sein von all den Namen, die euch einsperren, euch gleichmachen, euch zu dem machen, was ihr nicht seid. Wir sehen uns dann.<\/p>\n<hr \/>\n<p><strong>Arbeiten oder nicht arbeiten? Oder auch \u201eFreiheit statt Freizeit\u201c<\/strong><\/p>\n<p><strong>Was ist eigentlich Arbeit?<\/strong><\/p>\n<p>Nun, per Definition ist Arbeit (Physik) folgendes: <a href=\"http:\/\/de.wikipedia.org\/wiki\/Arbeit_(Physik)\">Die Arbeit W<\/a> (engl. <em>work<\/em>) ist die Energie, die durch eine Kraft l\u00e4ngs eines Weges auf einen K\u00f6rper \u00fcbertragen wird! Arbeit ist aber nat\u00fcrlich nicht nur auf den physischen bzw. materiellen Bereich beschr\u00e4nkt, sondern findet ebenso auf \/ in \u201egeistiger\u201c oder anderen <a href=\"http:\/\/de.wikipedia.org\/wiki\/Arbeit\">Ebenen \/ Bereichen<\/a> statt (s. a. <a href=\"http:\/\/de.wikipedia.org\/wiki\/T%C3%A4tigkeit\">T\u00e4tigkeit<\/a>). Die Frage die sich hier somit stellt, ist, kann man \u00fcberhaupt <strong>nichts<\/strong> tun bzw. <strong>nicht<\/strong> arbeiten?<br \/>\nWir sagen zwar immer: wenn ich die &amp; die Arbeit getan habe, <strong>dann<\/strong> mache ich Pause, <strong>dann<\/strong> gehe ich in den Urlaub, <strong>dann<\/strong> lege ich mich nieder usw. \u2013 ABER, machen wir dann wirklich <strong>NICHTS<\/strong>?<br \/>\nUnser \u201eK\u00f6rper &amp; Geist\u201c tut st\u00e4ndig etwas! Entweder wir bewegen uns (aktiv), schreiben, denken, essen, trinken usw. oder wir wechseln in den angeblich \u201epassiven\u201c Teil, z.B. schlafen, verdauen, tr\u00e4umen (verarbeiten von Geschehenem), erneuern Zellen, wachsen usw.<\/p>\n<p>Sie sehen, ein wirkliches \u201eNichtstun\u201c gibt es gar nicht. Worauf ich nun hinaus will, ist Folgendes: <strong>Die Arbeit.<\/strong>\u00a0Eine Arbeit,\u00a0so wie wir sie f\u00fcr unser heutiges Leben definiert haben (zumindest die Meisten). Wir tun also etwas (mehr oder weniger gewollt), um ein Einkommen zu \u201egenerieren\u201c, also Geld zu verdienen. Mit diesem Geld k\u00f6nnen wir dann wiederum \u201eDinge\u201c kaufen, die andere produziert haben \u2013 wenn es denn ausreicht? Wir tauschen also Arbeit zu Geld und Geld zu Arbeit. So weit so gut \u2013 oder auch nicht. Heut zu Tage, bekommen n\u00e4mlich immer mehr Menschen, immer weniger Geld f\u00fcr mehr Arbeit \u2013 wenn sie denn \u00fcberhaupt noch \u201ebezahlte\u201c Arbeit finden. Dazu kommt noch, dass immer mehr Menschen immer weniger das tun (k\u00f6nnen), was sie m\u00f6chten bzw. zu was sie <strong>\u201ef\u00e4hig\u201c<\/strong> sind und wozu sie Lust haben (vgl. Beruf &#8211;&gt; Berufung). Was ich meine, ist, dass die Menschen, sei es von der Erziehung her (hast du was, bist du was \/ wer), oder von unserem dogmatisch-diktatorisch-rigiden System, immer mehr in ein monet\u00e4r-abh\u00e4ngiges System hineingezw\u00e4ngt werden, ob sie wollen oder nicht!<br \/>\nDies ist aber letztendlich nichts anderes als \u201emoderne\u201c Sklaverei oder Prostitution. Beides bedeutet Abh\u00e4ngigkeit, um\u00a0dann\u00a0das zu tun was andere vorgeben (Macht \u2013 Ohnmacht).<br \/>\nEs ist ja nicht so, dass\u00a0die Menschen gar nicht \u201earbeiten\u201c wollen (vielleicht ein paar Ausnahmen), im Sinne von \u201eNichtstun\u201c, sondern dass die Mehrheit sogar wesentlich \u201eaktiver\u201c und \u201ebesser\u201c w\u00e4re, wenn man nur jedem wieder mehr \u201eFreiheit\u201c und auch eine gerechtere Bezahlung gibt, dass zu tun, was sie (tun) \u201e<strong>K\u00f6nnen<\/strong>\u201c\u00a0(Talent).<\/p>\n<p>Hier ein kleines Firmenbeispiel (Semco): <a href=\"http:\/\/www.sein.de\/gesellschaft\/neue-wirtschaft\/2010\/die-befreiung-der-arbeit-das-7-tage-wochenende.html\">Die Befreiung der Arbeit: Das 7-Tage-Wochenende<\/a><\/p>\n<p><span style=\"text-decoration: underline;\">Hier noch ein paar Clips (1 \u2013 5) zum evtl. besseren Verst\u00e4ndnis (6 \u2013 13 u. f. sind unter Youtube aufgelistet).<\/span><\/p>\n<p><a href=\"http:\/\/www.youtube.com\/watch#!v=1ByHkSKHBM0&amp;feature=related\">Grundeinkommen Teil 1<\/a><\/p>\n<p><a href=\"http:\/\/www.youtube.com\/watch#!v=4D-xCy9dUUY&amp;feature=related\">Grundeinkommen Teil 2<\/a><\/p>\n<p><a href=\"http:\/\/www.youtube.com\/watch#!v=ESk0K5yA734&amp;feature=related\">Grundeinkommen Teil 3<\/a><\/p>\n<p><a href=\"http:\/\/www.youtube.com\/watch#!v=owjDRdrkKpM&amp;feature=related\">Grundeinkommen Teil 4<\/a><\/p>\n<p><a href=\"http:\/\/www.youtube.com\/watch#!v=De1XPfUQOpQ&amp;feature=related\">Grundeinkommen Teil 5<\/a><\/p>\n<p><a href=\"http:\/\/alles-schallundrauch.blogspot.com\/2009\/08\/geht-raus-und-tut-was-fur-euch-und-eure.html\">Geht raus und tut was f\u00fcr euch (ASR)<\/a><\/p>\n<hr \/>\n<p>.<\/p>\n<p>.<\/p>\n<p>.<\/p>\n<p><a href=\"http:\/\/www.allesisteins.com\/\/?page_id=1509#top\">Nach oben<\/a><\/p>\n","protected":false},"excerpt":{"rendered":"<p>&nbsp; Auf dieser Seite m\u00f6chte ich k\u00fcnftig paar Gedankeng\u00e4nge, W\u00fcnsche, Visionen usw. zusammenfassen. Manifest des einfachen Lebens: Hier das Original in englisch Ich bin kein Konsument: Ich bin nicht blo\u00df, wie mein Freund Jerry Michalski es s\u00e4uerlich ausdr\u00fcckt, \u201eein Schlund, der nur lebt, um Produkte herunter zu schlingen und Geld auszuschei\u00dfen\u201c. Ich bin nicht hier, [&hellip;]<\/p>\n","protected":false},"author":1,"featured_media":0,"parent":15,"menu_order":8,"comment_status":"closed","ping_status":"open","template":"","meta":{"site-sidebar-layout":"default","site-content-layout":"","ast-site-content-layout":"default","site-content-style":"default","site-sidebar-style":"default","ast-global-header-display":"","ast-banner-title-visibility":"","ast-main-header-display":"","ast-hfb-above-header-display":"","ast-hfb-below-header-display":"","ast-hfb-mobile-header-display":"","site-post-title":"","ast-breadcrumbs-content":"","ast-featured-img":"","footer-sml-layout":"","ast-disable-related-posts":"","theme-transparent-header-meta":"","adv-header-id-meta":"","stick-header-meta":"","header-above-stick-meta":"","header-main-stick-meta":"","header-below-stick-meta":"","astra-migrate-meta-layouts":"default","ast-page-background-enabled":"default","ast-page-background-meta":{"desktop":{"background-color":"var(--ast-global-color-4)","background-image":"","background-repeat":"repeat","background-position":"center center","background-size":"auto","background-attachment":"scroll","background-type":"","background-media":"","overlay-type":"","overlay-color":"","overlay-opacity":"","overlay-gradient":""},"tablet":{"background-color":"","background-image":"","background-repeat":"repeat","background-position":"center center","background-size":"auto","background-attachment":"scroll","background-type":"","background-media":"","overlay-type":"","overlay-color":"","overlay-opacity":"","overlay-gradient":""},"mobile":{"background-color":"","background-image":"","background-repeat":"repeat","background-position":"center center","background-size":"auto","background-attachment":"scroll","background-type":"","background-media":"","overlay-type":"","overlay-color":"","overlay-opacity":"","overlay-gradient":""}},"ast-content-background-meta":{"desktop":{"background-color":"var(--ast-global-color-5)","background-image":"","background-repeat":"repeat","background-position":"center center","background-size":"auto","background-attachment":"scroll","background-type":"","background-media":"","overlay-type":"","overlay-color":"","overlay-opacity":"","overlay-gradient":""},"tablet":{"background-color":"var(--ast-global-color-5)","background-image":"","background-repeat":"repeat","background-position":"center center","background-size":"auto","background-attachment":"scroll","background-type":"","background-media":"","overlay-type":"","overlay-color":"","overlay-opacity":"","overlay-gradient":""},"mobile":{"background-color":"var(--ast-global-color-5)","background-image":"","background-repeat":"repeat","background-position":"center center","background-size":"auto","background-attachment":"scroll","background-type":"","background-media":"","overlay-type":"","overlay-color":"","overlay-opacity":"","overlay-gradient":""}},"footnotes":""},"class_list":["post-1509","page","type-page","status-publish","hentry"],"_links":{"self":[{"href":"https:\/\/www.allesisteins.com\/index.php?rest_route=\/wp\/v2\/pages\/1509","targetHints":{"allow":["GET"]}}],"collection":[{"href":"https:\/\/www.allesisteins.com\/index.php?rest_route=\/wp\/v2\/pages"}],"about":[{"href":"https:\/\/www.allesisteins.com\/index.php?rest_route=\/wp\/v2\/types\/page"}],"author":[{"embeddable":true,"href":"https:\/\/www.allesisteins.com\/index.php?rest_route=\/wp\/v2\/users\/1"}],"replies":[{"embeddable":true,"href":"https:\/\/www.allesisteins.com\/index.php?rest_route=%2Fwp%2Fv2%2Fcomments&post=1509"}],"version-history":[{"count":0,"href":"https:\/\/www.allesisteins.com\/index.php?rest_route=\/wp\/v2\/pages\/1509\/revisions"}],"up":[{"embeddable":true,"href":"https:\/\/www.allesisteins.com\/index.php?rest_route=\/wp\/v2\/pages\/15"}],"wp:attachment":[{"href":"https:\/\/www.allesisteins.com\/index.php?rest_route=%2Fwp%2Fv2%2Fmedia&parent=1509"}],"curies":[{"name":"wp","href":"https:\/\/api.w.org\/{rel}","templated":true}]}}