{"id":1136,"date":"2021-01-06T00:45:31","date_gmt":"2021-01-05T23:45:31","guid":{"rendered":"http:\/\/www.allesisteins.com\/?page_id=1136"},"modified":"2021-01-06T01:46:04","modified_gmt":"2021-01-06T00:46:04","slug":"universelles-wissen","status":"publish","type":"page","link":"https:\/\/www.allesisteins.com\/?page_id=1136","title":{"rendered":"Universelles Wissen"},"content":{"rendered":"<p>&nbsp;<\/p>\n<p>Rufen wir uns doch zun\u00e4chst noch einmal den Inhalt der Startseite in Erinnerung. Dort hatte ich ja geschrieben, dass ALLES aus derselben Ur-Suppe stammt und somit auch ALLES im Universum enthalten ist. Da dies ja nicht nur die materielle Ebene betrifft, sondern alle Ebenen, gilt dies nat\u00fcrlich auch f\u00fcr die \u201eGeistige\u201c.<\/p>\n<p>Ich m\u00f6chte hier nun wieder einen sehr einfachen aber anschaulichen Vergleich anstellen und das Universum, bezogen auf das \u201e(Ur)Wissen\u201c bzw. die \u201eInformationen\u201c, mit einer Schallplatte, einer DVD oder einer Festplatte vergleichen. Egal welchen Begriff wir in der heutigen Zeit hierf\u00fcr einsetzen \u2013 das <strong>komplette<\/strong> \u201eWissen\u201c, welches im Universum existiert, ist auf diesem \u201eDatentr\u00e4ger\u201c gespeichert. All dieses Wissen war somit schon IMMER da, ist IMMER da und wird IMMER da sein.<\/p>\n<p>Vergleichbar zum \u201eInformationstr\u00e4ger\u201c (Uni-versum), ist der Mensch der Plattenspieler, also das \u201eAbspielger\u00e4t oder Abtaster\u201c. So wie wir zu einem bestimmten Zeitpunkt ein bestimmtes Lied h\u00f6ren k\u00f6nnen \/ wollen, so obliegt es uns auch, WANN wir Zugang zu bestimmten Informationen finden (Schiffsschraube, Raketenbau, Hom\u00f6opathie usw.), bzw. auch bereit sind, einen bestimmten Aspekt erleben oder erfahren zu wollen. Jeder Mensch sucht sich also zu <strong>seinem<\/strong> gewollten (oder auch \u201eungewollten\u201c, vgl. Schicksal) Zeitpunkt, den Teil \/ das Wissen raus, was er erfahren, erleben oder \u201eer-finden\u201c will \/ m\u00f6chte.<\/p>\n<p>Manchmal h\u00f6ren wir einen Text, eine Geschichte oder eine Aussage und k\u00f6nnen aber mit dieser Information nichts anfangen (z.B. in der Partnerschaft). Wir nicken vielleicht noch zustimmend, und damit hat es sich auch schon \ud83d\ude09<br \/>\nDas andere Mal aber, lesen wir vielleicht ein Buch oder einen Ausschnitt und sagen daraufhin, ha, ja \u2013 ja \u2013 ja, ja genau, genau so ist es, so hab ich\u00b4s selber schon immer gesagt oder gef\u00fchlt. &gt;&gt; Wenn ich ein Buch schreiben w\u00fcrde, dann h\u00e4tte ich es genauso geschrieben &lt;&lt;<br \/>\nWer kennt also solche Momente nicht? Was hierbei stattfindet, ist eine Re-sonanz (lat. <a href=\"http:\/\/de.wikipedia.org\/wiki\/Resonanz\"><em>resonare<\/em><\/a>, \u201ewiderhallen, ert\u00f6nen\u201c; vgl. Per-son(a r) \u2013 \u201edurch-klingen \/ -schwingen\u201c), also ein \u201eGleichschwingen\u201c auf etwas. D.h., wir sehen oder h\u00f6ren etwas, womit wir schon mal in Kontakt getreten sind. Hierzu ein Zitat von Goethe:<\/p>\n<p style=\"text-align: center;\">W\u00e4r nicht das Auge sonnenhaft,<br \/>\ndie Sonne k\u00f6nnt es nie erblicken;<br \/>\nL\u00e4g nicht in uns des Gottes eigne Kraft,<br \/>\nwie k\u00f6nnt uns G\u00f6ttliches entz\u00fccken?<\/p>\n<p>Was ich noch zusammenfassend sagen m\u00f6chte, ist, dass uns ALLEN, bzw. JEDEM EINZELNEN das gesamte \u201eWissen\u201c f\u00fcr IMMER und EWIG zu JEDER Zeit zur Verf\u00fcgung steht (\u00e4hnliches dazu, kann man auch nachlesen bei Rupert Sheldrake \u2013 Morphogenetische Felder, s.\u00a0\u201e<a href=\"http:\/\/www.allesisteins.com\/?page_id=72\">Literaturempfehlungen<\/a>\u201c). Ein Mensch kann somit NIEMALS das \u201e(Ur)Wissen\u201c bzw. ein Teil-Wissen (f\u00fcr Erfindungen, Buchschreiben, Liedertexten usw.) f\u00fcr sich alleine pachten, in Anspruch nehmen, oder ein Recht darauf aus\u00fcben.<\/p>\n<p>F\u00fcr mich, ist somit der heutige rechtliche Kampf um die so genannten Urheberrechte oder Streits um Patente v\u00f6llig unsinnig, \u00fcberfl\u00fcssig und falsch! Das Einzige, auf was man ein \u201e(Bezahl)Recht\u201c aus\u00fcben k\u00f6nnte \/ kann, ist auf die Arbeit(szeit) die dahinter steckt. So, wie ich hier die ganzen Texte schreibe und reinstelle, k\u00f6nnte ich bestenfalls f\u00fcr meine Arbeit etwas verlangen, aber nicht auf das \u201eWissen\u201c selbst, oder auf das so genannte \u201egeistige Eigentum\u201c welches mir \u201eein- oder zu-fiel\u201c.<br \/>\nDenn wie gesagt, das Wissen selbst ist immer da und es kommt halt nur drauf an, zu welchem Zeitpunkt, jemand Zugang oder Zugriff zu einem bestimmten Wissensbereich findet. Ich bin mir auch sicher, dass sich in diesen Texten, der ein oder andere wieder findet \u2013 <strong>ich<\/strong> habe es aber <strong>so<\/strong>, in dieser Form niedergeschrieben! \ud83d\ude09<\/p>\n<p>Wir k\u00f6nnten somit (weltweit) <strong>gemeinsam<\/strong> wesentlich effektiver \u201earbeiten\u201c und mehr er-schaffen (leichter und ohne Druck), wenn wir den \u201eeinzelnen\u201c Machtanspruch und die pers\u00f6nlichen Grenzen fallen lassen w\u00fcrden (vgl. z.B. Gentechnik, die wir nicht br\u00e4uchten). Da dann ebenso das Konkurrenzdenken \/ -handeln wegfiele, w\u00fcrden auch die st\u00e4ndigen \u201eAngst- &amp; Neidgef\u00fchle\u201c ausbleiben. Es ginge uns hierdurch nicht nur gesundheitlich deutlich besser, sondern auch die \u201eArbeit\u201c m\u00fcsste evtl. nicht mehr als Arbeit empfunden werden. Wir k\u00f6nnten also insgesamt lockerer und spielerischer miteinander umgehen. In diesem Sinne \u2013 \u201eWir ALLE sind Eins\u201c <strong>und<\/strong> \u201eAlles liegt in uns\u201c.<\/p>\n<p><a href=\"http:\/\/www.allesisteins.com\/?page_id=1136#top\">Nach oben<\/a><\/p>\n","protected":false},"excerpt":{"rendered":"<p>&nbsp; Rufen wir uns doch zun\u00e4chst noch einmal den Inhalt der Startseite in Erinnerung. Dort hatte ich ja geschrieben, dass ALLES aus derselben Ur-Suppe stammt und somit auch ALLES im Universum enthalten ist. Da dies ja nicht nur die materielle Ebene betrifft, sondern alle Ebenen, gilt dies nat\u00fcrlich auch f\u00fcr die \u201eGeistige\u201c. Ich m\u00f6chte hier [&hellip;]<\/p>\n","protected":false},"author":1,"featured_media":0,"parent":15,"menu_order":11,"comment_status":"closed","ping_status":"open","template":"","meta":{"site-sidebar-layout":"default","site-content-layout":"","ast-site-content-layout":"default","site-content-style":"default","site-sidebar-style":"default","ast-global-header-display":"","ast-banner-title-visibility":"","ast-main-header-display":"","ast-hfb-above-header-display":"","ast-hfb-below-header-display":"","ast-hfb-mobile-header-display":"","site-post-title":"","ast-breadcrumbs-content":"","ast-featured-img":"","footer-sml-layout":"","ast-disable-related-posts":"","theme-transparent-header-meta":"","adv-header-id-meta":"","stick-header-meta":"","header-above-stick-meta":"","header-main-stick-meta":"","header-below-stick-meta":"","astra-migrate-meta-layouts":"default","ast-page-background-enabled":"default","ast-page-background-meta":{"desktop":{"background-color":"var(--ast-global-color-4)","background-image":"","background-repeat":"repeat","background-position":"center center","background-size":"auto","background-attachment":"scroll","background-type":"","background-media":"","overlay-type":"","overlay-color":"","overlay-opacity":"","overlay-gradient":""},"tablet":{"background-color":"","background-image":"","background-repeat":"repeat","background-position":"center center","background-size":"auto","background-attachment":"scroll","background-type":"","background-media":"","overlay-type":"","overlay-color":"","overlay-opacity":"","overlay-gradient":""},"mobile":{"background-color":"","background-image":"","background-repeat":"repeat","background-position":"center center","background-size":"auto","background-attachment":"scroll","background-type":"","background-media":"","overlay-type":"","overlay-color":"","overlay-opacity":"","overlay-gradient":""}},"ast-content-background-meta":{"desktop":{"background-color":"var(--ast-global-color-5)","background-image":"","background-repeat":"repeat","background-position":"center center","background-size":"auto","background-attachment":"scroll","background-type":"","background-media":"","overlay-type":"","overlay-color":"","overlay-opacity":"","overlay-gradient":""},"tablet":{"background-color":"var(--ast-global-color-5)","background-image":"","background-repeat":"repeat","background-position":"center center","background-size":"auto","background-attachment":"scroll","background-type":"","background-media":"","overlay-type":"","overlay-color":"","overlay-opacity":"","overlay-gradient":""},"mobile":{"background-color":"var(--ast-global-color-5)","background-image":"","background-repeat":"repeat","background-position":"center center","background-size":"auto","background-attachment":"scroll","background-type":"","background-media":"","overlay-type":"","overlay-color":"","overlay-opacity":"","overlay-gradient":""}},"footnotes":""},"class_list":["post-1136","page","type-page","status-publish","hentry"],"_links":{"self":[{"href":"https:\/\/www.allesisteins.com\/index.php?rest_route=\/wp\/v2\/pages\/1136","targetHints":{"allow":["GET"]}}],"collection":[{"href":"https:\/\/www.allesisteins.com\/index.php?rest_route=\/wp\/v2\/pages"}],"about":[{"href":"https:\/\/www.allesisteins.com\/index.php?rest_route=\/wp\/v2\/types\/page"}],"author":[{"embeddable":true,"href":"https:\/\/www.allesisteins.com\/index.php?rest_route=\/wp\/v2\/users\/1"}],"replies":[{"embeddable":true,"href":"https:\/\/www.allesisteins.com\/index.php?rest_route=%2Fwp%2Fv2%2Fcomments&post=1136"}],"version-history":[{"count":0,"href":"https:\/\/www.allesisteins.com\/index.php?rest_route=\/wp\/v2\/pages\/1136\/revisions"}],"up":[{"embeddable":true,"href":"https:\/\/www.allesisteins.com\/index.php?rest_route=\/wp\/v2\/pages\/15"}],"wp:attachment":[{"href":"https:\/\/www.allesisteins.com\/index.php?rest_route=%2Fwp%2Fv2%2Fmedia&parent=1136"}],"curies":[{"name":"wp","href":"https:\/\/api.w.org\/{rel}","templated":true}]}}