{"id":11,"date":"2021-01-06T00:51:27","date_gmt":"2021-01-05T23:51:27","guid":{"rendered":"http:\/\/www.allesisteins.com\/?page_id=11"},"modified":"2021-01-06T01:51:27","modified_gmt":"2021-01-06T00:51:27","slug":"uber-mich","status":"publish","type":"page","link":"https:\/\/www.allesisteins.com\/?page_id=11","title":{"rendered":"\u00dcber mich"},"content":{"rendered":"<p>Servus und Hallo,<\/p>\n<p>oder wie man in Bayern sagt. \ud83d\ude09 Ich bin 1961 in Linz \/ \u00d6sterreich im Sternzeichen der Fische geboren. Meine Kindheit und Jugendzeit verbrachte ich gro\u00dfteils in der Stadt, aber auch am Land. Nach meiner 3 \u00bd j\u00e4hrigen Ausbildung als Chemielaborant ging ich 1981 nach M\u00fcnchen und arbeitete da auch als solcher. Doch nach kurzer Zeit wechselte ich die Branche und machte bei einer gro\u00dfen Autofirma eine Ausbildung zum Programmierer. Obwohl ich dort \u00a0relativ lang war und ganz gut verdiente, merkte ich, dass mir auch hier etwas fehlte. Ich war auf der Suche.<\/p>\n<p>Ich fing zun\u00e4chst in meiner Freizeit an, mich vermehrt f\u00fcr die Psyche des Menschen und sein Verhalten zu interessieren. Hiermit stie\u00df ich allerdings ein riesiges Tor auf und die Reise ging da erst richtig los. Meine Neugier lie\u00df mich hier kaum mehr ruhen.<\/p>\n<p>Warum wird ein Mensch (und andere Wesen) krank? Was ist Krankheit? Was hat Krankheit mit einem zu tun? Was ist Gesundheit? Warum sind wir hier? Wo geht\u00b4s hin, usw.? Es tauchten also immer mehr Fragen (als Antworten) auf. Zu dieser Zeit war ich schlimmer als ein Schwamm. \ud83d\ude09<\/p>\n<p>Ich begann dann nat\u00fcrlich auch zu jedem Thema Kurse oder Seminare zu besuchen und entsprechend Literatur zu kaufen. Es ging dann ja auch \u00fcber Themen wie Religion, Philosophie, Physik, Medizin, Tr\u00e4ume, Farben bis hin zu Sprachen (Latein &amp; Griechisch). Einen wirklich kr\u00e4ftigen Ansto\u00df in diese Richtung gab mir damals die Literatur von Thorwald Dethlefsen und R\u00fcdiger Dahlke (s. a. <a href=\"http:\/\/www.allesisteins.com\/?page_id=72\">Literaturempfehlungen<\/a>). Das war wie Dynamit. \ud83d\ude09<\/p>\n<p>Tja, dies alles nahm nat\u00fcrlich nicht nur sehr viel Zeit in Anspruch, sondern es ver\u00e4nderte auch mein Leben bzw. meine Einstellung zum Leben. Ich wollte somit auch nicht mehr \u201enur funktionieren\u201c. Ich merkte, dass das Leben mehr zu bieten hat. Das Interesse an meiner Arbeit wurde nat\u00fcrlich immer geringer. Mein Gef\u00fchl sagte mir aber, dass ich jetzt auf dem richtigen Weg bin. Nun gut \u2013 was tun? Ich wollte mein Leben \u00e4ndern!<\/p>\n<p>Einige Tage sp\u00e4ter, als ich so die Zeitung durchbl\u00e4tterte, sah ich auf einmal ein Inserat \u2013 \u201eAusbildung zum Heilpraktiker &amp; Psychotherapeuten\u201c. Da wusste ich \u2013 ja, das ist es!<\/p>\n<p>Zun\u00e4chst nahm ich allerdings noch abends an der Heilpraktiker-Ausbildung teil. Ende 1991 k\u00fcndigte ich dann meine Arbeitsstelle und wechselte zur Tagesschulung (abends daf\u00fcr jetzt noch Psychotherapie, incl. Pr\u00fcfung). 1995 legte ich dann meine Pr\u00fcfung am Gesundheitsamt in M\u00fcnchen ab. Weiters absolvierte ich dann noch eine 1-j\u00e4hrige Ausbildung (in Gauting) in klassischer Hom\u00f6opathie.<\/p>\n<p>Nun, so verschieden und bunt das Leben auch ist, so ist meiner Meinung nach das Wichtigste, dass jeder Mensch sein Wesen und seine Talente erkennt und diese auch lebt. Tut er dies nicht und lebt wider seine Natur, dann wird er (fr\u00fcher oder sp\u00e4ter) krank. Gut, daneben gibt es nat\u00fcrlich auch noch psychische (z.B. Stress) und physische (z.B. Umweltgifte &amp; ungesunde Ern\u00e4hrung) Einflussfaktoren, aber auch da kann jeder viel f\u00fcr sich tun bzw. ver\u00e4ndern.<\/p>\n<p>Alles Liebe<\/p>\n<h5>Michael Rosenauer<\/h5>\n<p>Freigeist &amp; Querdenker \u2013<\/p>\n<p>Lass Dich nicht von den Medien, Politik &amp; Konzernen manipulieren oder sonst wen in die Irre f\u00fchren. Sei <strong>Du<\/strong> der Lenker <strong>Deines<\/strong> Lebens!<br \/>\nMache Dir eigene Gedanken, treffe f\u00fcr Dich Entscheidungen und <strong>glaube an Dich<\/strong>. Dir steht jede Kraft &amp; Macht wie jedem anderen zur Verf\u00fcgung!<br \/>\nHandle aber mit Gemeinschaftssinn, denn Du bist mit <strong>allem<\/strong> verbunden. Wir alle sind Eins \u2013 Alles ist Eins!<\/p>\n<p><a href=\"http:\/\/www.allesisteins.com\/?page_id=11#top\">Nach oben<\/a><\/p>\n","protected":false},"excerpt":{"rendered":"<p>Servus und Hallo, oder wie man in Bayern sagt. \ud83d\ude09 Ich bin 1961 in Linz \/ \u00d6sterreich im Sternzeichen der Fische geboren. Meine Kindheit und Jugendzeit verbrachte ich gro\u00dfteils in der Stadt, aber auch am Land. Nach meiner 3 \u00bd j\u00e4hrigen Ausbildung als Chemielaborant ging ich 1981 nach M\u00fcnchen und arbeitete da auch als solcher. [&hellip;]<\/p>\n","protected":false},"author":1,"featured_media":0,"parent":0,"menu_order":4,"comment_status":"closed","ping_status":"open","template":"","meta":{"site-sidebar-layout":"default","site-content-layout":"","ast-site-content-layout":"default","site-content-style":"default","site-sidebar-style":"default","ast-global-header-display":"","ast-banner-title-visibility":"","ast-main-header-display":"","ast-hfb-above-header-display":"","ast-hfb-below-header-display":"","ast-hfb-mobile-header-display":"","site-post-title":"","ast-breadcrumbs-content":"","ast-featured-img":"","footer-sml-layout":"","ast-disable-related-posts":"","theme-transparent-header-meta":"","adv-header-id-meta":"","stick-header-meta":"","header-above-stick-meta":"","header-main-stick-meta":"","header-below-stick-meta":"","astra-migrate-meta-layouts":"default","ast-page-background-enabled":"default","ast-page-background-meta":{"desktop":{"background-color":"var(--ast-global-color-4)","background-image":"","background-repeat":"repeat","background-position":"center center","background-size":"auto","background-attachment":"scroll","background-type":"","background-media":"","overlay-type":"","overlay-color":"","overlay-opacity":"","overlay-gradient":""},"tablet":{"background-color":"","background-image":"","background-repeat":"repeat","background-position":"center center","background-size":"auto","background-attachment":"scroll","background-type":"","background-media":"","overlay-type":"","overlay-color":"","overlay-opacity":"","overlay-gradient":""},"mobile":{"background-color":"","background-image":"","background-repeat":"repeat","background-position":"center center","background-size":"auto","background-attachment":"scroll","background-type":"","background-media":"","overlay-type":"","overlay-color":"","overlay-opacity":"","overlay-gradient":""}},"ast-content-background-meta":{"desktop":{"background-color":"var(--ast-global-color-5)","background-image":"","background-repeat":"repeat","background-position":"center center","background-size":"auto","background-attachment":"scroll","background-type":"","background-media":"","overlay-type":"","overlay-color":"","overlay-opacity":"","overlay-gradient":""},"tablet":{"background-color":"var(--ast-global-color-5)","background-image":"","background-repeat":"repeat","background-position":"center center","background-size":"auto","background-attachment":"scroll","background-type":"","background-media":"","overlay-type":"","overlay-color":"","overlay-opacity":"","overlay-gradient":""},"mobile":{"background-color":"var(--ast-global-color-5)","background-image":"","background-repeat":"repeat","background-position":"center center","background-size":"auto","background-attachment":"scroll","background-type":"","background-media":"","overlay-type":"","overlay-color":"","overlay-opacity":"","overlay-gradient":""}},"footnotes":""},"class_list":["post-11","page","type-page","status-publish","hentry"],"_links":{"self":[{"href":"https:\/\/www.allesisteins.com\/index.php?rest_route=\/wp\/v2\/pages\/11","targetHints":{"allow":["GET"]}}],"collection":[{"href":"https:\/\/www.allesisteins.com\/index.php?rest_route=\/wp\/v2\/pages"}],"about":[{"href":"https:\/\/www.allesisteins.com\/index.php?rest_route=\/wp\/v2\/types\/page"}],"author":[{"embeddable":true,"href":"https:\/\/www.allesisteins.com\/index.php?rest_route=\/wp\/v2\/users\/1"}],"replies":[{"embeddable":true,"href":"https:\/\/www.allesisteins.com\/index.php?rest_route=%2Fwp%2Fv2%2Fcomments&post=11"}],"version-history":[{"count":0,"href":"https:\/\/www.allesisteins.com\/index.php?rest_route=\/wp\/v2\/pages\/11\/revisions"}],"wp:attachment":[{"href":"https:\/\/www.allesisteins.com\/index.php?rest_route=%2Fwp%2Fv2%2Fmedia&parent=11"}],"curies":[{"name":"wp","href":"https:\/\/api.w.org\/{rel}","templated":true}]}}