{"id":102,"date":"2024-01-14T14:00:49","date_gmt":"2024-01-14T14:00:49","guid":{"rendered":"http:\/\/www.allesisteins.com\/?page_id=102"},"modified":"2024-01-14T14:00:33","modified_gmt":"2024-01-14T14:00:33","slug":"praxis","status":"publish","type":"page","link":"https:\/\/www.allesisteins.com\/?page_id=102","title":{"rendered":"Praxis"},"content":{"rendered":"<p style=\"text-align: center;\"><em>\u201eHeilung ist das Umarmen dessen, was man am meisten f\u00fcrchtet. Heilung ist das \u00d6ffnen dessen, was verschlossen war; das Weichwerden dessen, was zur Blockade verh\u00e4rtete. Heilung besteht darin, zu lernen, dem Leben zu vertrauen.\u201c<\/em><\/p>\n<p>(Jeanne Achterberg)<\/p>\n<p>Meine Heilpraktikererlaubnis erhielt ich 1995 vom Gesundheitsamt M\u00fcnchen. Ebenso habe ich eine 2-j\u00e4hrige Ausbildung im Bereich der Psychotherapie (Paracelsus-Schule) und eine 1-j\u00e4hrige Ausbildung in klassischer Hom\u00f6opathie (Gauting bei M\u00fcnchen) absolviert. Lebe mittlerweile aber in Spanien in der N\u00e4he von Malaga (Andalusien).<\/p>\n<p>Weitere Aus- &amp; Fortbildungsma\u00dfnahmen in den vergangen Jahren waren im Bereich der:<\/p>\n<ul>\n<li>klassischen Hom\u00f6opathie,<\/li>\n<li>katathymes Bilderleben, Imaginationen, Phantasiereisen,<\/li>\n<li>Reinkarnationstherapie \/ R\u00fcckf\u00fchrungen (eigene Therapie),<\/li>\n<li>Atemtraining (Bewusstes Atmen, Heilatmen),<\/li>\n<li>Ern\u00e4hrungsberatung und<\/li>\n<li>Reiki<\/li>\n<\/ul>\n<p>Mein derzeitiger Schwerpunkt ist die \u201e<a href=\"http:\/\/de.wikipedia.org\/wiki\/Katathymes_Bilderleben\">Katathym Imaginative Psychotherapie<\/a>\u201c (KIP), \u201eKatathymes Bilderleben\u201c (KB), Tagtraumarbeit oder auch Symboldrama genannt. Es ist ein Teilgebiet der Psychotherapie. Die therapeutische Praxis beruht auf der Anregung zu bildlichen Vorstellungen (Imaginationen), f\u00fcr die eine Reihe von Motiven, z. B. Blume, Haus, Weg, Berg, Baum usw. zur Verf\u00fcgung stehen. Es ist \u00e4hnlich wie bei Phantasiereisen. Die Arbeit mit diesen oder \u00e4hnlichen Bildern bzw. Motiven erlauben einen tieferen Einblick in die Struktur der Psyche bzw. in die Problematik<sup>1<\/sup> desjenigen (z.B. bei \u00c4ngsten, Schlafst\u00f6rungen, innere Unruhe etc.). Es k\u00f6nnen somit \u201everdr\u00e4ngte\u201c Erlebnisse \/ Blockaden wieder hoch geholt und bearbeitet werden. Dies ist eine sehr effektive Methode, da die <strong>inneren Bilder<\/strong> und die <strong>damit verbundenen Emotionen unverf\u00e4lscht<\/strong> erlebt werden. Es bleibt somit auch kaum Platz f\u00fcr (Fehl)Interpretationen (s. a. <a href=\"http:\/\/www.therapeuten.de\/therapien\/katathymes_bilderleben.htm\">hier<\/a>). So eine \u201eSchau in sich selbst\u201c (u. a. Imaginationen, Phantasiereisen, R\u00fcckf\u00fchrungen) kann nat\u00fcrlich auch f\u00fcr \u201eakute\u201c Situationen (z. B. Berufsfindung \/-wechsel, kleiner Partnerschaftskonflikt udgl.) genutzt werden. Einzelsitzungen (ca. 1 1\/2 Stunden) sind daher auch m\u00f6glich.<\/p>\n<p>Erg\u00e4nzend zur Therapie<sup>2<\/sup> \/ \u201ePsychologischen Beratung\u201c biete ich auch das Arbeiten mit (unbewussten) Glaubenss\u00e4tzen (Mustern) an. Diese, doch meist sehr hartn\u00e4ckigen (z. B. durch die Erziehung erlernten \/ antrainierten) Muster, lassen uns oft wenig Spielraum f\u00fcr neue oder andere Erfahrungen \u2013 denn: <strong>man<\/strong> macht, <strong>man<\/strong> soll, (Gro\u00df)Vater \/ (Gro\u00df)Mutter haben das auch schon so &#8230; , usw. Ebenso k\u00f6nnen auch die Selbstbelohungen (z. B. St\u00fcck Schokolade, Stamperl Schnaps &#8230;) sehr heimt\u00fcckisch wirken. All diese \u201eMuster\u201c leben n\u00e4mlich auch ohne den \u201ePr\u00e4ger \/ Trainer\u201c unbewusst in uns weiter.<\/p>\n<p>Eine hom\u00f6opathische Behandlung (klassische Hom\u00f6opathie) dauert in der Regel zw. 1 \u2013 2 Stunden (Erstanamnese). Folgesitzungen, je nach Fall zw.\u00a01\/2 \u2013 1 Std.<\/p>\n<p>Ein\u00a0weiteres wichtiges Thema das ich anbiete, ist eine Ern\u00e4hrungsberatung. Da heute immer mehr Fertigprodukte (auch Bio-)\u00a0das \u201eLabor\u201c verlassen, wird unser K\u00f6rper immer mehr mit k\u00fcnstlichen \u201eF\u00fcllstoffen\u201c (wie z. B. in Light-Produkten, s. a. \u201e<a href=\"http:\/\/www.allesisteins.com\/?page_id=107\">Gesundheitstipps<\/a>\u201c) belastet, die sich nat\u00fcrlich auch blockierend auf unseren gesamten Organismus auswirken.<\/p>\n<p>Einen Termin k\u00f6nnen Sie gerne telefonisch oder aber auch per E-Mail vereinbaren. Entsprechende Kontakt-Informationen finden sie unter dem Men\u00fcpunkt \u201e<a href=\"http:\/\/www.allesisteins.com\/?page_id=13\">Kontakt<\/a>\u201c.<\/p>\n<p><strong><span style=\"text-decoration: underline;\">Honorar:<\/span> 70\u20ac \/ Std.<\/strong><\/p>\n<p><strong>F\u00fcr eine Erstattung der Kosten fragen Sie bitte bei Ihrer Krankenkasse nach.<\/strong> M\u00f6glich, dass mit einer Zusatzversicherung bei den Gesetzlichen-KK die Beratungs-\/Behandlungskosten \u00fcbernommen werden. Bei den Privat-KK ist eine \u00dcbernahme sehr wahrscheinlich, zumindest einen Teil. Dies h\u00e4ngt jedoch von Ihrem Vertrag ab (z. B. Hom\u00f6opathie). Falls Sie noch Fragen dazu haben, k\u00f6nnen Sie mich gerne anrufen (auch f\u00fcr finanziell \u201eschw\u00e4cher Gestellte\u201c l\u00e4sst sich bestimmt ein Weg finden).<\/p>\n<p>1. Hier sind nicht nur \u201epsychische Leiden\u201d gemeint, sondern auch k\u00f6rperliche Beschwerden: wie z. B. Verdauungs-, Unterleibs-, R\u00fccken-\u00a0oder Gelenksprobleme, Kopfschmerzen usw.\u00a0(s. a. Thorwald Dethlefsen\u00a0\u2013 Krankheit als Weg oder Dr. R\u00fcdiger Dahlke \u2013 Krankheit als Sprache der Seele).<\/p>\n<p>2. Ein <strong>Atemtraining<\/strong> (Bewusstes Atmen bzw. Heilatmen)\u00a0oder\u00a0<strong>Reiki<\/strong>\u00a0kann bei Bedarf auch <strong>begleitend<\/strong> integriert werden.<\/p>\n<p>Alles Liebe<\/p>\n<h5>Michael Rosenauer<\/h5>\n<figure id=\"attachment_2151\" aria-describedby=\"caption-attachment-2151\" style=\"width: 190px\" class=\"wp-caption alignleft\"><img loading=\"lazy\" decoding=\"async\" class=\"size-thumbnail wp-image-2151\" title=\"Zertifikat f. Psychotherapie\" src=\"http:\/\/www.allesisteins.com\/wp-content\/uploads\/2012\/12\/Psychotherapie-190x250.jpg\" alt=\"Psychotherapie\" width=\"190\" height=\"250\" \/><figcaption id=\"caption-attachment-2151\" class=\"wp-caption-text\">Zertifikat &#8211; klein<\/figcaption><\/figure>\n<p><a href=\"http:\/\/www.allesisteins.com\/wp-content\/uploads\/2012\/12\/Psychotherapie-848x1200.jpg\">Zertifikat &#8211; gro\u00df<\/a><\/p>\n<p><a href=\"http:\/\/www.allesisteins.com\/?page_id=102#top\">Nach oben<\/a><\/p>\n","protected":false},"excerpt":{"rendered":"<p>\u201eHeilung ist das Umarmen dessen, was man am meisten f\u00fcrchtet. Heilung ist das \u00d6ffnen dessen, was verschlossen war; das Weichwerden dessen, was zur Blockade verh\u00e4rtete. Heilung besteht darin, zu lernen, dem Leben zu vertrauen.\u201c (Jeanne Achterberg) Meine Heilpraktikererlaubnis erhielt ich 1995 vom Gesundheitsamt M\u00fcnchen. Ebenso habe ich eine 2-j\u00e4hrige Ausbildung im Bereich der Psychotherapie (Paracelsus-Schule) [&hellip;]<\/p>\n","protected":false},"author":1,"featured_media":0,"parent":0,"menu_order":2,"comment_status":"closed","ping_status":"open","template":"","meta":{"site-sidebar-layout":"right-sidebar","site-content-layout":"","ast-site-content-layout":"default","site-content-style":"default","site-sidebar-style":"boxed","ast-global-header-display":"","ast-banner-title-visibility":"","ast-main-header-display":"","ast-hfb-above-header-display":"","ast-hfb-below-header-display":"","ast-hfb-mobile-header-display":"","site-post-title":"","ast-breadcrumbs-content":"","ast-featured-img":"","footer-sml-layout":"","ast-disable-related-posts":"","theme-transparent-header-meta":"default","adv-header-id-meta":"","stick-header-meta":"","header-above-stick-meta":"","header-main-stick-meta":"","header-below-stick-meta":"","astra-migrate-meta-layouts":"set","ast-page-background-enabled":"default","ast-page-background-meta":{"desktop":{"background-color":"var(--ast-global-color-4)","background-image":"","background-repeat":"repeat","background-position":"center center","background-size":"auto","background-attachment":"scroll","background-type":"","background-media":"","overlay-type":"","overlay-color":"","overlay-opacity":"","overlay-gradient":""},"tablet":{"background-color":"","background-image":"","background-repeat":"repeat","background-position":"center center","background-size":"auto","background-attachment":"scroll","background-type":"","background-media":"","overlay-type":"","overlay-color":"","overlay-opacity":"","overlay-gradient":""},"mobile":{"background-color":"","background-image":"","background-repeat":"repeat","background-position":"center center","background-size":"auto","background-attachment":"scroll","background-type":"","background-media":"","overlay-type":"","overlay-color":"","overlay-opacity":"","overlay-gradient":""}},"ast-content-background-meta":{"desktop":{"background-color":"var(--ast-global-color-5)","background-image":"","background-repeat":"repeat","background-position":"center center","background-size":"auto","background-attachment":"scroll","background-type":"","background-media":"","overlay-type":"","overlay-color":"","overlay-opacity":"","overlay-gradient":""},"tablet":{"background-color":"var(--ast-global-color-5)","background-image":"","background-repeat":"repeat","background-position":"center center","background-size":"auto","background-attachment":"scroll","background-type":"","background-media":"","overlay-type":"","overlay-color":"","overlay-opacity":"","overlay-gradient":""},"mobile":{"background-color":"var(--ast-global-color-5)","background-image":"","background-repeat":"repeat","background-position":"center center","background-size":"auto","background-attachment":"scroll","background-type":"","background-media":"","overlay-type":"","overlay-color":"","overlay-opacity":"","overlay-gradient":""}},"footnotes":""},"class_list":["post-102","page","type-page","status-publish","hentry"],"_links":{"self":[{"href":"https:\/\/www.allesisteins.com\/index.php?rest_route=\/wp\/v2\/pages\/102","targetHints":{"allow":["GET"]}}],"collection":[{"href":"https:\/\/www.allesisteins.com\/index.php?rest_route=\/wp\/v2\/pages"}],"about":[{"href":"https:\/\/www.allesisteins.com\/index.php?rest_route=\/wp\/v2\/types\/page"}],"author":[{"embeddable":true,"href":"https:\/\/www.allesisteins.com\/index.php?rest_route=\/wp\/v2\/users\/1"}],"replies":[{"embeddable":true,"href":"https:\/\/www.allesisteins.com\/index.php?rest_route=%2Fwp%2Fv2%2Fcomments&post=102"}],"version-history":[{"count":0,"href":"https:\/\/www.allesisteins.com\/index.php?rest_route=\/wp\/v2\/pages\/102\/revisions"}],"wp:attachment":[{"href":"https:\/\/www.allesisteins.com\/index.php?rest_route=%2Fwp%2Fv2%2Fmedia&parent=102"}],"curies":[{"name":"wp","href":"https:\/\/api.w.org\/{rel}","templated":true}]}}